{"id":15611,"date":"2021-02-01T15:56:14","date_gmt":"2021-02-01T14:56:14","guid":{"rendered":"https:\/\/capsinol.com\/laufende-nase\/"},"modified":"2022-11-25T11:49:47","modified_gmt":"2022-11-25T10:49:47","slug":"laufende-nase","status":"publish","type":"page","link":"https:\/\/capsinol.com\/de\/laufende-nase\/","title":{"rendered":"Laufende Nase"},"content":{"rendered":"<p>[et_pb_section fb_built=&#8221;1&#8243; _builder_version=&#8221;4.16&#8243; _module_preset=&#8221;default&#8221; global_colors_info=&#8221;{}&#8221;][et_pb_row _builder_version=&#8221;4.16&#8243; _module_preset=&#8221;default&#8221; global_colors_info=&#8221;{}&#8221;][et_pb_column type=&#8221;4_4&#8243; _builder_version=&#8221;4.16&#8243; _module_preset=&#8221;default&#8221; global_colors_info=&#8221;{}&#8221;][et_pb_text _builder_version=&#8221;4.18.0&#8243; _module_preset=&#8221;default&#8221; header_font_size=&#8221;45px&#8221; hover_enabled=&#8221;0&#8243; global_colors_info=&#8221;{}&#8221; header_font=&#8221;|600|||||||&#8221; sticky_enabled=&#8221;0&#8243;]<\/p>\n<h1>Laufende Nase<\/h1>\n<p>&nbsp;<\/p>\n<h2><strong>Was ist eine laufende Nase?<\/strong><\/h2>\n<p>Eine laufende Nase ist besonders \u00e4rgerlich. Jeder musste sich damit auseinandersetzen. Die Nase tropft ununterbrochen und deshalb m\u00fcssen Sie sich jedes Mal die Nase putzen. Auf der Innenseite der Nase befindet sich eine Schleimhautschicht, die mit feinen Haaren bedeckt ist. Die Haare filtern die Luft, die wir atmen. Die Nasenschleimh\u00e4ute produzieren immer eine kleine Menge Feuchtigkeit, aber sind sie entz\u00fcndet oder gereizt? Dann produziert die Schleimhaut mehr Feuchtigkeit als gew\u00f6hnlich. Diese Feuchtigkeit, eine leichte und tr\u00fcbe Entladung, flie\u00dft dann aus der Nase. Mit einer laufenden Nase als Ergebnis.<\/p>\n<h2><strong>Wie entwickelt sich eine laufende Nase? <\/strong><\/h2>\n<p>Eine laufende Nase kann durch viele verschiedene Ursachen verursacht werden. Hier geben wir eine Liste von Ursachen, \u00fcber die Sie nachdenken k\u00f6nnen.<\/p>\n<ul>\n<li>Erk\u00e4ltung: d\u00fcnne, rotzige Nase und \/ oder Niesen<\/li>\n<li>Allergie: Zum Beispiel durch Haustiere, Hausstaubmilben oder Nahrungsmittelallergien<\/li>\n<li>\u00dcberempfindlichkeit gegen Staub: Nasenschleimh\u00e4ute sind besonders empfindlich gegen Staub in der Luft.<\/li>\n<li>Temperatur\u00e4nderung: von warmer zu kalter Luft.<\/li>\n<li>Bewegung und Sport: Durch Anstrengung arbeitet die Nase h\u00e4rter.<\/li>\n<li>Alter: Die Schleimh\u00e4ute werden por\u00f6ser und geben mehr Feuchtigkeit an die Nase ab.<\/li>\n<\/ul>\n<p>Was auch immer die Ursache ist, die Nase ist gereizt. Dadurch schwellen die Nasenschleimh\u00e4ute an und es entsteht mehr Feuchtigkeit. Diese Feuchtigkeit l\u00e4uft aus der Nase; Dadurch entsteht eine laufende Nase.<\/p>\n<h2><strong>Chronisch laufende Nase<\/strong><\/h2>\n<p>Es gibt auch Menschen, die an einer chronisch laufenden Nase (vasomotorische Rhinitis) leiden. Es kommt dann zu einer St\u00f6rung der Nasenschleimh\u00e4ute. Dies ist h\u00e4ufig auf eine \u00dcberempfindlichkeit gegen eine bestimmte Substanz zur\u00fcckzuf\u00fchren, z. B. auf eine Allergie oder zuf\u00e4llige Staubpartikel in der Luft.<\/p>\n<p>Viele \u00e4ltere Menschen k\u00f6nnen auch an einer laufenden Nase leiden. Wenn wir \u00e4lter werden, funktionieren bestimmte Prozesse im K\u00f6rper weniger gut. Zum Beispiel kann die Gef\u00e4\u00dfspannung der Blutgef\u00e4\u00dfe in der Nase verringert werden, was die Wahrscheinlichkeit einer Reizung erh\u00f6ht. Die Blutgef\u00e4\u00dfe k\u00f6nnen auch etwas por\u00f6s werden. Dadurch wird Feuchtigkeit freigesetzt, die aus der Nase tropft. Dies kann zu einer chronisch laufenden Nase f\u00fchren.<\/p>\n<h2><strong>Was tun gegen eine laufende Nase?<\/strong><\/h2>\n<p>Die kleinen, kurzlebigen laufenden Nasen l\u00f6sen sich schnell von selbst auf. Zum Beispiel, wenn Sie aufh\u00f6ren zu trainieren oder zur Hitze zur\u00fcckkehren. Nach einer halben Stunde verschwinden die Beschwerden normalerweise.<\/p>\n<p>Aber was ist, wenn es l\u00e4nger dauert? Eine laufende Nase ist sehr nervig und jeder m\u00f6chte sie so schnell wie m\u00f6glich loswerden. Wir geben ein paar Tipps:<\/p>\n<ul>\n<li>Putzen Sie Ihre Nase sanft, wenn Sie eine laufende Nase haben. Dadurch werden die Bakterien freigesetzt und Sie k\u00f6nnen wieder richtig durch die Nase atmen.<\/li>\n<li>Putzen Sie die Nase nicht zu oft<\/li>\n<li>Schnauze mit einem weichen Taschentuch, um Reizungen der Nase zu vermeiden<\/li>\n<li>Trinken Sie insbesondere viel Fl\u00fcssigkeit wie Wasser, Kr\u00e4utertee oder Fruchtsaft. Dies hilft, \u00fcbersch\u00fcssige Feuchtigkeit aus der Nase zu entfernen.<\/li>\n<li>\u00dcberspringen Sie koffeinhaltige Getr\u00e4nke. Dies kann dazu f\u00fchren, dass die Nase zus\u00e4tzlich verstopft wird.<\/li>\n<\/ul>\n<p><span style=\"font-weight: 400;\">Wussten Sie, dass Tausende von Menschen bereits vor Ihnen auf \u00e4hnliche Probleme gesto\u00dfen sind? Und wussten Sie, dass ihnen durch die Verwendung von Capsinol geholfen wurde.<\/span><\/p>\n<p><span style=\"font-weight: 400;\">Capsinol stellt die Nasenschleimhaut wieder her und l\u00e4sst Sie wieder frei atmen. <\/span><\/p>\n<h2><\/h2>\n<h2><strong>Was ist Capsinol?<\/strong><\/h2>\n<p><span style=\"font-weight: 400;\">Capsinol Original Formel ist ein 100 % nat\u00fcrliches Nasenspray, das Ihre Nasenschleimhaut repariert und Ihrer Nase hilft, bakterielle Infektionen zu verhindern. Die beiden Hauptsubstanzen sind Capsaicin und Xylit. <\/span><\/p>\n<h2><strong>Drei Varianten<\/strong><\/h2>\n<p><span style=\"font-weight: 400;\">Es gibt drei Varianten, diese unterscheiden sich in St\u00e4rke und Menge an Capsaicin <\/span><\/p>\n<h2><strong>Warum funktioniert es <\/strong><\/h2>\n<p><span style=\"font-weight: 400;\">Wenn Sie Capsinol zum ersten Mal verwenden, werden Sie ein stechendes Gef\u00fchl in der Nase versp\u00fcren. Dies liegt an dem Capsaicin, das die Nasenschleimhaut stimuliert. <\/span><\/p>\n<p><span style=\"font-weight: 400;\">Die Nase \u00f6ffnet sich innerhalb von Minuten nach der Anwendung. Da die Nasenschleimhaut stark stimuliert wird, erholt sie sich auf nat\u00fcrliche Weise. Sie werden feststellen, dass Sie immer weniger Nasenspray ben\u00f6tigen, um die Nase offen zu halten. <\/span><\/p>\n<p><span style=\"font-weight: 400;\">Nach mehrmaliger Anwendung werden Sie sich an das durch das Capsaicin verursachte Kribbeln gew\u00f6hnen und es wird Ihnen wirklich gefallen. <\/span><\/p>\n<p><span style=\"font-weight: 400;\">Das Xylit sch\u00fctzt Ihre Nase vor \u00e4u\u00dferen bakteriellen Gefahren. Genau wie Sie es von Xylit in Kaugummi kennen, das Sie vor Bakterien sch\u00fctzt, die schlie\u00dflich Karies verursachen. Xylit sch\u00fctzt Sie also vor Bakterien. Dies verringert das Risiko von Ohrenentz\u00fcndungen und Entz\u00fcndungen in den Nebenh\u00f6hlen.<\/span><\/p>\n<p><span style=\"font-weight: 400;\">Die Wahrscheinlichkeit von Ohrenentz\u00fcndungen steigt, je mehr sch\u00e4dliche Bakterien in der Nase leben, da die Geh\u00f6rg\u00e4nge mit der Nase und der Mundh\u00f6hle verbunden sind. Untersuchungen haben gezeigt, dass Xylit das Risiko und die Schwere von Ohrinfektionen um 40% reduzieren kann.<\/span><\/p>\n<p><span style=\"font-weight: 400;\">Ein ges\u00fcnderer Nasengang verbessert auch die Gesundheit der Nebenh\u00f6hlen und Nebenh\u00f6hlen. Mit anderen Worten, Xylitol hilft, die Nebenh\u00f6hlen frei zu halten und verringert das Risiko von Hefepilzinfektionen (Candida Albicans). Aufgrund dieser Wirkung wird Menschen mit chronischen Nasennebenh\u00f6hlenentz\u00fcndungen heutzutage die Verwendung eines Nasensprays auf Xylit-Basis empfohlen.<\/span><\/p>\n<p>[\/et_pb_text][\/et_pb_column][\/et_pb_row][\/et_pb_section]<\/p>\n","protected":false},"excerpt":{"rendered":"<p>Laufende Nase &nbsp; Was ist eine laufende Nase? Eine laufende Nase ist besonders \u00e4rgerlich. Jeder musste sich damit auseinandersetzen. Die Nase tropft ununterbrochen und deshalb m\u00fcssen Sie sich jedes Mal die Nase putzen. Auf der Innenseite der Nase befindet sich eine Schleimhautschicht, die mit feinen Haaren bedeckt ist. Die Haare filtern die Luft, die wir [&hellip;]<\/p>\n","protected":false},"author":5,"featured_media":0,"parent":0,"menu_order":0,"comment_status":"closed","ping_status":"closed","template":"","meta":{"_acf_changed":false,"_et_pb_use_builder":"on","_et_pb_old_content":"","_et_gb_content_width":"","footnotes":""},"class_list":["post-15611","page","type-page","status-publish","hentry"],"acf":[],"yoast_head":"<!-- This site is optimized with the Yoast SEO plugin v27.4 - https:\/\/yoast.com\/product\/yoast-seo-wordpress\/ -->\n<title>Laufende Nase - Capsinol Nasenspray<\/title>\n<meta name=\"description\" content=\"Eine laufende Nase stoppen; Wie machst du das? Wir geben ein paar Tipps. F\u00fcr eine chronisch laufende Nase kann Capsinol Nasenspray eine gute L\u00f6sung bieten.\" \/>\n<meta name=\"robots\" content=\"index, follow, max-snippet:-1, max-image-preview:large, max-video-preview:-1\" \/>\n<link rel=\"canonical\" href=\"https:\/\/capsinol.com\/de\/laufende-nase\/\" \/>\n<meta property=\"og:locale\" content=\"de_DE\" \/>\n<meta property=\"og:type\" content=\"article\" \/>\n<meta property=\"og:title\" content=\"Laufende Nase - Capsinol Nasenspray\" \/>\n<meta property=\"og:description\" content=\"Eine laufende Nase stoppen; Wie machst du das? Wir geben ein paar Tipps. F\u00fcr eine chronisch laufende Nase kann Capsinol Nasenspray eine gute L\u00f6sung bieten.\" \/>\n<meta property=\"og:url\" content=\"https:\/\/capsinol.com\/de\/laufende-nase\/\" \/>\n<meta property=\"og:site_name\" content=\"Capsinol Nasenspray\" \/>\n<meta property=\"article:publisher\" content=\"https:\/\/www.facebook.com\/capsinol\" \/>\n<meta property=\"article:modified_time\" content=\"2022-11-25T10:49:47+00:00\" \/>\n<meta property=\"og:image\" content=\"https:\/\/capsinol.com\/wp-content\/uploads\/2016\/07\/1703-leaderboard-website-lente.jpg\" \/>\n\t<meta property=\"og:image:width\" content=\"1024\" \/>\n\t<meta property=\"og:image:height\" content=\"372\" \/>\n\t<meta property=\"og:image:type\" content=\"image\/jpeg\" \/>\n<meta name=\"twitter:card\" content=\"summary_large_image\" \/>\n<meta name=\"twitter:label1\" content=\"Est. reading time\" \/>\n\t<meta name=\"twitter:data1\" content=\"4 minutes\" \/>\n<script type=\"application\/ld+json\" class=\"yoast-schema-graph\">{\"@context\":\"https:\\\/\\\/schema.org\",\"@graph\":[{\"@type\":\"WebPage\",\"@id\":\"https:\\\/\\\/capsinol.com\\\/de\\\/laufende-nase\\\/\",\"url\":\"https:\\\/\\\/capsinol.com\\\/de\\\/laufende-nase\\\/\",\"name\":\"Laufende Nase - Capsinol Nasenspray\",\"isPartOf\":{\"@id\":\"https:\\\/\\\/capsinol.com\\\/de\\\/#website\"},\"datePublished\":\"2021-02-01T14:56:14+00:00\",\"dateModified\":\"2022-11-25T10:49:47+00:00\",\"description\":\"Eine laufende Nase stoppen; Wie machst du das? Wir geben ein paar Tipps. F\u00fcr eine chronisch laufende Nase kann Capsinol Nasenspray eine gute L\u00f6sung bieten.\",\"breadcrumb\":{\"@id\":\"https:\\\/\\\/capsinol.com\\\/de\\\/laufende-nase\\\/#breadcrumb\"},\"inLanguage\":\"de-DE\",\"potentialAction\":[{\"@type\":\"ReadAction\",\"target\":[\"https:\\\/\\\/capsinol.com\\\/de\\\/laufende-nase\\\/\"]}]},{\"@type\":\"BreadcrumbList\",\"@id\":\"https:\\\/\\\/capsinol.com\\\/de\\\/laufende-nase\\\/#breadcrumb\",\"itemListElement\":[{\"@type\":\"ListItem\",\"position\":1,\"name\":\"Home\",\"item\":\"https:\\\/\\\/capsinol.com\\\/de\\\/\"},{\"@type\":\"ListItem\",\"position\":2,\"name\":\"Laufende Nase\"}]},{\"@type\":\"WebSite\",\"@id\":\"https:\\\/\\\/capsinol.com\\\/de\\\/#website\",\"url\":\"https:\\\/\\\/capsinol.com\\\/de\\\/\",\"name\":\"Capsinol neusspray\",\"description\":\"Natuurlijke neusspray\",\"publisher\":{\"@id\":\"https:\\\/\\\/capsinol.com\\\/de\\\/#organization\"},\"potentialAction\":[{\"@type\":\"SearchAction\",\"target\":{\"@type\":\"EntryPoint\",\"urlTemplate\":\"https:\\\/\\\/capsinol.com\\\/de\\\/?s={search_term_string}\"},\"query-input\":{\"@type\":\"PropertyValueSpecification\",\"valueRequired\":true,\"valueName\":\"search_term_string\"}}],\"inLanguage\":\"de-DE\"},{\"@type\":\"Organization\",\"@id\":\"https:\\\/\\\/capsinol.com\\\/de\\\/#organization\",\"name\":\"Capsinol\",\"url\":\"https:\\\/\\\/capsinol.com\\\/de\\\/\",\"logo\":{\"@type\":\"ImageObject\",\"inLanguage\":\"de-DE\",\"@id\":\"https:\\\/\\\/capsinol.com\\\/de\\\/#\\\/schema\\\/logo\\\/image\\\/\",\"url\":\"https:\\\/\\\/i0.wp.com\\\/capsinol.com\\\/wp-content\\\/uploads\\\/2016\\\/09\\\/cropped-logo-capsinol.png?fit=512%2C512&ssl=1\",\"contentUrl\":\"https:\\\/\\\/i0.wp.com\\\/capsinol.com\\\/wp-content\\\/uploads\\\/2016\\\/09\\\/cropped-logo-capsinol.png?fit=512%2C512&ssl=1\",\"width\":512,\"height\":512,\"caption\":\"Capsinol\"},\"image\":{\"@id\":\"https:\\\/\\\/capsinol.com\\\/de\\\/#\\\/schema\\\/logo\\\/image\\\/\"},\"sameAs\":[\"https:\\\/\\\/www.facebook.com\\\/capsinol\"]}]}<\/script>\n<!-- \/ Yoast SEO plugin. -->","yoast_head_json":{"title":"Laufende Nase - Capsinol Nasenspray","description":"Eine laufende Nase stoppen; Wie machst du das? Wir geben ein paar Tipps. F\u00fcr eine chronisch laufende Nase kann Capsinol Nasenspray eine gute L\u00f6sung bieten.","robots":{"index":"index","follow":"follow","max-snippet":"max-snippet:-1","max-image-preview":"max-image-preview:large","max-video-preview":"max-video-preview:-1"},"canonical":"https:\/\/capsinol.com\/de\/laufende-nase\/","og_locale":"de_DE","og_type":"article","og_title":"Laufende Nase - Capsinol Nasenspray","og_description":"Eine laufende Nase stoppen; Wie machst du das? Wir geben ein paar Tipps. F\u00fcr eine chronisch laufende Nase kann Capsinol Nasenspray eine gute L\u00f6sung bieten.","og_url":"https:\/\/capsinol.com\/de\/laufende-nase\/","og_site_name":"Capsinol Nasenspray","article_publisher":"https:\/\/www.facebook.com\/capsinol","article_modified_time":"2022-11-25T10:49:47+00:00","og_image":[{"width":1024,"height":372,"url":"https:\/\/capsinol.com\/wp-content\/uploads\/2016\/07\/1703-leaderboard-website-lente.jpg","type":"image\/jpeg"}],"twitter_card":"summary_large_image","twitter_misc":{"Est. reading time":"4 minutes"},"schema":{"@context":"https:\/\/schema.org","@graph":[{"@type":"WebPage","@id":"https:\/\/capsinol.com\/de\/laufende-nase\/","url":"https:\/\/capsinol.com\/de\/laufende-nase\/","name":"Laufende Nase - Capsinol Nasenspray","isPartOf":{"@id":"https:\/\/capsinol.com\/de\/#website"},"datePublished":"2021-02-01T14:56:14+00:00","dateModified":"2022-11-25T10:49:47+00:00","description":"Eine laufende Nase stoppen; Wie machst du das? Wir geben ein paar Tipps. F\u00fcr eine chronisch laufende Nase kann Capsinol Nasenspray eine gute L\u00f6sung bieten.","breadcrumb":{"@id":"https:\/\/capsinol.com\/de\/laufende-nase\/#breadcrumb"},"inLanguage":"de-DE","potentialAction":[{"@type":"ReadAction","target":["https:\/\/capsinol.com\/de\/laufende-nase\/"]}]},{"@type":"BreadcrumbList","@id":"https:\/\/capsinol.com\/de\/laufende-nase\/#breadcrumb","itemListElement":[{"@type":"ListItem","position":1,"name":"Home","item":"https:\/\/capsinol.com\/de\/"},{"@type":"ListItem","position":2,"name":"Laufende Nase"}]},{"@type":"WebSite","@id":"https:\/\/capsinol.com\/de\/#website","url":"https:\/\/capsinol.com\/de\/","name":"Capsinol neusspray","description":"Natuurlijke neusspray","publisher":{"@id":"https:\/\/capsinol.com\/de\/#organization"},"potentialAction":[{"@type":"SearchAction","target":{"@type":"EntryPoint","urlTemplate":"https:\/\/capsinol.com\/de\/?s={search_term_string}"},"query-input":{"@type":"PropertyValueSpecification","valueRequired":true,"valueName":"search_term_string"}}],"inLanguage":"de-DE"},{"@type":"Organization","@id":"https:\/\/capsinol.com\/de\/#organization","name":"Capsinol","url":"https:\/\/capsinol.com\/de\/","logo":{"@type":"ImageObject","inLanguage":"de-DE","@id":"https:\/\/capsinol.com\/de\/#\/schema\/logo\/image\/","url":"https:\/\/i0.wp.com\/capsinol.com\/wp-content\/uploads\/2016\/09\/cropped-logo-capsinol.png?fit=512%2C512&ssl=1","contentUrl":"https:\/\/i0.wp.com\/capsinol.com\/wp-content\/uploads\/2016\/09\/cropped-logo-capsinol.png?fit=512%2C512&ssl=1","width":512,"height":512,"caption":"Capsinol"},"image":{"@id":"https:\/\/capsinol.com\/de\/#\/schema\/logo\/image\/"},"sameAs":["https:\/\/www.facebook.com\/capsinol"]}]}},"_links":{"self":[{"href":"https:\/\/capsinol.com\/de\/wp-json\/wp\/v2\/pages\/15611","targetHints":{"allow":["GET"]}}],"collection":[{"href":"https:\/\/capsinol.com\/de\/wp-json\/wp\/v2\/pages"}],"about":[{"href":"https:\/\/capsinol.com\/de\/wp-json\/wp\/v2\/types\/page"}],"author":[{"embeddable":true,"href":"https:\/\/capsinol.com\/de\/wp-json\/wp\/v2\/users\/5"}],"replies":[{"embeddable":true,"href":"https:\/\/capsinol.com\/de\/wp-json\/wp\/v2\/comments?post=15611"}],"version-history":[{"count":13,"href":"https:\/\/capsinol.com\/de\/wp-json\/wp\/v2\/pages\/15611\/revisions"}],"predecessor-version":[{"id":40030,"href":"https:\/\/capsinol.com\/de\/wp-json\/wp\/v2\/pages\/15611\/revisions\/40030"}],"wp:attachment":[{"href":"https:\/\/capsinol.com\/de\/wp-json\/wp\/v2\/media?parent=15611"}],"curies":[{"name":"wp","href":"https:\/\/api.w.org\/{rel}","templated":true}]}}