{"id":15629,"date":"2021-02-01T16:00:17","date_gmt":"2021-02-01T15:00:17","guid":{"rendered":"https:\/\/capsinol.com\/verstopfte-nase-kalt\/"},"modified":"2023-09-15T09:14:36","modified_gmt":"2023-09-15T07:14:36","slug":"verstopfte-nase-kalt","status":"publish","type":"page","link":"https:\/\/capsinol.com\/de\/verstopfte-nase-kalt\/","title":{"rendered":"Verstopfte Nase (kalt)"},"content":{"rendered":"<p>[et_pb_section fb_built=&#8221;1&#8243; _builder_version=&#8221;4.16&#8243; _module_preset=&#8221;default&#8221; custom_margin=&#8221;||23px|||&#8221; custom_padding=&#8221;||0px|||&#8221; global_colors_info=&#8221;{}&#8221;][et_pb_row _builder_version=&#8221;4.21.0&#8243; _module_preset=&#8221;default&#8221; min_height=&#8221;1134px&#8221; custom_margin=&#8221;|auto|-4px|auto|false|false&#8221; custom_padding=&#8221;||0px|||&#8221; global_colors_info=&#8221;{}&#8221;][et_pb_column type=&#8221;4_4&#8243; _builder_version=&#8221;4.16&#8243; _module_preset=&#8221;default&#8221; global_colors_info=&#8221;{}&#8221;][et_pb_post_title meta=&#8221;off&#8221; featured_image=&#8221;off&#8221; _builder_version=&#8221;4.21.0&#8243; _module_preset=&#8221;default&#8221; title_font=&#8221;|600|||||||&#8221; custom_margin=&#8221;||14px|||&#8221; global_colors_info=&#8221;{}&#8221;][\/et_pb_post_title][et_pb_text _builder_version=&#8221;4.21.0&#8243; _module_preset=&#8221;default&#8221; custom_margin=&#8221;-10px|||||&#8221; global_colors_info=&#8221;{}&#8221;]<\/p>\n<h2>Finde Linderung mit Capsinol!<\/h2>\n<h1 style=\"background-color: #ffffff;\"><img loading=\"lazy\" decoding=\"async\" src=\"https:\/\/capsinol.com\/wp-content\/uploads\/2017\/01\/verstopte-neus-verkoudheid.jpg\" width=\"533\" height=\"355\" alt=\"L\u00f6sung verstopfte Nase kalt\" class=\"wp-image-2241 size-full\" style=\"font-size: 30px; float: right;\" srcset=\"https:\/\/capsinol.com\/wp-content\/uploads\/2017\/01\/verstopte-neus-verkoudheid.jpg 785w, https:\/\/capsinol.com\/wp-content\/uploads\/2017\/01\/verstopte-neus-verkoudheid-600x400.jpg 600w, https:\/\/capsinol.com\/wp-content\/uploads\/2017\/01\/verstopte-neus-verkoudheid-768x512.jpg 768w\" sizes=\"(max-width: 533px) 100vw, 533px\" \/><\/h1>\n<p>Jeder kennt das Gef\u00fchl einer verstopften Nase. Es kann gelegentlich auftreten oder sogar chronisch sein. Eine verstopfte Nase entsteht, wenn die Nasenschleimhaut anschwillt und zus\u00e4tzlicher Schleim produziert wird, wodurch die Nase verstopft wird.<\/p>\n<p>Es gibt verschiedene Ursachen f\u00fcr eine verstopfte Nase. Eine Erk\u00e4ltung ist der h\u00e4ufigste Grund. Wenn deine Nase mit Schleim gef\u00fcllt ist, sagst du oft, dass du erk\u00e4ltet bist Es gibt jedoch auch andere Ursachen wie Allergien, Heuschnupfen und eine \u00dcberempfindlichkeit der Schleimhaut.<\/p>\n<h2>Kurze Erk\u00e4ltung<\/h2>\n<p>Bei einer kurzzeitigen Erk\u00e4ltung geht Sie normalerweise von selbst vorbei und deine Nase wird wieder frei. Wenn du eine schnell Linderung suchts, kannst du einen Nasenspray auf Basis von Xylometazolin verwenden. Dies reduziert die Schwellung der Schleimhaut, wodurch du wieder leichter durch die Nase atmen kannst. Verwende dieses Nasenspray jedoch nicht l\u00e4nger als 5-7 Tage. Wenn die Erk\u00e4ltung l\u00e4nger anh\u00e4lt oder wenn du lieber eine nat\u00fcrliche L\u00f6sung bevorzugst, ist Capsinol eine gute Wahl.<\/p>\n<h2>Lang anhaltende Erk\u00e4ltung<\/h2>\n<p>Wenn die Erk\u00e4ltung l\u00e4nger als 7 Tage anh\u00e4lt, solltest du den Xylometazolin-Nasenspray Gebrauch beenden. Eine langfristige Anwendung kann zu Abh\u00e4ngigkeit f\u00fchren. In diesem Fall bietet Capsinol Nasenspray eine gute Alternative. Capsinol bek\u00e4mpft nicht nur die Symptome, sondern wirkt auch auf Basis von Salz und Xylitol, wodurch die Schleimhaut schrumpft. Alle Capsinol-Produkte enthalten &#8220;Pfeffer&#8221; (Capsicum annuum Tinktur), was in der Nase ein prickelndes Gef\u00fchl erzeugt und die Widerstandsf\u00e4higkeit der Nase langfristig aufbaut.<\/p>\n<p>Es ist wichtig zu wissen, dass es eine Weile dauern kann, bis du die volle Wirkung von Capsinol sp\u00fcrst, manchmal sogar bis zu 2 Wochen. Es kann auch vorkommen, dass deine Nase anfangs etwas st\u00e4rker verstopft ist. Gib Capsinol also bitte ausreichend Zeit, um zu wirken.  <\/p>\n<h2>Allergie und Stirnh\u00f6hlenentz\u00fcndung<\/h2>\n<p>Neben den allergischen Nasenbeschwerden kann es auch zu einer \u00dcberempfindlichkeit der Schleimh\u00e4ute ohne erkennbare Ursache kommen. Die Nase reagiert direkt auf Stoffe, ohne dass eine Allergie vorliegt. Durch diese \u00dcberempfindlichkeit haben Menschen oft chronische Nasenbeschwerden wie eine verstopfte Nase oder eine laufende Nase.<\/p>\n<p>Dies kann auch auf die Nebenh\u00f6hlen \u00fcbergreifen und eine Stirnh\u00f6hlenentz\u00fcndung oder Nebenh\u00f6hlenentz\u00fcndung verursachen. <\/p>\n<p>Insbesondere bei dieser \u00dcberempfindlichkeit (medizinisch als &#8220;Idiopathische Rhinitis&#8221; bezeichnet) kann Capsinol Nasenspray eine echte L\u00f6sung bieten. Dadurch wird die Nase weniger empfindlich gegen\u00fcber Substanzen und verstopft daher nicht mehr so schnell. <\/p>\n<h2>Langfristige Ergebnisse<\/h2>\n<p>Wenn Capsinol f\u00fcr dich gut funktioniert, brauchts du es oft lange Zeit nicht mehr zu verwenden. Eine chronisch verstopfte Nase geh\u00f6rt dann der Vergangenheit an. Dieser Effekt kann bis zu einem Jahr oder sogar l\u00e4nger anhalten.  <\/p>\n<p>Wie schnell und wie lange Capsinol wirkt, variiert von Person zu Person. Einige Menschen erleben langanhaltende Linderung, w\u00e4hrend andere es gelegentlich weiterhin verwenden. Wir k\u00f6nnen im Voraus nicht genau vorhersagen, wie es bei dir wirken wird. Es ist jedoch wichtig, Capsinol ausreichend Zeit zu geben. Es kann bis zu 2 Wochen dauern, bis du echte Ergebnisse bemerkst.    <\/p>\n<p>Wir freuen uns, dass Capsinol vielen Menschen bereits helfen konnte. Menschen, die jahrelang vergeblich nach einer L\u00f6sung gesucht haben, haben endlich Linderung durch die Verwendung von Capsinol gefunden. <\/p>\n<p>[\/et_pb_text][\/et_pb_column][\/et_pb_row][\/et_pb_section][et_pb_section fb_built=&#8221;1&#8243; _builder_version=&#8221;4.21.0&#8243; _module_preset=&#8221;default&#8221; min_height=&#8221;243.6px&#8221; height=&#8221;100px&#8221; max_height=&#8221;1000px&#8221; custom_margin=&#8221;28px||-41px|||&#8221; custom_padding=&#8221;0px||0px|||&#8221; global_colors_info=&#8221;{}&#8221;][et_pb_row _builder_version=&#8221;4.21.0&#8243; _module_preset=&#8221;default&#8221; custom_padding=&#8221;||8px|||&#8221; global_colors_info=&#8221;{}&#8221;][et_pb_column type=&#8221;4_4&#8243; _builder_version=&#8221;4.21.0&#8243; _module_preset=&#8221;default&#8221; global_colors_info=&#8221;{}&#8221;][et_pb_text _builder_version=&#8221;4.21.0&#8243; _module_preset=&#8221;default&#8221; text_text_color=&#8221;#20b478&#8243; header_text_color=&#8221;#20b478&#8243; header_3_text_color=&#8221;#20b478&#8243; custom_padding=&#8221;||0px|||&#8221; global_colors_info=&#8221;{}&#8221;]<\/p>\n<h3 style=\"text-align: center;\"><strong>Lesen Sie auch unsere anderen Artikel<\/strong><\/h3>\n<p>[\/et_pb_text][\/et_pb_column][\/et_pb_row][et_pb_row _builder_version=&#8221;4.21.0&#8243; _module_preset=&#8221;default&#8221; column_structure=&#8221;1_3,1_3,1_3&#8243;][et_pb_column _builder_version=&#8221;4.21.0&#8243; _module_preset=&#8221;default&#8221; type=&#8221;1_3&#8243;][et_pb_text _builder_version=&#8221;4.21.0&#8243; _module_preset=&#8221;default&#8221; hover_enabled=&#8221;0&#8243; sticky_enabled=&#8221;0&#8243;]<\/p>\n<p><a href=\"https:\/\/capsinol.com\/de\/nasenspray-sucht\/\">Nasensprayabh\u00e4ngigkeit<\/a><\/p>\n<p>[\/et_pb_text][\/et_pb_column][et_pb_column _builder_version=&#8221;4.21.0&#8243; _module_preset=&#8221;default&#8221; type=&#8221;1_3&#8243;][et_pb_text _builder_version=&#8221;4.21.0&#8243; _module_preset=&#8221;default&#8221; hover_enabled=&#8221;0&#8243; sticky_enabled=&#8221;0&#8243;]<\/p>\n<p style=\"text-align: center;\"><a href=\"https:\/\/capsinol.com\/de\/laufende-nase\/\">Laufende Nase<\/a><\/p>\n<p>[\/et_pb_text][\/et_pb_column][et_pb_column _builder_version=&#8221;4.21.0&#8243; _module_preset=&#8221;default&#8221; type=&#8221;1_3&#8243;][et_pb_text _builder_version=&#8221;4.21.0&#8243; _module_preset=&#8221;default&#8221; hover_enabled=&#8221;0&#8243; sticky_enabled=&#8221;0&#8243;]<\/p>\n<p style=\"text-align: right;\"><a href=\"https:\/\/capsinol.com\/de\/sinusentzuendung\/\">Sinusentz\u00fcndung<\/a><\/p>\n<p>[\/et_pb_text][\/et_pb_column][\/et_pb_row][\/et_pb_section][et_pb_section fb_built=&#8221;1&#8243; _builder_version=&#8221;4.16&#8243; _module_preset=&#8221;default&#8221; background_color=&#8221;#eaf7f4&#8243; min_height=&#8221;687.5px&#8221; custom_margin=&#8221;-41px||||false|false&#8221; custom_padding=&#8221;0px||0px||false|false&#8221; global_colors_info=&#8221;{}&#8221;][et_pb_row _builder_version=&#8221;4.16&#8243; _module_preset=&#8221;default&#8221; custom_margin=&#8221;-10px||-30px||false|false&#8221; locked=&#8221;off&#8221; global_colors_info=&#8221;{}&#8221;][et_pb_column type=&#8221;4_4&#8243; _builder_version=&#8221;4.16&#8243; _module_preset=&#8221;default&#8221; global_colors_info=&#8221;{}&#8221;][et_pb_text _builder_version=&#8221;4.19.4&#8243; _module_preset=&#8221;default&#8221; text_font=&#8221;Poppins|600|||||||&#8221; text_font_size=&#8221;40px&#8221; text_line_height=&#8221;0.4em&#8221; header_font_size=&#8221;35px&#8221; header_2_text_align=&#8221;left&#8221; header_2_font_size=&#8221;38px&#8221; width=&#8221;100%&#8221; min_height=&#8221;95.5px&#8221; custom_margin=&#8221;||||false|false&#8221; custom_padding=&#8221;||||false|false&#8221; locked=&#8221;off&#8221; inline_fonts=&#8221;Abel&#8221; global_colors_info=&#8221;{}&#8221;]<\/p>\n<h2 style=\"text-align: center;\"><strong><span style=\"color: #20b478;\">Kundenerfahrung<\/span><\/strong><\/h2>\n<p>[\/et_pb_text][et_pb_divider color=&#8221;#20b478&#8243; divider_weight=&#8221;4px&#8221; divider_weight_tablet=&#8221;&#8221; divider_weight_phone=&#8221;4px&#8221; divider_weight_last_edited=&#8221;on|phone&#8221; _builder_version=&#8221;4.16&#8243; _module_preset=&#8221;default&#8221; width=&#8221;9%&#8221; width_tablet=&#8221;12%&#8221; width_phone=&#8221;21%&#8221; width_last_edited=&#8221;on|phone&#8221; max_width=&#8221;100%&#8221; module_alignment=&#8221;center&#8221; min_height_tablet=&#8221;&#8221; min_height_phone=&#8221;&#8221; min_height_last_edited=&#8221;on|phone&#8221; custom_margin=&#8221;-68px||0px|5px|false|false&#8221; custom_margin_tablet=&#8221;||0px||false|false&#8221; custom_margin_phone=&#8221;-32px||-20px||false|false&#8221; custom_margin_last_edited=&#8221;on|tablet&#8221; global_colors_info=&#8221;{}&#8221;][\/et_pb_divider][\/et_pb_column][\/et_pb_row][et_pb_row column_structure=&#8221;1_3,1_3,1_3&#8243; _builder_version=&#8221;4.21.0&#8243; _module_preset=&#8221;default&#8221; global_colors_info=&#8221;{}&#8221;][et_pb_column type=&#8221;1_3&#8243; _builder_version=&#8221;4.21.0&#8243; _module_preset=&#8221;default&#8221; global_colors_info=&#8221;{}&#8221;][et_pb_post_slider posts_number=&#8221;1&#8243; include_categories=&#8221;21&#8243; show_meta=&#8221;off&#8221; module_class=&#8221;.mijn-berichtengallerij&#8221; _builder_version=&#8221;4.21.0&#8243; _module_preset=&#8221;default&#8221; global_colors_info=&#8221;{}&#8221;][\/et_pb_post_slider][\/et_pb_column][et_pb_column type=&#8221;1_3&#8243; _builder_version=&#8221;4.21.0&#8243; _module_preset=&#8221;default&#8221; global_colors_info=&#8221;{}&#8221;][et_pb_post_slider posts_number=&#8221;1&#8243; include_categories=&#8221;21&#8243; show_meta=&#8221;off&#8221; offset_number=&#8221;1&#8243; module_class=&#8221;.mijn-berichtengallerij&#8221; _builder_version=&#8221;4.21.0&#8243; _module_preset=&#8221;default&#8221; global_colors_info=&#8221;{}&#8221;][\/et_pb_post_slider][\/et_pb_column][et_pb_column type=&#8221;1_3&#8243; _builder_version=&#8221;4.21.0&#8243; _module_preset=&#8221;default&#8221; global_colors_info=&#8221;{}&#8221;][et_pb_post_slider posts_number=&#8221;1&#8243; include_categories=&#8221;21&#8243; show_meta=&#8221;off&#8221; offset_number=&#8221;2&#8243; module_class=&#8221;.mijn-berichtengallerij&#8221; _builder_version=&#8221;4.21.0&#8243; _module_preset=&#8221;default&#8221; global_colors_info=&#8221;{}&#8221;][\/et_pb_post_slider][\/et_pb_column][\/et_pb_row][\/et_pb_section]<\/p>\n","protected":false},"excerpt":{"rendered":"<p>Finde Linderung mit Capsinol! Jeder kennt das Gef\u00fchl einer verstopften Nase. Es kann gelegentlich auftreten oder sogar chronisch sein. Eine verstopfte Nase entsteht, wenn die Nasenschleimhaut anschwillt und zus\u00e4tzlicher Schleim produziert wird, wodurch die Nase verstopft wird. Es gibt verschiedene Ursachen f\u00fcr eine verstopfte Nase. Eine Erk\u00e4ltung ist der h\u00e4ufigste Grund. Wenn deine Nase mit [&hellip;]<\/p>\n","protected":false},"author":5,"featured_media":2244,"parent":0,"menu_order":0,"comment_status":"closed","ping_status":"closed","template":"","meta":{"_acf_changed":false,"_et_pb_use_builder":"on","_et_pb_old_content":"","_et_gb_content_width":"","footnotes":""},"class_list":["post-15629","page","type-page","status-publish","has-post-thumbnail","hentry"],"acf":[],"yoast_head":"<!-- This site is optimized with the Yoast SEO plugin v27.6 - https:\/\/yoast.com\/product\/yoast-seo-wordpress\/ -->\n<title>Eine verstopfte Nase (kalt) - Capsinol Nasenspray<\/title>\n<meta name=\"description\" content=\"Eine verstopfte Nase; Fast jeder hat es von Zeit zu Zeit. Erk\u00e4ltungen, Allergien und eine \u00dcberempfindlichkeit der Nase. Capsinol\" \/>\n<meta name=\"robots\" content=\"index, follow, max-snippet:-1, max-image-preview:large, max-video-preview:-1\" \/>\n<link rel=\"canonical\" href=\"https:\/\/capsinol.com\/de\/verstopfte-nase-kalt\/\" \/>\n<meta property=\"og:locale\" content=\"de_DE\" \/>\n<meta property=\"og:type\" content=\"article\" \/>\n<meta property=\"og:title\" content=\"Eine verstopfte Nase (kalt) - Capsinol Nasenspray\" \/>\n<meta property=\"og:description\" content=\"Eine verstopfte Nase; Fast jeder hat es von Zeit zu Zeit. Erk\u00e4ltungen, Allergien und eine \u00dcberempfindlichkeit der Nase. Capsinol\" \/>\n<meta property=\"og:url\" content=\"https:\/\/capsinol.com\/de\/verstopfte-nase-kalt\/\" \/>\n<meta property=\"og:site_name\" content=\"Capsinol Nasenspray\" \/>\n<meta property=\"article:publisher\" content=\"https:\/\/www.facebook.com\/capsinol\" \/>\n<meta property=\"article:modified_time\" content=\"2023-09-15T07:14:36+00:00\" \/>\n<meta property=\"og:image\" content=\"https:\/\/capsinol.com\/wp-content\/uploads\/2017\/01\/verstopte-neus-verkoudheid.jpg\" \/>\n\t<meta property=\"og:image:width\" content=\"785\" \/>\n\t<meta property=\"og:image:height\" content=\"523\" \/>\n\t<meta property=\"og:image:type\" content=\"image\/jpeg\" \/>\n<meta name=\"twitter:card\" content=\"summary_large_image\" \/>\n<meta name=\"twitter:label1\" content=\"Est. reading time\" \/>\n\t<meta name=\"twitter:data1\" content=\"6 minutes\" \/>\n<script type=\"application\/ld+json\" class=\"yoast-schema-graph\">{\"@context\":\"https:\\\/\\\/schema.org\",\"@graph\":[{\"@type\":\"WebPage\",\"@id\":\"https:\\\/\\\/capsinol.com\\\/de\\\/verstopfte-nase-kalt\\\/\",\"url\":\"https:\\\/\\\/capsinol.com\\\/de\\\/verstopfte-nase-kalt\\\/\",\"name\":\"Eine verstopfte Nase (kalt) - Capsinol Nasenspray\",\"isPartOf\":{\"@id\":\"https:\\\/\\\/capsinol.com\\\/de\\\/#website\"},\"primaryImageOfPage\":{\"@id\":\"https:\\\/\\\/capsinol.com\\\/de\\\/verstopfte-nase-kalt\\\/#primaryimage\"},\"image\":{\"@id\":\"https:\\\/\\\/capsinol.com\\\/de\\\/verstopfte-nase-kalt\\\/#primaryimage\"},\"thumbnailUrl\":\"https:\\\/\\\/capsinol.com\\\/wp-content\\\/uploads\\\/2017\\\/01\\\/verstopte-neus-verkoudheid.jpg\",\"datePublished\":\"2021-02-01T15:00:17+00:00\",\"dateModified\":\"2023-09-15T07:14:36+00:00\",\"description\":\"Eine verstopfte Nase; Fast jeder hat es von Zeit zu Zeit. Erk\u00e4ltungen, Allergien und eine \u00dcberempfindlichkeit der Nase. Capsinol\",\"breadcrumb\":{\"@id\":\"https:\\\/\\\/capsinol.com\\\/de\\\/verstopfte-nase-kalt\\\/#breadcrumb\"},\"inLanguage\":\"de-DE\",\"potentialAction\":[{\"@type\":\"ReadAction\",\"target\":[\"https:\\\/\\\/capsinol.com\\\/de\\\/verstopfte-nase-kalt\\\/\"]}]},{\"@type\":\"ImageObject\",\"inLanguage\":\"de-DE\",\"@id\":\"https:\\\/\\\/capsinol.com\\\/de\\\/verstopfte-nase-kalt\\\/#primaryimage\",\"url\":\"https:\\\/\\\/capsinol.com\\\/wp-content\\\/uploads\\\/2017\\\/01\\\/verstopte-neus-verkoudheid.jpg\",\"contentUrl\":\"https:\\\/\\\/capsinol.com\\\/wp-content\\\/uploads\\\/2017\\\/01\\\/verstopte-neus-verkoudheid.jpg\",\"width\":785,\"height\":523,\"caption\":\"Eine verstopfte Nase und eine Erk\u00e4ltung, wie l\u00f6st man das?\"},{\"@type\":\"BreadcrumbList\",\"@id\":\"https:\\\/\\\/capsinol.com\\\/de\\\/verstopfte-nase-kalt\\\/#breadcrumb\",\"itemListElement\":[{\"@type\":\"ListItem\",\"position\":1,\"name\":\"Home\",\"item\":\"https:\\\/\\\/capsinol.com\\\/de\\\/\"},{\"@type\":\"ListItem\",\"position\":2,\"name\":\"Verstopfte Nase (kalt)\"}]},{\"@type\":\"WebSite\",\"@id\":\"https:\\\/\\\/capsinol.com\\\/de\\\/#website\",\"url\":\"https:\\\/\\\/capsinol.com\\\/de\\\/\",\"name\":\"Capsinol neusspray\",\"description\":\"Natuurlijke neusspray\",\"publisher\":{\"@id\":\"https:\\\/\\\/capsinol.com\\\/de\\\/#organization\"},\"potentialAction\":[{\"@type\":\"SearchAction\",\"target\":{\"@type\":\"EntryPoint\",\"urlTemplate\":\"https:\\\/\\\/capsinol.com\\\/de\\\/?s={search_term_string}\"},\"query-input\":{\"@type\":\"PropertyValueSpecification\",\"valueRequired\":true,\"valueName\":\"search_term_string\"}}],\"inLanguage\":\"de-DE\"},{\"@type\":\"Organization\",\"@id\":\"https:\\\/\\\/capsinol.com\\\/de\\\/#organization\",\"name\":\"Capsinol\",\"url\":\"https:\\\/\\\/capsinol.com\\\/de\\\/\",\"logo\":{\"@type\":\"ImageObject\",\"inLanguage\":\"de-DE\",\"@id\":\"https:\\\/\\\/capsinol.com\\\/de\\\/#\\\/schema\\\/logo\\\/image\\\/\",\"url\":\"https:\\\/\\\/i0.wp.com\\\/capsinol.com\\\/wp-content\\\/uploads\\\/2016\\\/09\\\/cropped-logo-capsinol.png?fit=512%2C512&ssl=1\",\"contentUrl\":\"https:\\\/\\\/i0.wp.com\\\/capsinol.com\\\/wp-content\\\/uploads\\\/2016\\\/09\\\/cropped-logo-capsinol.png?fit=512%2C512&ssl=1\",\"width\":512,\"height\":512,\"caption\":\"Capsinol\"},\"image\":{\"@id\":\"https:\\\/\\\/capsinol.com\\\/de\\\/#\\\/schema\\\/logo\\\/image\\\/\"},\"sameAs\":[\"https:\\\/\\\/www.facebook.com\\\/capsinol\"]}]}<\/script>\n<!-- \/ Yoast SEO plugin. -->","yoast_head_json":{"title":"Eine verstopfte Nase (kalt) - Capsinol Nasenspray","description":"Eine verstopfte Nase; Fast jeder hat es von Zeit zu Zeit. Erk\u00e4ltungen, Allergien und eine \u00dcberempfindlichkeit der Nase. Capsinol","robots":{"index":"index","follow":"follow","max-snippet":"max-snippet:-1","max-image-preview":"max-image-preview:large","max-video-preview":"max-video-preview:-1"},"canonical":"https:\/\/capsinol.com\/de\/verstopfte-nase-kalt\/","og_locale":"de_DE","og_type":"article","og_title":"Eine verstopfte Nase (kalt) - Capsinol Nasenspray","og_description":"Eine verstopfte Nase; Fast jeder hat es von Zeit zu Zeit. Erk\u00e4ltungen, Allergien und eine \u00dcberempfindlichkeit der Nase. Capsinol","og_url":"https:\/\/capsinol.com\/de\/verstopfte-nase-kalt\/","og_site_name":"Capsinol Nasenspray","article_publisher":"https:\/\/www.facebook.com\/capsinol","article_modified_time":"2023-09-15T07:14:36+00:00","og_image":[{"width":785,"height":523,"url":"https:\/\/capsinol.com\/wp-content\/uploads\/2017\/01\/verstopte-neus-verkoudheid.jpg","type":"image\/jpeg"}],"twitter_card":"summary_large_image","twitter_misc":{"Est. reading time":"6 minutes"},"schema":{"@context":"https:\/\/schema.org","@graph":[{"@type":"WebPage","@id":"https:\/\/capsinol.com\/de\/verstopfte-nase-kalt\/","url":"https:\/\/capsinol.com\/de\/verstopfte-nase-kalt\/","name":"Eine verstopfte Nase (kalt) - Capsinol Nasenspray","isPartOf":{"@id":"https:\/\/capsinol.com\/de\/#website"},"primaryImageOfPage":{"@id":"https:\/\/capsinol.com\/de\/verstopfte-nase-kalt\/#primaryimage"},"image":{"@id":"https:\/\/capsinol.com\/de\/verstopfte-nase-kalt\/#primaryimage"},"thumbnailUrl":"https:\/\/capsinol.com\/wp-content\/uploads\/2017\/01\/verstopte-neus-verkoudheid.jpg","datePublished":"2021-02-01T15:00:17+00:00","dateModified":"2023-09-15T07:14:36+00:00","description":"Eine verstopfte Nase; Fast jeder hat es von Zeit zu Zeit. Erk\u00e4ltungen, Allergien und eine \u00dcberempfindlichkeit der Nase. Capsinol","breadcrumb":{"@id":"https:\/\/capsinol.com\/de\/verstopfte-nase-kalt\/#breadcrumb"},"inLanguage":"de-DE","potentialAction":[{"@type":"ReadAction","target":["https:\/\/capsinol.com\/de\/verstopfte-nase-kalt\/"]}]},{"@type":"ImageObject","inLanguage":"de-DE","@id":"https:\/\/capsinol.com\/de\/verstopfte-nase-kalt\/#primaryimage","url":"https:\/\/capsinol.com\/wp-content\/uploads\/2017\/01\/verstopte-neus-verkoudheid.jpg","contentUrl":"https:\/\/capsinol.com\/wp-content\/uploads\/2017\/01\/verstopte-neus-verkoudheid.jpg","width":785,"height":523,"caption":"Eine verstopfte Nase und eine Erk\u00e4ltung, wie l\u00f6st man das?"},{"@type":"BreadcrumbList","@id":"https:\/\/capsinol.com\/de\/verstopfte-nase-kalt\/#breadcrumb","itemListElement":[{"@type":"ListItem","position":1,"name":"Home","item":"https:\/\/capsinol.com\/de\/"},{"@type":"ListItem","position":2,"name":"Verstopfte Nase (kalt)"}]},{"@type":"WebSite","@id":"https:\/\/capsinol.com\/de\/#website","url":"https:\/\/capsinol.com\/de\/","name":"Capsinol neusspray","description":"Natuurlijke neusspray","publisher":{"@id":"https:\/\/capsinol.com\/de\/#organization"},"potentialAction":[{"@type":"SearchAction","target":{"@type":"EntryPoint","urlTemplate":"https:\/\/capsinol.com\/de\/?s={search_term_string}"},"query-input":{"@type":"PropertyValueSpecification","valueRequired":true,"valueName":"search_term_string"}}],"inLanguage":"de-DE"},{"@type":"Organization","@id":"https:\/\/capsinol.com\/de\/#organization","name":"Capsinol","url":"https:\/\/capsinol.com\/de\/","logo":{"@type":"ImageObject","inLanguage":"de-DE","@id":"https:\/\/capsinol.com\/de\/#\/schema\/logo\/image\/","url":"https:\/\/i0.wp.com\/capsinol.com\/wp-content\/uploads\/2016\/09\/cropped-logo-capsinol.png?fit=512%2C512&ssl=1","contentUrl":"https:\/\/i0.wp.com\/capsinol.com\/wp-content\/uploads\/2016\/09\/cropped-logo-capsinol.png?fit=512%2C512&ssl=1","width":512,"height":512,"caption":"Capsinol"},"image":{"@id":"https:\/\/capsinol.com\/de\/#\/schema\/logo\/image\/"},"sameAs":["https:\/\/www.facebook.com\/capsinol"]}]}},"_links":{"self":[{"href":"https:\/\/capsinol.com\/de\/wp-json\/wp\/v2\/pages\/15629","targetHints":{"allow":["GET"]}}],"collection":[{"href":"https:\/\/capsinol.com\/de\/wp-json\/wp\/v2\/pages"}],"about":[{"href":"https:\/\/capsinol.com\/de\/wp-json\/wp\/v2\/types\/page"}],"author":[{"embeddable":true,"href":"https:\/\/capsinol.com\/de\/wp-json\/wp\/v2\/users\/5"}],"replies":[{"embeddable":true,"href":"https:\/\/capsinol.com\/de\/wp-json\/wp\/v2\/comments?post=15629"}],"version-history":[{"count":7,"href":"https:\/\/capsinol.com\/de\/wp-json\/wp\/v2\/pages\/15629\/revisions"}],"predecessor-version":[{"id":51740,"href":"https:\/\/capsinol.com\/de\/wp-json\/wp\/v2\/pages\/15629\/revisions\/51740"}],"wp:featuredmedia":[{"embeddable":true,"href":"https:\/\/capsinol.com\/de\/wp-json\/wp\/v2\/media\/2244"}],"wp:attachment":[{"href":"https:\/\/capsinol.com\/de\/wp-json\/wp\/v2\/media?parent=15629"}],"curies":[{"name":"wp","href":"https:\/\/api.w.org\/{rel}","templated":true}]}}