{"id":15631,"date":"2021-02-01T16:00:51","date_gmt":"2021-02-01T15:00:51","guid":{"rendered":"https:\/\/capsinol.com\/versandauftrag\/"},"modified":"2023-04-26T15:32:56","modified_gmt":"2023-04-26T13:32:56","slug":"versandauftrag","status":"publish","type":"page","link":"https:\/\/capsinol.com\/de\/versandauftrag\/","title":{"rendered":"Versandauftrag"},"content":{"rendered":"<p>[et_pb_section fb_built=&#8221;1&#8243; _builder_version=&#8221;4.19.0&#8243; _module_preset=&#8221;default&#8221; global_colors_info=&#8221;{}&#8221;][et_pb_row column_structure=&#8221;3_5,2_5&#8243; _builder_version=&#8221;4.19.0&#8243; _module_preset=&#8221;default&#8221; global_colors_info=&#8221;{}&#8221;][et_pb_column type=&#8221;3_5&#8243; _builder_version=&#8221;4.19.0&#8243; _module_preset=&#8221;default&#8221; global_colors_info=&#8221;{}&#8221;][et_pb_text _builder_version=&#8221;4.19.0&#8243; _module_preset=&#8221;default&#8221; global_colors_info=&#8221;{}&#8221;]<\/p>\n<h2><\/h2>\n<h2>Senden der Capsinol-Bestellung<\/h2>\n<h3><strong>In den Niederlanden<\/strong><\/h3>\n<p>Bestellungen, die an einem Werktag vor <strong>15.30 Uhr<\/strong> get\u00e4tigt und bezahlt werden, werden noch am selben Tag versandt. Bestellungen, die am Wochenende eingehen, werden am n\u00e4chsten Werktag versandt.<\/p>\n<p>Die voraussichtliche Lieferzeit betr\u00e4gt in der Regel am n\u00e4chsten Werktag. Es kann jedoch zu Verz\u00f6gerungen kommen. Wir bitten Sie, in diesem Fall einige Tage zu warten. Im Allgemeinen kommen die Pakete alle ordentlich an.<\/p>\n<p>Die Bestellung passt durch den Briefkasten. Sie m\u00fcssen f\u00fcr die Lieferung nicht zu Hause sein.<\/p>\n<p><em><strong>Preise<\/strong><\/em><br \/>Die Versandkosten betragen 4,50 \u20ac f\u00fcr 1 oder 2 Fl\u00e4schchen. <br \/>Ab 3 Fl\u00e4schchen ist der Versand kostenlos.<\/p>\n<h3><strong><br \/>Au\u00dferhalb der Niederlande<\/strong><\/h3>\n<p>estellungen, die an einem Werktag vor <strong>15.30 Uhr<\/strong> get\u00e4tigt und bezahlt werden, werden noch am selben Tag aus den Niederlanden versandt. Bestellungen, die am Wochenende eingehen, werden am n\u00e4chsten Werktag versandt.<\/p>\n<p>Die voraussichtliche Lieferzeit h\u00e4ngt vom Bestimmungsort ab und variiert. Hier eine Anzeige der durchschnittlichen Lieferzeiten: <\/p>\n<p><em>Belgien<\/em>&gt; 3 bis 7 Werktage<br \/><em>Deutschland<\/em>&gt; 4 &#8211; 8 Werktage<br \/><em>Frankreich<\/em>&gt; 6 &#8211; 11 Werktage<br \/><em>Andere innerhalb Europas<\/em>&gt; 4 &#8211; 11 Werktage<br \/><em>Au\u00dferhalb Europas<\/em>&gt; 10 &#8211; 15 Werktage<\/p>\n<p>Die Bestellung passt durch einen Standardbriefkasten. Sie m\u00fcssen f\u00fcr die Lieferung nicht zu Hause sein.<\/p>\n<p><em><strong>Preise<\/strong><\/em><\/p>\n<p>Alle Bestellungen mit Lieferung au\u00dferhalb der Niederlande versenden wir standardm\u00e4\u00dfig mit Sendungsverfolgung (Track &amp; Trace). <br \/> &#8211; Versandkosten f\u00fcr Lieferungen <span style=\"text-decoration: underline;\"><strong>innerhalb<\/strong><\/span> Europas: \u20ac 6,50 pro Bestellung.<br \/> &#8211; Versandkosten f\u00fcr Lieferungen <strong><span style=\"text-decoration: underline;\">au\u00dferhalb<\/span><\/strong>Europas: \u20ac 14,50 pro Bestellung.<\/p>\n<p>[\/et_pb_text][\/et_pb_column][et_pb_column type=&#8221;2_5&#8243; _builder_version=&#8221;4.19.0&#8243; _module_preset=&#8221;default&#8221; global_colors_info=&#8221;{}&#8221;][et_pb_image src=&#8221;https:\/\/capsinol.com\/wp-content\/uploads\/2017\/12\/Brievenbus.jpg&#8221; title_text=&#8221;Briefkasten&#8221; _builder_version=&#8221;4.19.0&#8243; _module_preset=&#8221;default&#8221; global_colors_info=&#8221;{}&#8221;][\/et_pb_image][\/et_pb_column][\/et_pb_row][\/et_pb_section]<\/p>\n","protected":false},"excerpt":{"rendered":"<p>Senden der Capsinol-Bestellung In den Niederlanden Bestellungen, die an einem Werktag vor 15.30 Uhr get\u00e4tigt und bezahlt werden, werden noch am selben Tag versandt. Bestellungen, die am Wochenende eingehen, werden am n\u00e4chsten Werktag versandt. Die voraussichtliche Lieferzeit betr\u00e4gt in der Regel am n\u00e4chsten Werktag. Es kann jedoch zu Verz\u00f6gerungen kommen. Wir bitten Sie, in diesem [&hellip;]<\/p>\n","protected":false},"author":5,"featured_media":0,"parent":0,"menu_order":0,"comment_status":"closed","ping_status":"closed","template":"","meta":{"_acf_changed":false,"_et_pb_use_builder":"on","_et_pb_old_content":"","_et_gb_content_width":"","footnotes":""},"class_list":["post-15631","page","type-page","status-publish","hentry"],"acf":[],"yoast_head":"<!-- This site is optimized with the Yoast SEO plugin v27.4 - https:\/\/yoast.com\/product\/yoast-seo-wordpress\/ -->\n<title>Versandauftrag - Capsinol Nasenspray<\/title>\n<meta name=\"description\" content=\"Capsinol Versand- und Bestellinformationen.\" \/>\n<meta name=\"robots\" content=\"noindex, nofollow\" \/>\n<meta property=\"og:locale\" content=\"de_DE\" \/>\n<meta property=\"og:type\" content=\"article\" \/>\n<meta property=\"og:title\" content=\"Versandauftrag - Capsinol Nasenspray\" \/>\n<meta property=\"og:description\" content=\"Capsinol Versand- und Bestellinformationen.\" \/>\n<meta property=\"og:url\" content=\"https:\/\/capsinol.com\/de\/versandauftrag\/\" \/>\n<meta property=\"og:site_name\" content=\"Capsinol Nasenspray\" \/>\n<meta property=\"article:publisher\" content=\"https:\/\/www.facebook.com\/capsinol\" \/>\n<meta property=\"article:modified_time\" content=\"2023-04-26T13:32:56+00:00\" \/>\n<meta property=\"og:image\" content=\"https:\/\/capsinol.com\/wp-content\/uploads\/2016\/07\/1703-leaderboard-website-lente.jpg\" \/>\n\t<meta property=\"og:image:width\" content=\"1024\" \/>\n\t<meta property=\"og:image:height\" content=\"372\" \/>\n\t<meta property=\"og:image:type\" content=\"image\/jpeg\" \/>\n<meta name=\"twitter:card\" content=\"summary_large_image\" \/>\n<meta name=\"twitter:label1\" content=\"Est. reading time\" \/>\n\t<meta name=\"twitter:data1\" content=\"2 minutes\" \/>\n<script type=\"application\/ld+json\" class=\"yoast-schema-graph\">{\"@context\":\"https:\\\/\\\/schema.org\",\"@graph\":[{\"@type\":\"WebPage\",\"@id\":\"https:\\\/\\\/capsinol.com\\\/de\\\/versandauftrag\\\/\",\"url\":\"https:\\\/\\\/capsinol.com\\\/de\\\/versandauftrag\\\/\",\"name\":\"Versandauftrag - Capsinol Nasenspray\",\"isPartOf\":{\"@id\":\"https:\\\/\\\/capsinol.com\\\/de\\\/#website\"},\"datePublished\":\"2021-02-01T15:00:51+00:00\",\"dateModified\":\"2023-04-26T13:32:56+00:00\",\"description\":\"Capsinol Versand- und Bestellinformationen.\",\"breadcrumb\":{\"@id\":\"https:\\\/\\\/capsinol.com\\\/de\\\/versandauftrag\\\/#breadcrumb\"},\"inLanguage\":\"de-DE\",\"potentialAction\":[{\"@type\":\"ReadAction\",\"target\":[\"https:\\\/\\\/capsinol.com\\\/de\\\/versandauftrag\\\/\"]}]},{\"@type\":\"BreadcrumbList\",\"@id\":\"https:\\\/\\\/capsinol.com\\\/de\\\/versandauftrag\\\/#breadcrumb\",\"itemListElement\":[{\"@type\":\"ListItem\",\"position\":1,\"name\":\"Home\",\"item\":\"https:\\\/\\\/capsinol.com\\\/de\\\/\"},{\"@type\":\"ListItem\",\"position\":2,\"name\":\"Versandauftrag\"}]},{\"@type\":\"WebSite\",\"@id\":\"https:\\\/\\\/capsinol.com\\\/de\\\/#website\",\"url\":\"https:\\\/\\\/capsinol.com\\\/de\\\/\",\"name\":\"Capsinol neusspray\",\"description\":\"Natuurlijke neusspray\",\"publisher\":{\"@id\":\"https:\\\/\\\/capsinol.com\\\/de\\\/#organization\"},\"potentialAction\":[{\"@type\":\"SearchAction\",\"target\":{\"@type\":\"EntryPoint\",\"urlTemplate\":\"https:\\\/\\\/capsinol.com\\\/de\\\/?s={search_term_string}\"},\"query-input\":{\"@type\":\"PropertyValueSpecification\",\"valueRequired\":true,\"valueName\":\"search_term_string\"}}],\"inLanguage\":\"de-DE\"},{\"@type\":\"Organization\",\"@id\":\"https:\\\/\\\/capsinol.com\\\/de\\\/#organization\",\"name\":\"Capsinol\",\"url\":\"https:\\\/\\\/capsinol.com\\\/de\\\/\",\"logo\":{\"@type\":\"ImageObject\",\"inLanguage\":\"de-DE\",\"@id\":\"https:\\\/\\\/capsinol.com\\\/de\\\/#\\\/schema\\\/logo\\\/image\\\/\",\"url\":\"https:\\\/\\\/i0.wp.com\\\/capsinol.com\\\/wp-content\\\/uploads\\\/2016\\\/09\\\/cropped-logo-capsinol.png?fit=512%2C512&ssl=1\",\"contentUrl\":\"https:\\\/\\\/i0.wp.com\\\/capsinol.com\\\/wp-content\\\/uploads\\\/2016\\\/09\\\/cropped-logo-capsinol.png?fit=512%2C512&ssl=1\",\"width\":512,\"height\":512,\"caption\":\"Capsinol\"},\"image\":{\"@id\":\"https:\\\/\\\/capsinol.com\\\/de\\\/#\\\/schema\\\/logo\\\/image\\\/\"},\"sameAs\":[\"https:\\\/\\\/www.facebook.com\\\/capsinol\"]}]}<\/script>\n<!-- \/ Yoast SEO plugin. -->","yoast_head_json":{"title":"Versandauftrag - Capsinol Nasenspray","description":"Capsinol Versand- und Bestellinformationen.","robots":{"index":"noindex","follow":"nofollow"},"og_locale":"de_DE","og_type":"article","og_title":"Versandauftrag - Capsinol Nasenspray","og_description":"Capsinol Versand- und Bestellinformationen.","og_url":"https:\/\/capsinol.com\/de\/versandauftrag\/","og_site_name":"Capsinol Nasenspray","article_publisher":"https:\/\/www.facebook.com\/capsinol","article_modified_time":"2023-04-26T13:32:56+00:00","og_image":[{"width":1024,"height":372,"url":"https:\/\/capsinol.com\/wp-content\/uploads\/2016\/07\/1703-leaderboard-website-lente.jpg","type":"image\/jpeg"}],"twitter_card":"summary_large_image","twitter_misc":{"Est. reading time":"2 minutes"},"schema":{"@context":"https:\/\/schema.org","@graph":[{"@type":"WebPage","@id":"https:\/\/capsinol.com\/de\/versandauftrag\/","url":"https:\/\/capsinol.com\/de\/versandauftrag\/","name":"Versandauftrag - Capsinol Nasenspray","isPartOf":{"@id":"https:\/\/capsinol.com\/de\/#website"},"datePublished":"2021-02-01T15:00:51+00:00","dateModified":"2023-04-26T13:32:56+00:00","description":"Capsinol Versand- und Bestellinformationen.","breadcrumb":{"@id":"https:\/\/capsinol.com\/de\/versandauftrag\/#breadcrumb"},"inLanguage":"de-DE","potentialAction":[{"@type":"ReadAction","target":["https:\/\/capsinol.com\/de\/versandauftrag\/"]}]},{"@type":"BreadcrumbList","@id":"https:\/\/capsinol.com\/de\/versandauftrag\/#breadcrumb","itemListElement":[{"@type":"ListItem","position":1,"name":"Home","item":"https:\/\/capsinol.com\/de\/"},{"@type":"ListItem","position":2,"name":"Versandauftrag"}]},{"@type":"WebSite","@id":"https:\/\/capsinol.com\/de\/#website","url":"https:\/\/capsinol.com\/de\/","name":"Capsinol neusspray","description":"Natuurlijke neusspray","publisher":{"@id":"https:\/\/capsinol.com\/de\/#organization"},"potentialAction":[{"@type":"SearchAction","target":{"@type":"EntryPoint","urlTemplate":"https:\/\/capsinol.com\/de\/?s={search_term_string}"},"query-input":{"@type":"PropertyValueSpecification","valueRequired":true,"valueName":"search_term_string"}}],"inLanguage":"de-DE"},{"@type":"Organization","@id":"https:\/\/capsinol.com\/de\/#organization","name":"Capsinol","url":"https:\/\/capsinol.com\/de\/","logo":{"@type":"ImageObject","inLanguage":"de-DE","@id":"https:\/\/capsinol.com\/de\/#\/schema\/logo\/image\/","url":"https:\/\/i0.wp.com\/capsinol.com\/wp-content\/uploads\/2016\/09\/cropped-logo-capsinol.png?fit=512%2C512&ssl=1","contentUrl":"https:\/\/i0.wp.com\/capsinol.com\/wp-content\/uploads\/2016\/09\/cropped-logo-capsinol.png?fit=512%2C512&ssl=1","width":512,"height":512,"caption":"Capsinol"},"image":{"@id":"https:\/\/capsinol.com\/de\/#\/schema\/logo\/image\/"},"sameAs":["https:\/\/www.facebook.com\/capsinol"]}]}},"_links":{"self":[{"href":"https:\/\/capsinol.com\/de\/wp-json\/wp\/v2\/pages\/15631","targetHints":{"allow":["GET"]}}],"collection":[{"href":"https:\/\/capsinol.com\/de\/wp-json\/wp\/v2\/pages"}],"about":[{"href":"https:\/\/capsinol.com\/de\/wp-json\/wp\/v2\/types\/page"}],"author":[{"embeddable":true,"href":"https:\/\/capsinol.com\/de\/wp-json\/wp\/v2\/users\/5"}],"replies":[{"embeddable":true,"href":"https:\/\/capsinol.com\/de\/wp-json\/wp\/v2\/comments?post=15631"}],"version-history":[{"count":9,"href":"https:\/\/capsinol.com\/de\/wp-json\/wp\/v2\/pages\/15631\/revisions"}],"predecessor-version":[{"id":49387,"href":"https:\/\/capsinol.com\/de\/wp-json\/wp\/v2\/pages\/15631\/revisions\/49387"}],"wp:attachment":[{"href":"https:\/\/capsinol.com\/de\/wp-json\/wp\/v2\/media?parent=15631"}],"curies":[{"name":"wp","href":"https:\/\/api.w.org\/{rel}","templated":true}]}}