{"id":17157,"date":"2021-03-20T21:38:39","date_gmt":"2021-03-20T20:38:39","guid":{"rendered":"https:\/\/capsinol.com\/haeufig-gestellte-fragen-2\/"},"modified":"2024-01-11T11:58:45","modified_gmt":"2024-01-11T10:58:45","slug":"haeufig-gestellte-fragen-2","status":"publish","type":"page","link":"https:\/\/capsinol.com\/de\/haeufig-gestellte-fragen-2\/","title":{"rendered":"H\u00e4ufig gestellte Fragen"},"content":{"rendered":"<p>[et_pb_section fb_built=&#8221;1&#8243; _builder_version=&#8221;4.19.0&#8243; _module_preset=&#8221;default&#8221; global_colors_info=&#8221;{}&#8221;][et_pb_row _builder_version=&#8221;4.19.0&#8243; _module_preset=&#8221;default&#8221; global_colors_info=&#8221;{}&#8221;][et_pb_column type=&#8221;4_4&#8243; _builder_version=&#8221;4.19.0&#8243; _module_preset=&#8221;default&#8221; global_colors_info=&#8221;{}&#8221;][et_pb_text _builder_version=&#8221;4.19.0&#8243; _module_preset=&#8221;default&#8221; global_colors_info=&#8221;{}&#8221; custom_padding=&#8221;|||19px||&#8221;]<\/p>\n<p><strong>&#8220;Wie kommt es zu Erk\u00e4ltungs- und \/ oder Nasenbeschwerden?&#8221;<\/strong><br \/>Erk\u00e4ltungen werden durch ein Virus verursacht. Es sind viele verschiedene im Umlauf, die leicht aufgenommen werden k\u00f6nnen, wenn der Widerstand leicht verringert wird. Nasenbeschwerden k\u00f6nnen im Allgemeinen verschiedene Ursachen haben. Die meisten Beschwerden werden durch (Erk\u00e4ltungs-) Viren und Allergien verursacht, aber es gibt auch Menschen mit chronisch verstopfter oder laufender Nase, ohne dass eine erkennbare Ursache daf\u00fcr vorliegt.<\/p>\n<p><strong>&#8220;Was macht Capsinol Nasenspray, warum funktioniert es?&#8221;<\/strong><br \/>Capsinol enth\u00e4lt Capsaicin als Hauptwirkstoff. Dies ist die Substanz, die das hei\u00dfe Gef\u00fchl in rotem Pfeffer vermittelt. Es wurde medizinisch gezeigt, dass Capsaicin bei (chronischen) Nasenbeschwerden hilft.<\/p>\n<p><em>* Reduziert die Schleimproduktion<\/em><br \/>Wenn das Capsaicin verabreicht wird, hemmt es das \u00fcberaktive Nervensystem, wodurch die Schleimh\u00e4ute schrumpfen und zur normalen Schleimproduktion zur\u00fcckkehren. Auf diese Weise k\u00f6nnen Sie wieder frei durch die Nase atmen.<\/p>\n<p><em>* Lang anhaltende Wirkung<\/em><br \/>Dar\u00fcber hinaus sorgt das Capsaicin im Nasenspray daf\u00fcr, dass das Nervensystem weniger empfindlich gegen\u00fcber \u00e4u\u00dferen Einfl\u00fcssen wird, sodass Sie weniger an einer verstopften Nase oder anderen Nasenbeschwerden leiden. Dieser wohltuende Effekt kann sogar bis zu einem Jahr anhalten.<\/p>\n<p><strong>&#8220;Pfefferbasiertes Nasenspray tut nicht weh &#8230;?&#8221;<\/strong><br \/>Es kann ein Schock sein, besonders die Originalformel ist wirklich hart. Sie gew\u00f6hnen sich an das Gef\u00fchl, wenn Sie Capsinol h\u00e4ufiger verwenden.<\/p>\n<p><strong>&#8220;Dieser Pfeffer, ist es gesund, in deine Nase zu spr\u00fchen?&#8221;<\/strong><br \/>Ja, Sie k\u00f6nnen den Pfeffer problemlos in Ihre Nase spr\u00fchen. Es wurde medizinisch gezeigt, dass die Verabreichung von Capsaicin keine sch\u00e4dlichen Wirkungen hat.<\/p>\n<p><strong><br \/>&#8220;Ich habe eine Erk\u00e4ltung. Hilft Capsinol Nasenspray?&#8221;<\/strong><br \/>Erk\u00e4ltungen werden durch ein Virus verursacht, das Virus selbst l\u00f6st Capsinol nicht auf. Capsinol kann die Symptome einer Erk\u00e4ltung wie eine verstopfte oder laufende Nase lindern \/ lindern.<\/p>\n<p><strong>&#8220;Ich bin s\u00fcchtig nach Nasenspray. Wird dies meine Sucht l\u00f6sen?&#8221;<\/strong><br \/>Capsinol hat bereits vielen Menschen von ihrer Nasenspraysucht geholfen. Capsinol hat eine konstruktive Wirkung, daher kann es etwas l\u00e4nger dauern, bis die Nase freigesetzt wird. Es funktioniert am besten, um das s\u00fcchtig machende Nasenspray zu reduzieren und die Verwendung von Capsinol zu f\u00f6rdern.<\/p>\n<p><strong>&#8220;Ich leide oft an verstopften Hohlr\u00e4umen und Druck in der Stirn. Hilft Capsinol?&#8221;<\/strong><br \/>Capsinol kann zwar solche Beschwerden lindern, dies wurde jedoch nicht medizinisch untersucht. Wir h\u00f6ren regelm\u00e4\u00dfig von Capsinol-Anwendern, dass es den Druck im Kopf verringert und die Beschwerden ertr\u00e4glicher macht.<\/p>\n<p><strong>&#8220;Mein Kind ist sehr oft erk\u00e4ltet. Kann ich Capsinol einnehmen?&#8221;<\/strong><br \/>Wir empfehlen, Capsinol ab 12 Jahren zu verwenden und mit Mild zu beginnen. Testen Sie es als Elternteil am besten auch zuerst selbst. In der Tat sind Capsinol Mild, Original und Extra Strong alle sehr scharf. Manche finden es durchaus machbar, andere finden es zu w\u00fcrzig. Die Heuschnupfen-\/Allergieformel und das Nasen\u00f6l sind sehr sanft in der Anwendung und k\u00f6nnen auch f\u00fcr Kinder (ab 6 Jahren) verwendet werden.  <\/p>\n<p><strong>&#8220;Kann ich dieses (oder ein vergleichbares) Nasenspray im Laden kaufen?&#8221;<\/strong><br \/>Capsinol ist das einzige in den Niederlanden erh\u00e4ltliche Nasenspray auf Basis von rotem Pfeffer. Da der Verkauf \u00fcber Gro\u00dfh\u00e4ndler erfolgt, wissen wir leider nicht genau, welche Gesch\u00e4fte ihn auf Lager haben (es sei denn, sie haben uns dies mitgeteilt). Die meisten Apotheken k\u00f6nnen es zumindest f\u00fcr Sie bestellen.<\/p>\n<p>[\/et_pb_text][\/et_pb_column][\/et_pb_row][\/et_pb_section]<\/p>\n","protected":false},"excerpt":{"rendered":"<p>&#8220;Wie kommt es zu Erk\u00e4ltungs- und \/ oder Nasenbeschwerden?&#8221;Erk\u00e4ltungen werden durch ein Virus verursacht. Es sind viele verschiedene im Umlauf, die leicht aufgenommen werden k\u00f6nnen, wenn der Widerstand leicht verringert wird. Nasenbeschwerden k\u00f6nnen im Allgemeinen verschiedene Ursachen haben. Die meisten Beschwerden werden durch (Erk\u00e4ltungs-) Viren und Allergien verursacht, aber es gibt auch Menschen mit chronisch [&hellip;]<\/p>\n","protected":false},"author":5,"featured_media":0,"parent":0,"menu_order":0,"comment_status":"closed","ping_status":"closed","template":"","meta":{"_acf_changed":false,"_et_pb_use_builder":"on","_et_pb_old_content":"","_et_gb_content_width":"","footnotes":""},"class_list":["post-17157","page","type-page","status-publish","hentry"],"acf":[],"yoast_head":"<!-- This site is optimized with the Yoast SEO plugin v27.5 - https:\/\/yoast.com\/product\/yoast-seo-wordpress\/ -->\n<title>H\u00e4ufig gestellte Fragen - Capsinol Nasenspray<\/title>\n<meta name=\"description\" content=\"Capsinol stellte h\u00e4ufig Fragen\" \/>\n<meta name=\"robots\" content=\"index, follow, max-snippet:-1, max-image-preview:large, max-video-preview:-1\" \/>\n<link rel=\"canonical\" href=\"https:\/\/capsinol.com\/de\/haeufig-gestellte-fragen-2\/\" \/>\n<meta property=\"og:locale\" content=\"de_DE\" \/>\n<meta property=\"og:type\" content=\"article\" \/>\n<meta property=\"og:title\" content=\"H\u00e4ufig gestellte Fragen - Capsinol Nasenspray\" \/>\n<meta property=\"og:description\" content=\"Capsinol stellte h\u00e4ufig Fragen\" \/>\n<meta property=\"og:url\" content=\"https:\/\/capsinol.com\/de\/haeufig-gestellte-fragen-2\/\" \/>\n<meta property=\"og:site_name\" content=\"Capsinol Nasenspray\" \/>\n<meta property=\"article:publisher\" content=\"https:\/\/www.facebook.com\/capsinol\" \/>\n<meta property=\"article:modified_time\" content=\"2024-01-11T10:58:45+00:00\" \/>\n<meta property=\"og:image\" content=\"https:\/\/capsinol.com\/wp-content\/uploads\/2016\/07\/1703-leaderboard-website-lente.jpg\" \/>\n\t<meta property=\"og:image:width\" content=\"1024\" \/>\n\t<meta property=\"og:image:height\" content=\"372\" \/>\n\t<meta property=\"og:image:type\" content=\"image\/jpeg\" \/>\n<meta name=\"twitter:card\" content=\"summary_large_image\" \/>\n<meta name=\"twitter:label1\" content=\"Est. reading time\" \/>\n\t<meta name=\"twitter:data1\" content=\"3 minutes\" \/>\n<script type=\"application\/ld+json\" class=\"yoast-schema-graph\">{\"@context\":\"https:\\\/\\\/schema.org\",\"@graph\":[{\"@type\":\"WebPage\",\"@id\":\"https:\\\/\\\/capsinol.com\\\/de\\\/haeufig-gestellte-fragen-2\\\/\",\"url\":\"https:\\\/\\\/capsinol.com\\\/de\\\/haeufig-gestellte-fragen-2\\\/\",\"name\":\"H\u00e4ufig gestellte Fragen - Capsinol Nasenspray\",\"isPartOf\":{\"@id\":\"https:\\\/\\\/capsinol.com\\\/de\\\/#website\"},\"datePublished\":\"2021-03-20T20:38:39+00:00\",\"dateModified\":\"2024-01-11T10:58:45+00:00\",\"description\":\"Capsinol stellte h\u00e4ufig Fragen\",\"breadcrumb\":{\"@id\":\"https:\\\/\\\/capsinol.com\\\/de\\\/haeufig-gestellte-fragen-2\\\/#breadcrumb\"},\"inLanguage\":\"de-DE\",\"potentialAction\":[{\"@type\":\"ReadAction\",\"target\":[\"https:\\\/\\\/capsinol.com\\\/de\\\/haeufig-gestellte-fragen-2\\\/\"]}]},{\"@type\":\"BreadcrumbList\",\"@id\":\"https:\\\/\\\/capsinol.com\\\/de\\\/haeufig-gestellte-fragen-2\\\/#breadcrumb\",\"itemListElement\":[{\"@type\":\"ListItem\",\"position\":1,\"name\":\"Home\",\"item\":\"https:\\\/\\\/capsinol.com\\\/de\\\/\"},{\"@type\":\"ListItem\",\"position\":2,\"name\":\"H\u00e4ufig gestellte Fragen\"}]},{\"@type\":\"WebSite\",\"@id\":\"https:\\\/\\\/capsinol.com\\\/de\\\/#website\",\"url\":\"https:\\\/\\\/capsinol.com\\\/de\\\/\",\"name\":\"Capsinol neusspray\",\"description\":\"Natuurlijke neusspray\",\"publisher\":{\"@id\":\"https:\\\/\\\/capsinol.com\\\/de\\\/#organization\"},\"potentialAction\":[{\"@type\":\"SearchAction\",\"target\":{\"@type\":\"EntryPoint\",\"urlTemplate\":\"https:\\\/\\\/capsinol.com\\\/de\\\/?s={search_term_string}\"},\"query-input\":{\"@type\":\"PropertyValueSpecification\",\"valueRequired\":true,\"valueName\":\"search_term_string\"}}],\"inLanguage\":\"de-DE\"},{\"@type\":\"Organization\",\"@id\":\"https:\\\/\\\/capsinol.com\\\/de\\\/#organization\",\"name\":\"Capsinol\",\"url\":\"https:\\\/\\\/capsinol.com\\\/de\\\/\",\"logo\":{\"@type\":\"ImageObject\",\"inLanguage\":\"de-DE\",\"@id\":\"https:\\\/\\\/capsinol.com\\\/de\\\/#\\\/schema\\\/logo\\\/image\\\/\",\"url\":\"https:\\\/\\\/i0.wp.com\\\/capsinol.com\\\/wp-content\\\/uploads\\\/2016\\\/09\\\/cropped-logo-capsinol.png?fit=512%2C512&ssl=1\",\"contentUrl\":\"https:\\\/\\\/i0.wp.com\\\/capsinol.com\\\/wp-content\\\/uploads\\\/2016\\\/09\\\/cropped-logo-capsinol.png?fit=512%2C512&ssl=1\",\"width\":512,\"height\":512,\"caption\":\"Capsinol\"},\"image\":{\"@id\":\"https:\\\/\\\/capsinol.com\\\/de\\\/#\\\/schema\\\/logo\\\/image\\\/\"},\"sameAs\":[\"https:\\\/\\\/www.facebook.com\\\/capsinol\"]}]}<\/script>\n<!-- \/ Yoast SEO plugin. -->","yoast_head_json":{"title":"H\u00e4ufig gestellte Fragen - Capsinol Nasenspray","description":"Capsinol stellte h\u00e4ufig Fragen","robots":{"index":"index","follow":"follow","max-snippet":"max-snippet:-1","max-image-preview":"max-image-preview:large","max-video-preview":"max-video-preview:-1"},"canonical":"https:\/\/capsinol.com\/de\/haeufig-gestellte-fragen-2\/","og_locale":"de_DE","og_type":"article","og_title":"H\u00e4ufig gestellte Fragen - Capsinol Nasenspray","og_description":"Capsinol stellte h\u00e4ufig Fragen","og_url":"https:\/\/capsinol.com\/de\/haeufig-gestellte-fragen-2\/","og_site_name":"Capsinol Nasenspray","article_publisher":"https:\/\/www.facebook.com\/capsinol","article_modified_time":"2024-01-11T10:58:45+00:00","og_image":[{"width":1024,"height":372,"url":"https:\/\/capsinol.com\/wp-content\/uploads\/2016\/07\/1703-leaderboard-website-lente.jpg","type":"image\/jpeg"}],"twitter_card":"summary_large_image","twitter_misc":{"Est. reading time":"3 minutes"},"schema":{"@context":"https:\/\/schema.org","@graph":[{"@type":"WebPage","@id":"https:\/\/capsinol.com\/de\/haeufig-gestellte-fragen-2\/","url":"https:\/\/capsinol.com\/de\/haeufig-gestellte-fragen-2\/","name":"H\u00e4ufig gestellte Fragen - Capsinol Nasenspray","isPartOf":{"@id":"https:\/\/capsinol.com\/de\/#website"},"datePublished":"2021-03-20T20:38:39+00:00","dateModified":"2024-01-11T10:58:45+00:00","description":"Capsinol stellte h\u00e4ufig Fragen","breadcrumb":{"@id":"https:\/\/capsinol.com\/de\/haeufig-gestellte-fragen-2\/#breadcrumb"},"inLanguage":"de-DE","potentialAction":[{"@type":"ReadAction","target":["https:\/\/capsinol.com\/de\/haeufig-gestellte-fragen-2\/"]}]},{"@type":"BreadcrumbList","@id":"https:\/\/capsinol.com\/de\/haeufig-gestellte-fragen-2\/#breadcrumb","itemListElement":[{"@type":"ListItem","position":1,"name":"Home","item":"https:\/\/capsinol.com\/de\/"},{"@type":"ListItem","position":2,"name":"H\u00e4ufig gestellte Fragen"}]},{"@type":"WebSite","@id":"https:\/\/capsinol.com\/de\/#website","url":"https:\/\/capsinol.com\/de\/","name":"Capsinol neusspray","description":"Natuurlijke neusspray","publisher":{"@id":"https:\/\/capsinol.com\/de\/#organization"},"potentialAction":[{"@type":"SearchAction","target":{"@type":"EntryPoint","urlTemplate":"https:\/\/capsinol.com\/de\/?s={search_term_string}"},"query-input":{"@type":"PropertyValueSpecification","valueRequired":true,"valueName":"search_term_string"}}],"inLanguage":"de-DE"},{"@type":"Organization","@id":"https:\/\/capsinol.com\/de\/#organization","name":"Capsinol","url":"https:\/\/capsinol.com\/de\/","logo":{"@type":"ImageObject","inLanguage":"de-DE","@id":"https:\/\/capsinol.com\/de\/#\/schema\/logo\/image\/","url":"https:\/\/i0.wp.com\/capsinol.com\/wp-content\/uploads\/2016\/09\/cropped-logo-capsinol.png?fit=512%2C512&ssl=1","contentUrl":"https:\/\/i0.wp.com\/capsinol.com\/wp-content\/uploads\/2016\/09\/cropped-logo-capsinol.png?fit=512%2C512&ssl=1","width":512,"height":512,"caption":"Capsinol"},"image":{"@id":"https:\/\/capsinol.com\/de\/#\/schema\/logo\/image\/"},"sameAs":["https:\/\/www.facebook.com\/capsinol"]}]}},"_links":{"self":[{"href":"https:\/\/capsinol.com\/de\/wp-json\/wp\/v2\/pages\/17157","targetHints":{"allow":["GET"]}}],"collection":[{"href":"https:\/\/capsinol.com\/de\/wp-json\/wp\/v2\/pages"}],"about":[{"href":"https:\/\/capsinol.com\/de\/wp-json\/wp\/v2\/types\/page"}],"author":[{"embeddable":true,"href":"https:\/\/capsinol.com\/de\/wp-json\/wp\/v2\/users\/5"}],"replies":[{"embeddable":true,"href":"https:\/\/capsinol.com\/de\/wp-json\/wp\/v2\/comments?post=17157"}],"version-history":[{"count":8,"href":"https:\/\/capsinol.com\/de\/wp-json\/wp\/v2\/pages\/17157\/revisions"}],"predecessor-version":[{"id":52124,"href":"https:\/\/capsinol.com\/de\/wp-json\/wp\/v2\/pages\/17157\/revisions\/52124"}],"wp:attachment":[{"href":"https:\/\/capsinol.com\/de\/wp-json\/wp\/v2\/media?parent=17157"}],"curies":[{"name":"wp","href":"https:\/\/api.w.org\/{rel}","templated":true}]}}