{"id":3204,"date":"2016-11-29T12:09:53","date_gmt":"2016-11-29T11:09:53","guid":{"rendered":"http:\/\/capsinol.com\/?page_id=3204\/"},"modified":"2022-11-25T11:49:48","modified_gmt":"2022-11-25T10:49:48","slug":"nasenspray-sucht","status":"publish","type":"page","link":"https:\/\/capsinol.com\/de\/nasenspray-sucht\/","title":{"rendered":"Nasensprayabh\u00e4ngigkeit"},"content":{"rendered":"<p>[et_pb_section fb_built=&#8221;1&#8243; _builder_version=&#8221;4.16&#8243; global_colors_info=&#8221;{}&#8221;][et_pb_row _builder_version=&#8221;4.16&#8243; background_size=&#8221;initial&#8221; background_position=&#8221;top_left&#8221; background_repeat=&#8221;repeat&#8221; global_colors_info=&#8221;{}&#8221;][et_pb_column type=&#8221;4_4&#8243; _builder_version=&#8221;4.16&#8243; custom_padding=&#8221;|||&#8221; global_colors_info=&#8221;{}&#8221; custom_padding__hover=&#8221;|||&#8221;][et_pb_text _builder_version=&#8221;4.16&#8243; background_size=&#8221;initial&#8221; background_position=&#8221;top_left&#8221; background_repeat=&#8221;repeat&#8221; global_colors_info=&#8221;{}&#8221;]<\/p>\n<h1>Nasensprayabh\u00e4ngigkeit<img loading=\"lazy\" decoding=\"async\" class=\"size-full wp-image-7018 alignright\" src=\"https:\/\/capsinol.com\/wp-content\/uploads\/2017\/12\/Stop-neussprayverslaving_v2.png\" alt=\"Stoppen Sie die Nasenspraysucht\" width=\"474\" height=\"315\"><\/h1>\n<p>Nasensprayabh\u00e4ngigkeit ist in den Niederlanden und in Belgien ein ziemlich gro\u00dfes Problem. Viele Menschen wissen nicht, dass ein Nasenspray auf Xylometazolin-Basis jeweils nur eine Woche lang angewendet werden kann. Solche Nasensprays sind \u00fcberall frei verf\u00fcgbar. Infolgedessen scheinen die Menschen weniger Gefahr zu sehen, weiter zu spr\u00fchen. Oder sie haben die Packungsbeilage nicht (richtig) gelesen, wissen es also nicht.<\/p>\n<h2>Was ist eine Nasenspraysucht?<\/h2>\n<p>Der Wirkstoff Xylometazolin macht die Nasenschleimhaut d\u00fcnner. Dadurch verschwindet das verstopfte Gef\u00fchl in der Nase. Da die Wirkstoffe auch die Blutgef\u00e4\u00dfe erweitern, wird die Nasenschleimhaut wieder dicker. Dadurch schlie\u00dft sich die Nase nach einer Weile wieder. Die Konsequenz; Der Benutzer des Nasensprays verwendet das Nasenspray weiterhin, um das verstopfte Gef\u00fchl in der Nase loszuwerden. Wenn Sie das Nasenspray zu lange verwenden, tritt eine Abh\u00e4ngigkeit auf. Ohne Xylometazolin bleibt die Nase einfach geschlossen. Nicht frei durch die Nase zu atmen ist \u00e4rgerlich. Infolgedessen verwenden viele Menschen weiterhin das Nasenspray. Dies f\u00fchrt zu einer Nasenspraysucht.<\/p>\n<h2>Symptome einer Nasenspraysucht<\/h2>\n<p>Eine Nasensprayabh\u00e4ngigkeit kann erkannt werden, wenn Sie mehr als zwei Wochen lang t\u00e4glich Nasenspray verwenden. Sie ben\u00f6tigen das Nasenspray, um die Nase frei zu halten. Ohne Nasenspray k\u00f6nnen Sie nicht frei atmen. Das Xylometazolin beeinflusst die Zilien und die Nasenschleimh\u00e4ute. Die Zilien sch\u00fctzen vor Erk\u00e4ltungsviren. Dadurch geht dieser Schutz verloren, so dass die Erk\u00e4ltungsbeschwerden fr\u00fcher zunehmen.<\/p>\n<h2>Wie kann Capsinol bei Nasenspraysucht helfen?<\/h2>\n<p>Eine Nasensprayabh\u00e4ngigkeit kann behoben werden. Eine L\u00f6sung besteht darin, die Verwendung dieses Xylometazolin-Nasensprays einfach einzustellen. Dadurch reparieren sich die Blutgef\u00e4\u00dfe und die Nasenschleimhaut wird weniger dick. Das stickige Gef\u00fchl verschwindet wieder. F\u00fcr die meisten Menschen ist dies keine gute L\u00f6sung. Es verursacht einige Beschwerden in der Erholungsphase. Eine andere L\u00f6sung besteht darin, es pro Nasenloch zu reduzieren, so dass Sie immer Luft auf einer Seite haben.<\/p>\n<p>Dies ist jedoch nicht f\u00fcr alle eine gute L\u00f6sung. F\u00fcr Menschen mit chronischen Nasenbeschwerden kann Capsinol Nasenspray ein sehr gutes Ergebnis liefern. Capsinol ist v\u00f6llig nat\u00fcrlich<a title=\"Capsinol Nasenspray\" href=\"https:\/\/capsinol.com\/NL\/neusspray\" target=\"_blank\" rel=\"noopener noreferrer\"> Nasenspray<\/a> . Dies kann unbegrenzt verwendet werden und ist nicht sch\u00e4dlich f\u00fcr die Nase. Zus\u00e4tzlich baut es den Widerstand der Nasenschleimh\u00e4ute auf (Hinweis: Dieser Vorgang dauert ca. 2 Wochen!). Die Capsicum annuum Tinktur stimuliert die Schleimhaut und gibt Ihnen ein klares Gef\u00fchl in Ihrem Kopf. Das Salz und Xylit bewirken, dass die Schleimh\u00e4ute schrumpfen. <span style=\"font-size: 14.4px;\">Dies verringert die Schleimproduktion in der Nase und wirkt entz\u00fcndungshemmend. Infolgedessen wird die Nase weniger empfindlich gegen\u00fcber Staub von au\u00dfen, sodass Sie sich weniger erk\u00e4lten. Dieser Effekt kann bis zu einem Jahr anhalten. Auf diese Weise k\u00f6nnen Sie auf nat\u00fcrliche Weise wieder frei durch die Nase atmen.<\/span><\/p>\n<h2>Medizinische Untersuchung<\/h2>\n<p>Ebenfalls medizinische Untersuchung hat gezeigt, dass Capsinol bei chronischen Nasenbeschwerden wirksam ist. Es hat keine negativen Auswirkungen auf den Geruchssinn oder die Nasenschleimhaut (positiv). Es ist auch bei regelm\u00e4\u00dfiger Anwendung nicht sch\u00e4dlich f\u00fcr die Nase. Es gibt also keine s\u00fcchtig machende Wirkung.<\/p>\n<p>F\u00fcr viele Menschen ist es ausreichend, Capsinol Nasenspray f\u00fcr einen bestimmten Zeitraum zu verwenden, bis die Nasensymptome verschwunden sind. Danach k\u00f6nnen die Beschwerden f\u00fcr einen l\u00e4ngeren Zeitraum (durchschnittlich 1 Jahr) verschwinden. Das ist eine ganz andere Person. Wenn einer Flasche bereits geholfen wird, wird sie von der anderen weiterhin regelm\u00e4\u00dfig verwendet. Es funktioniert auch nicht bei jedem, nicht jede Nase reagiert auf den Pfeffer. Im Allgemeinen werden die Menschen immer weniger Nasenspray mit Capsinol verwenden.<\/p>\n<p>Angesichts der vielen guten Ergebnisse mit Capsinol lohnt es sich auf jeden Fall, die Nasenspraysucht loszuwerden!<\/p>\n<p>[\/et_pb_text][\/et_pb_column][\/et_pb_row][\/et_pb_section]<\/p>\n","protected":false},"excerpt":{"rendered":"<p>Nasensprayabh\u00e4ngigkeit Nasensprayabh\u00e4ngigkeit ist in den Niederlanden und in Belgien ein ziemlich gro\u00dfes Problem. Viele Menschen wissen nicht, dass ein Nasenspray auf Xylometazolin-Basis jeweils nur eine Woche lang angewendet werden kann. Solche Nasensprays sind \u00fcberall frei verf\u00fcgbar. Infolgedessen scheinen die Menschen weniger Gefahr zu sehen, weiter zu spr\u00fchen. Oder sie haben die Packungsbeilage nicht (richtig) gelesen, [&hellip;]<\/p>\n","protected":false},"author":5,"featured_media":7021,"parent":0,"menu_order":0,"comment_status":"closed","ping_status":"closed","template":"","meta":{"_acf_changed":false,"_et_pb_use_builder":"on","_et_pb_old_content":"","_et_gb_content_width":"","footnotes":""},"class_list":["post-3204","page","type-page","status-publish","has-post-thumbnail","hentry"],"acf":[],"yoast_head":"<!-- This site is optimized with the Yoast SEO plugin v27.4 - https:\/\/yoast.com\/product\/yoast-seo-wordpress\/ -->\n<title>S\u00fcchtig nach Nasenspray? Roter Pfeffer in der Nase hilft!<\/title>\n<meta name=\"description\" content=\"* Nasensprayabh\u00e4ngigkeit * Dies wird h\u00e4ufig durch chronische Nasenbeschwerden verursacht. Capsinol Nasenspray kann diese Beschwerden ohne Suchtwirkung l\u00f6sen! Lesen Sie mehr &gt;&gt;\" \/>\n<meta name=\"robots\" content=\"index, follow, max-snippet:-1, max-image-preview:large, max-video-preview:-1\" \/>\n<link rel=\"canonical\" href=\"https:\/\/capsinol.com\/de\/nasenspray-sucht\/\" \/>\n<meta property=\"og:locale\" content=\"de_DE\" \/>\n<meta property=\"og:type\" content=\"article\" \/>\n<meta property=\"og:title\" content=\"S\u00fcchtig nach Nasenspray? Roter Pfeffer in der Nase hilft!\" \/>\n<meta property=\"og:description\" content=\"* Nasensprayabh\u00e4ngigkeit * Dies wird h\u00e4ufig durch chronische Nasenbeschwerden verursacht. Capsinol Nasenspray kann diese Beschwerden ohne Suchtwirkung l\u00f6sen! Lesen Sie mehr &gt;&gt;\" \/>\n<meta property=\"og:url\" content=\"https:\/\/capsinol.com\/de\/nasenspray-sucht\/\" \/>\n<meta property=\"og:site_name\" content=\"Capsinol Nasenspray\" \/>\n<meta property=\"article:publisher\" content=\"https:\/\/www.facebook.com\/capsinol\" \/>\n<meta property=\"article:modified_time\" content=\"2022-11-25T10:49:48+00:00\" \/>\n<meta property=\"og:image\" content=\"https:\/\/capsinol.com\/wp-content\/uploads\/2017\/12\/Stop-neussprayverslaving_v2.png\" \/>\n\t<meta property=\"og:image:width\" content=\"474\" \/>\n\t<meta property=\"og:image:height\" content=\"315\" \/>\n\t<meta property=\"og:image:type\" content=\"image\/png\" \/>\n<meta name=\"twitter:card\" content=\"summary_large_image\" \/>\n<meta name=\"twitter:label1\" content=\"Est. reading time\" \/>\n\t<meta name=\"twitter:data1\" content=\"3 minutes\" \/>\n<script type=\"application\/ld+json\" class=\"yoast-schema-graph\">{\"@context\":\"https:\\\/\\\/schema.org\",\"@graph\":[{\"@type\":\"WebPage\",\"@id\":\"https:\\\/\\\/capsinol.com\\\/de\\\/nasenspray-sucht\\\/\",\"url\":\"https:\\\/\\\/capsinol.com\\\/de\\\/nasenspray-sucht\\\/\",\"name\":\"S\u00fcchtig nach Nasenspray? Roter Pfeffer in der Nase hilft!\",\"isPartOf\":{\"@id\":\"https:\\\/\\\/capsinol.com\\\/de\\\/#website\"},\"primaryImageOfPage\":{\"@id\":\"https:\\\/\\\/capsinol.com\\\/de\\\/nasenspray-sucht\\\/#primaryimage\"},\"image\":{\"@id\":\"https:\\\/\\\/capsinol.com\\\/de\\\/nasenspray-sucht\\\/#primaryimage\"},\"thumbnailUrl\":\"https:\\\/\\\/capsinol.com\\\/wp-content\\\/uploads\\\/2017\\\/12\\\/Stop-neussprayverslaving_v2.png\",\"datePublished\":\"2016-11-29T11:09:53+00:00\",\"dateModified\":\"2022-11-25T10:49:48+00:00\",\"description\":\"* Nasensprayabh\u00e4ngigkeit * Dies wird h\u00e4ufig durch chronische Nasenbeschwerden verursacht. Capsinol Nasenspray kann diese Beschwerden ohne Suchtwirkung l\u00f6sen! Lesen Sie mehr >>\",\"breadcrumb\":{\"@id\":\"https:\\\/\\\/capsinol.com\\\/de\\\/nasenspray-sucht\\\/#breadcrumb\"},\"inLanguage\":\"de-DE\",\"potentialAction\":[{\"@type\":\"ReadAction\",\"target\":[\"https:\\\/\\\/capsinol.com\\\/de\\\/nasenspray-sucht\\\/\"]}]},{\"@type\":\"ImageObject\",\"inLanguage\":\"de-DE\",\"@id\":\"https:\\\/\\\/capsinol.com\\\/de\\\/nasenspray-sucht\\\/#primaryimage\",\"url\":\"https:\\\/\\\/capsinol.com\\\/wp-content\\\/uploads\\\/2017\\\/12\\\/Stop-neussprayverslaving_v2.png\",\"contentUrl\":\"https:\\\/\\\/capsinol.com\\\/wp-content\\\/uploads\\\/2017\\\/12\\\/Stop-neussprayverslaving_v2.png\",\"width\":474,\"height\":315,\"caption\":\"Stoppen Sie die Nasenspraysucht\"},{\"@type\":\"BreadcrumbList\",\"@id\":\"https:\\\/\\\/capsinol.com\\\/de\\\/nasenspray-sucht\\\/#breadcrumb\",\"itemListElement\":[{\"@type\":\"ListItem\",\"position\":1,\"name\":\"Home\",\"item\":\"https:\\\/\\\/capsinol.com\\\/de\\\/\"},{\"@type\":\"ListItem\",\"position\":2,\"name\":\"Nasensprayabh\u00e4ngigkeit\"}]},{\"@type\":\"WebSite\",\"@id\":\"https:\\\/\\\/capsinol.com\\\/de\\\/#website\",\"url\":\"https:\\\/\\\/capsinol.com\\\/de\\\/\",\"name\":\"Capsinol neusspray\",\"description\":\"Natuurlijke neusspray\",\"publisher\":{\"@id\":\"https:\\\/\\\/capsinol.com\\\/de\\\/#organization\"},\"potentialAction\":[{\"@type\":\"SearchAction\",\"target\":{\"@type\":\"EntryPoint\",\"urlTemplate\":\"https:\\\/\\\/capsinol.com\\\/de\\\/?s={search_term_string}\"},\"query-input\":{\"@type\":\"PropertyValueSpecification\",\"valueRequired\":true,\"valueName\":\"search_term_string\"}}],\"inLanguage\":\"de-DE\"},{\"@type\":\"Organization\",\"@id\":\"https:\\\/\\\/capsinol.com\\\/de\\\/#organization\",\"name\":\"Capsinol\",\"url\":\"https:\\\/\\\/capsinol.com\\\/de\\\/\",\"logo\":{\"@type\":\"ImageObject\",\"inLanguage\":\"de-DE\",\"@id\":\"https:\\\/\\\/capsinol.com\\\/de\\\/#\\\/schema\\\/logo\\\/image\\\/\",\"url\":\"https:\\\/\\\/i0.wp.com\\\/capsinol.com\\\/wp-content\\\/uploads\\\/2016\\\/09\\\/cropped-logo-capsinol.png?fit=512%2C512&ssl=1\",\"contentUrl\":\"https:\\\/\\\/i0.wp.com\\\/capsinol.com\\\/wp-content\\\/uploads\\\/2016\\\/09\\\/cropped-logo-capsinol.png?fit=512%2C512&ssl=1\",\"width\":512,\"height\":512,\"caption\":\"Capsinol\"},\"image\":{\"@id\":\"https:\\\/\\\/capsinol.com\\\/de\\\/#\\\/schema\\\/logo\\\/image\\\/\"},\"sameAs\":[\"https:\\\/\\\/www.facebook.com\\\/capsinol\"]}]}<\/script>\n<!-- \/ Yoast SEO plugin. -->","yoast_head_json":{"title":"S\u00fcchtig nach Nasenspray? Roter Pfeffer in der Nase hilft!","description":"* Nasensprayabh\u00e4ngigkeit * Dies wird h\u00e4ufig durch chronische Nasenbeschwerden verursacht. Capsinol Nasenspray kann diese Beschwerden ohne Suchtwirkung l\u00f6sen! Lesen Sie mehr >>","robots":{"index":"index","follow":"follow","max-snippet":"max-snippet:-1","max-image-preview":"max-image-preview:large","max-video-preview":"max-video-preview:-1"},"canonical":"https:\/\/capsinol.com\/de\/nasenspray-sucht\/","og_locale":"de_DE","og_type":"article","og_title":"S\u00fcchtig nach Nasenspray? Roter Pfeffer in der Nase hilft!","og_description":"* Nasensprayabh\u00e4ngigkeit * Dies wird h\u00e4ufig durch chronische Nasenbeschwerden verursacht. Capsinol Nasenspray kann diese Beschwerden ohne Suchtwirkung l\u00f6sen! Lesen Sie mehr >>","og_url":"https:\/\/capsinol.com\/de\/nasenspray-sucht\/","og_site_name":"Capsinol Nasenspray","article_publisher":"https:\/\/www.facebook.com\/capsinol","article_modified_time":"2022-11-25T10:49:48+00:00","og_image":[{"width":474,"height":315,"url":"https:\/\/capsinol.com\/wp-content\/uploads\/2017\/12\/Stop-neussprayverslaving_v2.png","type":"image\/png"}],"twitter_card":"summary_large_image","twitter_misc":{"Est. reading time":"3 minutes"},"schema":{"@context":"https:\/\/schema.org","@graph":[{"@type":"WebPage","@id":"https:\/\/capsinol.com\/de\/nasenspray-sucht\/","url":"https:\/\/capsinol.com\/de\/nasenspray-sucht\/","name":"S\u00fcchtig nach Nasenspray? Roter Pfeffer in der Nase hilft!","isPartOf":{"@id":"https:\/\/capsinol.com\/de\/#website"},"primaryImageOfPage":{"@id":"https:\/\/capsinol.com\/de\/nasenspray-sucht\/#primaryimage"},"image":{"@id":"https:\/\/capsinol.com\/de\/nasenspray-sucht\/#primaryimage"},"thumbnailUrl":"https:\/\/capsinol.com\/wp-content\/uploads\/2017\/12\/Stop-neussprayverslaving_v2.png","datePublished":"2016-11-29T11:09:53+00:00","dateModified":"2022-11-25T10:49:48+00:00","description":"* Nasensprayabh\u00e4ngigkeit * Dies wird h\u00e4ufig durch chronische Nasenbeschwerden verursacht. Capsinol Nasenspray kann diese Beschwerden ohne Suchtwirkung l\u00f6sen! Lesen Sie mehr >>","breadcrumb":{"@id":"https:\/\/capsinol.com\/de\/nasenspray-sucht\/#breadcrumb"},"inLanguage":"de-DE","potentialAction":[{"@type":"ReadAction","target":["https:\/\/capsinol.com\/de\/nasenspray-sucht\/"]}]},{"@type":"ImageObject","inLanguage":"de-DE","@id":"https:\/\/capsinol.com\/de\/nasenspray-sucht\/#primaryimage","url":"https:\/\/capsinol.com\/wp-content\/uploads\/2017\/12\/Stop-neussprayverslaving_v2.png","contentUrl":"https:\/\/capsinol.com\/wp-content\/uploads\/2017\/12\/Stop-neussprayverslaving_v2.png","width":474,"height":315,"caption":"Stoppen Sie die Nasenspraysucht"},{"@type":"BreadcrumbList","@id":"https:\/\/capsinol.com\/de\/nasenspray-sucht\/#breadcrumb","itemListElement":[{"@type":"ListItem","position":1,"name":"Home","item":"https:\/\/capsinol.com\/de\/"},{"@type":"ListItem","position":2,"name":"Nasensprayabh\u00e4ngigkeit"}]},{"@type":"WebSite","@id":"https:\/\/capsinol.com\/de\/#website","url":"https:\/\/capsinol.com\/de\/","name":"Capsinol neusspray","description":"Natuurlijke neusspray","publisher":{"@id":"https:\/\/capsinol.com\/de\/#organization"},"potentialAction":[{"@type":"SearchAction","target":{"@type":"EntryPoint","urlTemplate":"https:\/\/capsinol.com\/de\/?s={search_term_string}"},"query-input":{"@type":"PropertyValueSpecification","valueRequired":true,"valueName":"search_term_string"}}],"inLanguage":"de-DE"},{"@type":"Organization","@id":"https:\/\/capsinol.com\/de\/#organization","name":"Capsinol","url":"https:\/\/capsinol.com\/de\/","logo":{"@type":"ImageObject","inLanguage":"de-DE","@id":"https:\/\/capsinol.com\/de\/#\/schema\/logo\/image\/","url":"https:\/\/i0.wp.com\/capsinol.com\/wp-content\/uploads\/2016\/09\/cropped-logo-capsinol.png?fit=512%2C512&ssl=1","contentUrl":"https:\/\/i0.wp.com\/capsinol.com\/wp-content\/uploads\/2016\/09\/cropped-logo-capsinol.png?fit=512%2C512&ssl=1","width":512,"height":512,"caption":"Capsinol"},"image":{"@id":"https:\/\/capsinol.com\/de\/#\/schema\/logo\/image\/"},"sameAs":["https:\/\/www.facebook.com\/capsinol"]}]}},"_links":{"self":[{"href":"https:\/\/capsinol.com\/de\/wp-json\/wp\/v2\/pages\/3204","targetHints":{"allow":["GET"]}}],"collection":[{"href":"https:\/\/capsinol.com\/de\/wp-json\/wp\/v2\/pages"}],"about":[{"href":"https:\/\/capsinol.com\/de\/wp-json\/wp\/v2\/types\/page"}],"author":[{"embeddable":true,"href":"https:\/\/capsinol.com\/de\/wp-json\/wp\/v2\/users\/5"}],"replies":[{"embeddable":true,"href":"https:\/\/capsinol.com\/de\/wp-json\/wp\/v2\/comments?post=3204"}],"version-history":[{"count":5,"href":"https:\/\/capsinol.com\/de\/wp-json\/wp\/v2\/pages\/3204\/revisions"}],"predecessor-version":[{"id":40048,"href":"https:\/\/capsinol.com\/de\/wp-json\/wp\/v2\/pages\/3204\/revisions\/40048"}],"wp:featuredmedia":[{"embeddable":true,"href":"https:\/\/capsinol.com\/de\/wp-json\/wp\/v2\/media\/7021"}],"wp:attachment":[{"href":"https:\/\/capsinol.com\/de\/wp-json\/wp\/v2\/media?parent=3204"}],"curies":[{"name":"wp","href":"https:\/\/api.w.org\/{rel}","templated":true}]}}