{"id":52139,"date":"2024-01-11T19:16:44","date_gmt":"2024-01-11T18:16:44","guid":{"rendered":"https:\/\/capsinol.com\/gebrauchsanweisung-fuer-capsinol-nasenspray\/"},"modified":"2024-01-26T09:49:00","modified_gmt":"2024-01-26T08:49:00","slug":"gebrauchsanweisung-fuer-capsinol-nasenspray","status":"publish","type":"page","link":"https:\/\/capsinol.com\/de\/gebrauchsanweisung-fuer-capsinol-nasenspray\/","title":{"rendered":"Gebrauchsanweisung f\u00fcr Capsinol Nasenspray"},"content":{"rendered":"<p>[et_pb_section fb_built=&#8221;1&#8243; _builder_version=&#8221;4.16&#8243; _module_preset=&#8221;default&#8221; global_colors_info=&#8221;{}&#8221;][et_pb_row _builder_version=&#8221;4.16&#8243; _module_preset=&#8221;default&#8221; global_colors_info=&#8221;{}&#8221;][et_pb_column type=&#8221;4_4&#8243; _builder_version=&#8221;4.16&#8243; _module_preset=&#8221;default&#8221; global_colors_info=&#8221;{}&#8221;][et_pb_text _builder_version=&#8221;4.20.4&#8243; _module_preset=&#8221;default&#8221; hover_enabled=&#8221;0&#8243; global_colors_info=&#8221;{}&#8221; sticky_enabled=&#8221;0&#8243;]<\/p>\n<h1>Gebrauchsanweisung f\u00fcr Capsinol Nasenspray<\/h1>\n<p><em>Lesen Sie diese Gebrauchsanweisung sorgf\u00e4ltig durch, bevor Sie Capsinol Nasenspray verwenden. Wenn Sie Fragen haben, stellen Sie diese bitte Ihrem Arzt, Apotheker oder Drogisten.<\/em><\/p>\n<h2>Anwendungsbereich<\/h2>\n<p>Verwendung bei (chronischen) Nasenbeschwerden. Bietet Linderung bei verstopften Nebenh\u00f6hlen und Druckgef\u00fchl in der Stirn und hilft dabei, freier durch die Nase zu atmen. Capsinol Nasenspray kann \u00fcber l\u00e4ngere Zeit verwendet werden und macht nicht abh\u00e4ngig. Es basiert vollst\u00e4ndig auf nat\u00fcrlichen Inhaltsstoffen und ist nicht gesundheitssch\u00e4dlich.<\/p>\n<h2>Produktbeschreibung<\/h2>\n<p>Capsinol ist ein vollst\u00e4ndig nat\u00fcrliches Nasenspray mit Capsaicin als Hauptwirkstoff. Capsaicin ist eine Komponente von spanischen Paprika (Capsicum), die f\u00fcr das scharfe Gef\u00fchl verantwortlich ist.<\/p>\n<h2>Wirkungsweise des Nasensprays<\/h2>\n<p>Untersuchungen haben gezeigt, dass dieser Bestandteil das \u00fcberaktive Nervensystem hemmt. Insbesondere bei Menschen mit chronischen Nasenbeschwerden ohne erkennbare Ursache hat Capsaicin oft eine (anhaltend) positive Wirkung. Es gibt auch keine nachteiligen Auswirkungen des Pfeffersprays auf den Geruch oder die Nasenschleimhaut.  Die Eukalyptus- und Rosmarin\u00f6le sind bekannt f\u00fcr ihre entz\u00fcndungshemmenden Eigenschaften.<\/p>\n<h2>Anwendung<\/h2>\n<p>Vor Gebrauch gut sch\u00fctteln. Spr\u00fchen Sie dreimal t\u00e4glich 2 bis 4 Mal in jedes Nasenloch. Atmen Sie nach jedem Spr\u00fchsto\u00df ruhig ein. In der Regel sp\u00fcren Sie innerhalb von 2-12 Minuten eine Linderung.<\/p>\n<ol>\n<li>Vor Gebrauch gut sch\u00fctteln. \u00d6ffnen Sie die Verpackung und entfernen Sie die transparente Schutzkappe.<\/li>\n<li>2. Halten Sie die Flasche unten mit dem Daumen und das Oberteil zwischen Zeige- und Mittelfinger. Wenn Sie das Spray zum ersten Mal verwenden, spr\u00fchen Sie mehrmals in die Luft, bis Fl\u00fcssigkeit austritt. <\/li>\n<li>F\u00fchren Sie das Nasenst\u00fcck in das Nasenloch ein. Spr\u00fchen Sie und atmen Sie dabei ruhig durch die Nase ein. Wiederholen Sie dies im anderen Nasenloch. Reinigen Sie die Spitze nach Gebrauch und setzen Sie die Kappe wieder auf.   <\/li>\n<\/ol>\n<h2>Vorsichtsma\u00dfnahmen<\/h2>\n<p>Nicht verwenden, wenn Sie empfindlich oder allergisch gegen einen der Inhaltsstoffe sind. Teilen Sie das Nasenspray nicht mit anderen Personen. Direkt nach der Anwendung kann ein leichtes Brennen auftreten, dies ist nicht sch\u00e4dlich und das Gef\u00fchl l\u00e4sst nach, wenn Sie das Nasenspray regelm\u00e4\u00dfig verwenden.<\/p>\n<h2>Warnungen<\/h2>\n<p>Nicht in die Augen spr\u00fchen. Au\u00dferhalb der Reichweite von Kindern aufbewahren. Capsinol Original und Mild Formel nicht bei Kindern unter 12 Jahren verwenden. Konsultieren Sie Ihren Arzt bez\u00fcglich der Anwendung w\u00e4hrend der Schwangerschaft.  <\/p>\n<h2>Zutaten<\/h2>\n<p>Wasser, Natriumchlorid (1,1%), Xylitol (1,1%), Eukalyptus globulus Blatttinktur, Capsicum annuum Tinktur (mit Capsaicin), Kaliumsorbat (Konservierungsmittel). Die Milde Formel enth\u00e4lt au\u00dferdem Mutterkraut (Fieberklee). <\/p>\n<h2>Behalten<\/h2>\n<p>Bei Raumtemperatur (unter 25\u00b0C) bis zum Verfallsdatum auf der Flasche aufbewahren. Nach dem \u00d6ffnen\/Gebrauch noch 3 Monate haltbar. Nach 3 Monaten kann die Wirkung von Capsaicin m\u00f6glicherweise nachlassen und daher weniger effektiv sein.  <\/p>\n<h2>Verpackung<\/h2>\n<p>Capsinol Nasenspray wird in einer 20-ml-Flasche mit Spr\u00fchmechanismus geliefert.<\/p>\n<h2>Hersteller<\/h2>\n<p>In Autrag gegeben von: Rehocare BV, Soest &#8211; NL, www.capsinol.nl<\/p>\n<p><em>Capsinol wurde als Medizinprodukt der Klasse I gemeldet.<\/em><\/p>\n<p>[\/et_pb_text][\/et_pb_column][\/et_pb_row][\/et_pb_section]<\/p>\n","protected":false},"excerpt":{"rendered":"<p>Gebrauchsanweisung f\u00fcr Capsinol Nasenspray Lesen Sie diese Gebrauchsanweisung sorgf\u00e4ltig durch, bevor Sie Capsinol Nasenspray verwenden. Wenn Sie Fragen haben, stellen Sie diese bitte Ihrem Arzt, Apotheker oder Drogisten. Anwendungsbereich Verwendung bei (chronischen) Nasenbeschwerden. Bietet Linderung bei verstopften Nebenh\u00f6hlen und Druckgef\u00fchl in der Stirn und hilft dabei, freier durch die Nase zu atmen. Capsinol Nasenspray kann [&hellip;]<\/p>\n","protected":false},"author":5,"featured_media":948,"parent":0,"menu_order":0,"comment_status":"closed","ping_status":"closed","template":"","meta":{"_acf_changed":false,"_et_pb_use_builder":"on","_et_pb_old_content":"","_et_gb_content_width":"","footnotes":""},"class_list":["post-52139","page","type-page","status-publish","has-post-thumbnail","hentry"],"acf":[],"yoast_head":"<!-- This site is optimized with the Yoast SEO plugin v27.5 - https:\/\/yoast.com\/product\/yoast-seo-wordpress\/ -->\n<title>Gebrauchsanweisung f\u00fcr Capsinol Nasenspray - Capsinol Nasenspray<\/title>\n<meta name=\"description\" content=\"Lesen Sie diese Gebrauchsanweisung sorgf\u00e4ltig durch, bevor Sie Capsinol Nasenspray verwenden. Wenn Sie Fragen haben, stellen Sie diese bitte Ihrem Arzt, Apotheker oder Drogisten.\" \/>\n<meta name=\"robots\" content=\"index, follow, max-snippet:-1, max-image-preview:large, max-video-preview:-1\" \/>\n<link rel=\"canonical\" href=\"https:\/\/capsinol.com\/de\/gebrauchsanweisung-fuer-capsinol-nasenspray\/\" \/>\n<meta property=\"og:locale\" content=\"de_DE\" \/>\n<meta property=\"og:type\" content=\"article\" \/>\n<meta property=\"og:title\" content=\"Gebrauchsanweisung f\u00fcr Capsinol Nasenspray - Capsinol Nasenspray\" \/>\n<meta property=\"og:description\" content=\"Lesen Sie diese Gebrauchsanweisung sorgf\u00e4ltig durch, bevor Sie Capsinol Nasenspray verwenden. Wenn Sie Fragen haben, stellen Sie diese bitte Ihrem Arzt, Apotheker oder Drogisten.\" \/>\n<meta property=\"og:url\" content=\"https:\/\/capsinol.com\/de\/gebrauchsanweisung-fuer-capsinol-nasenspray\/\" \/>\n<meta property=\"og:site_name\" content=\"Capsinol Nasenspray\" \/>\n<meta property=\"article:publisher\" content=\"https:\/\/www.facebook.com\/capsinol\" \/>\n<meta property=\"article:modified_time\" content=\"2024-01-26T08:49:00+00:00\" \/>\n<meta property=\"og:image\" content=\"https:\/\/capsinol.com\/wp-content\/uploads\/2016\/09\/cropped-logo-capsinol.png\" \/>\n\t<meta property=\"og:image:width\" content=\"512\" \/>\n\t<meta property=\"og:image:height\" content=\"512\" \/>\n\t<meta property=\"og:image:type\" content=\"image\/png\" \/>\n<meta name=\"twitter:card\" content=\"summary_large_image\" \/>\n<meta name=\"twitter:label1\" content=\"Est. reading time\" \/>\n\t<meta name=\"twitter:data1\" content=\"3 minutes\" \/>\n<script type=\"application\/ld+json\" class=\"yoast-schema-graph\">{\"@context\":\"https:\\\/\\\/schema.org\",\"@graph\":[{\"@type\":\"WebPage\",\"@id\":\"https:\\\/\\\/capsinol.com\\\/de\\\/gebrauchsanweisung-fuer-capsinol-nasenspray\\\/\",\"url\":\"https:\\\/\\\/capsinol.com\\\/de\\\/gebrauchsanweisung-fuer-capsinol-nasenspray\\\/\",\"name\":\"Gebrauchsanweisung f\u00fcr Capsinol Nasenspray - Capsinol Nasenspray\",\"isPartOf\":{\"@id\":\"https:\\\/\\\/capsinol.com\\\/de\\\/#website\"},\"primaryImageOfPage\":{\"@id\":\"https:\\\/\\\/capsinol.com\\\/de\\\/gebrauchsanweisung-fuer-capsinol-nasenspray\\\/#primaryimage\"},\"image\":{\"@id\":\"https:\\\/\\\/capsinol.com\\\/de\\\/gebrauchsanweisung-fuer-capsinol-nasenspray\\\/#primaryimage\"},\"thumbnailUrl\":\"https:\\\/\\\/capsinol.com\\\/wp-content\\\/uploads\\\/2016\\\/09\\\/cropped-logo-capsinol.png\",\"datePublished\":\"2024-01-11T18:16:44+00:00\",\"dateModified\":\"2024-01-26T08:49:00+00:00\",\"description\":\"Lesen Sie diese Gebrauchsanweisung sorgf\u00e4ltig durch, bevor Sie Capsinol Nasenspray verwenden. Wenn Sie Fragen haben, stellen Sie diese bitte Ihrem Arzt, Apotheker oder Drogisten.\",\"breadcrumb\":{\"@id\":\"https:\\\/\\\/capsinol.com\\\/de\\\/gebrauchsanweisung-fuer-capsinol-nasenspray\\\/#breadcrumb\"},\"inLanguage\":\"de-DE\",\"potentialAction\":[{\"@type\":\"ReadAction\",\"target\":[\"https:\\\/\\\/capsinol.com\\\/de\\\/gebrauchsanweisung-fuer-capsinol-nasenspray\\\/\"]}]},{\"@type\":\"ImageObject\",\"inLanguage\":\"de-DE\",\"@id\":\"https:\\\/\\\/capsinol.com\\\/de\\\/gebrauchsanweisung-fuer-capsinol-nasenspray\\\/#primaryimage\",\"url\":\"https:\\\/\\\/capsinol.com\\\/wp-content\\\/uploads\\\/2016\\\/09\\\/cropped-logo-capsinol.png\",\"contentUrl\":\"https:\\\/\\\/capsinol.com\\\/wp-content\\\/uploads\\\/2016\\\/09\\\/cropped-logo-capsinol.png\",\"width\":512,\"height\":512},{\"@type\":\"BreadcrumbList\",\"@id\":\"https:\\\/\\\/capsinol.com\\\/de\\\/gebrauchsanweisung-fuer-capsinol-nasenspray\\\/#breadcrumb\",\"itemListElement\":[{\"@type\":\"ListItem\",\"position\":1,\"name\":\"Home\",\"item\":\"https:\\\/\\\/capsinol.com\\\/de\\\/\"},{\"@type\":\"ListItem\",\"position\":2,\"name\":\"Gebrauchsanweisung f\u00fcr Capsinol Nasenspray\"}]},{\"@type\":\"WebSite\",\"@id\":\"https:\\\/\\\/capsinol.com\\\/de\\\/#website\",\"url\":\"https:\\\/\\\/capsinol.com\\\/de\\\/\",\"name\":\"Capsinol neusspray\",\"description\":\"Natuurlijke neusspray\",\"publisher\":{\"@id\":\"https:\\\/\\\/capsinol.com\\\/de\\\/#organization\"},\"potentialAction\":[{\"@type\":\"SearchAction\",\"target\":{\"@type\":\"EntryPoint\",\"urlTemplate\":\"https:\\\/\\\/capsinol.com\\\/de\\\/?s={search_term_string}\"},\"query-input\":{\"@type\":\"PropertyValueSpecification\",\"valueRequired\":true,\"valueName\":\"search_term_string\"}}],\"inLanguage\":\"de-DE\"},{\"@type\":\"Organization\",\"@id\":\"https:\\\/\\\/capsinol.com\\\/de\\\/#organization\",\"name\":\"Capsinol\",\"url\":\"https:\\\/\\\/capsinol.com\\\/de\\\/\",\"logo\":{\"@type\":\"ImageObject\",\"inLanguage\":\"de-DE\",\"@id\":\"https:\\\/\\\/capsinol.com\\\/de\\\/#\\\/schema\\\/logo\\\/image\\\/\",\"url\":\"https:\\\/\\\/i0.wp.com\\\/capsinol.com\\\/wp-content\\\/uploads\\\/2016\\\/09\\\/cropped-logo-capsinol.png?fit=512%2C512&ssl=1\",\"contentUrl\":\"https:\\\/\\\/i0.wp.com\\\/capsinol.com\\\/wp-content\\\/uploads\\\/2016\\\/09\\\/cropped-logo-capsinol.png?fit=512%2C512&ssl=1\",\"width\":512,\"height\":512,\"caption\":\"Capsinol\"},\"image\":{\"@id\":\"https:\\\/\\\/capsinol.com\\\/de\\\/#\\\/schema\\\/logo\\\/image\\\/\"},\"sameAs\":[\"https:\\\/\\\/www.facebook.com\\\/capsinol\"]}]}<\/script>\n<!-- \/ Yoast SEO plugin. -->","yoast_head_json":{"title":"Gebrauchsanweisung f\u00fcr Capsinol Nasenspray - Capsinol Nasenspray","description":"Lesen Sie diese Gebrauchsanweisung sorgf\u00e4ltig durch, bevor Sie Capsinol Nasenspray verwenden. Wenn Sie Fragen haben, stellen Sie diese bitte Ihrem Arzt, Apotheker oder Drogisten.","robots":{"index":"index","follow":"follow","max-snippet":"max-snippet:-1","max-image-preview":"max-image-preview:large","max-video-preview":"max-video-preview:-1"},"canonical":"https:\/\/capsinol.com\/de\/gebrauchsanweisung-fuer-capsinol-nasenspray\/","og_locale":"de_DE","og_type":"article","og_title":"Gebrauchsanweisung f\u00fcr Capsinol Nasenspray - Capsinol Nasenspray","og_description":"Lesen Sie diese Gebrauchsanweisung sorgf\u00e4ltig durch, bevor Sie Capsinol Nasenspray verwenden. Wenn Sie Fragen haben, stellen Sie diese bitte Ihrem Arzt, Apotheker oder Drogisten.","og_url":"https:\/\/capsinol.com\/de\/gebrauchsanweisung-fuer-capsinol-nasenspray\/","og_site_name":"Capsinol Nasenspray","article_publisher":"https:\/\/www.facebook.com\/capsinol","article_modified_time":"2024-01-26T08:49:00+00:00","og_image":[{"width":512,"height":512,"url":"https:\/\/capsinol.com\/wp-content\/uploads\/2016\/09\/cropped-logo-capsinol.png","type":"image\/png"}],"twitter_card":"summary_large_image","twitter_misc":{"Est. reading time":"3 minutes"},"schema":{"@context":"https:\/\/schema.org","@graph":[{"@type":"WebPage","@id":"https:\/\/capsinol.com\/de\/gebrauchsanweisung-fuer-capsinol-nasenspray\/","url":"https:\/\/capsinol.com\/de\/gebrauchsanweisung-fuer-capsinol-nasenspray\/","name":"Gebrauchsanweisung f\u00fcr Capsinol Nasenspray - Capsinol Nasenspray","isPartOf":{"@id":"https:\/\/capsinol.com\/de\/#website"},"primaryImageOfPage":{"@id":"https:\/\/capsinol.com\/de\/gebrauchsanweisung-fuer-capsinol-nasenspray\/#primaryimage"},"image":{"@id":"https:\/\/capsinol.com\/de\/gebrauchsanweisung-fuer-capsinol-nasenspray\/#primaryimage"},"thumbnailUrl":"https:\/\/capsinol.com\/wp-content\/uploads\/2016\/09\/cropped-logo-capsinol.png","datePublished":"2024-01-11T18:16:44+00:00","dateModified":"2024-01-26T08:49:00+00:00","description":"Lesen Sie diese Gebrauchsanweisung sorgf\u00e4ltig durch, bevor Sie Capsinol Nasenspray verwenden. Wenn Sie Fragen haben, stellen Sie diese bitte Ihrem Arzt, Apotheker oder Drogisten.","breadcrumb":{"@id":"https:\/\/capsinol.com\/de\/gebrauchsanweisung-fuer-capsinol-nasenspray\/#breadcrumb"},"inLanguage":"de-DE","potentialAction":[{"@type":"ReadAction","target":["https:\/\/capsinol.com\/de\/gebrauchsanweisung-fuer-capsinol-nasenspray\/"]}]},{"@type":"ImageObject","inLanguage":"de-DE","@id":"https:\/\/capsinol.com\/de\/gebrauchsanweisung-fuer-capsinol-nasenspray\/#primaryimage","url":"https:\/\/capsinol.com\/wp-content\/uploads\/2016\/09\/cropped-logo-capsinol.png","contentUrl":"https:\/\/capsinol.com\/wp-content\/uploads\/2016\/09\/cropped-logo-capsinol.png","width":512,"height":512},{"@type":"BreadcrumbList","@id":"https:\/\/capsinol.com\/de\/gebrauchsanweisung-fuer-capsinol-nasenspray\/#breadcrumb","itemListElement":[{"@type":"ListItem","position":1,"name":"Home","item":"https:\/\/capsinol.com\/de\/"},{"@type":"ListItem","position":2,"name":"Gebrauchsanweisung f\u00fcr Capsinol Nasenspray"}]},{"@type":"WebSite","@id":"https:\/\/capsinol.com\/de\/#website","url":"https:\/\/capsinol.com\/de\/","name":"Capsinol neusspray","description":"Natuurlijke neusspray","publisher":{"@id":"https:\/\/capsinol.com\/de\/#organization"},"potentialAction":[{"@type":"SearchAction","target":{"@type":"EntryPoint","urlTemplate":"https:\/\/capsinol.com\/de\/?s={search_term_string}"},"query-input":{"@type":"PropertyValueSpecification","valueRequired":true,"valueName":"search_term_string"}}],"inLanguage":"de-DE"},{"@type":"Organization","@id":"https:\/\/capsinol.com\/de\/#organization","name":"Capsinol","url":"https:\/\/capsinol.com\/de\/","logo":{"@type":"ImageObject","inLanguage":"de-DE","@id":"https:\/\/capsinol.com\/de\/#\/schema\/logo\/image\/","url":"https:\/\/i0.wp.com\/capsinol.com\/wp-content\/uploads\/2016\/09\/cropped-logo-capsinol.png?fit=512%2C512&ssl=1","contentUrl":"https:\/\/i0.wp.com\/capsinol.com\/wp-content\/uploads\/2016\/09\/cropped-logo-capsinol.png?fit=512%2C512&ssl=1","width":512,"height":512,"caption":"Capsinol"},"image":{"@id":"https:\/\/capsinol.com\/de\/#\/schema\/logo\/image\/"},"sameAs":["https:\/\/www.facebook.com\/capsinol"]}]}},"_links":{"self":[{"href":"https:\/\/capsinol.com\/de\/wp-json\/wp\/v2\/pages\/52139","targetHints":{"allow":["GET"]}}],"collection":[{"href":"https:\/\/capsinol.com\/de\/wp-json\/wp\/v2\/pages"}],"about":[{"href":"https:\/\/capsinol.com\/de\/wp-json\/wp\/v2\/types\/page"}],"author":[{"embeddable":true,"href":"https:\/\/capsinol.com\/de\/wp-json\/wp\/v2\/users\/5"}],"replies":[{"embeddable":true,"href":"https:\/\/capsinol.com\/de\/wp-json\/wp\/v2\/comments?post=52139"}],"version-history":[{"count":5,"href":"https:\/\/capsinol.com\/de\/wp-json\/wp\/v2\/pages\/52139\/revisions"}],"predecessor-version":[{"id":52187,"href":"https:\/\/capsinol.com\/de\/wp-json\/wp\/v2\/pages\/52139\/revisions\/52187"}],"wp:featuredmedia":[{"embeddable":true,"href":"https:\/\/capsinol.com\/de\/wp-json\/wp\/v2\/media\/948"}],"wp:attachment":[{"href":"https:\/\/capsinol.com\/de\/wp-json\/wp\/v2\/media?parent=52139"}],"curies":[{"name":"wp","href":"https:\/\/api.w.org\/{rel}","templated":true}]}}