{"id":5612,"date":"2021-02-01T16:23:00","date_gmt":"2021-02-01T15:23:00","guid":{"rendered":"https:\/\/capsinol.com\/?page_id=5612\/"},"modified":"2024-01-26T09:49:23","modified_gmt":"2024-01-26T08:49:23","slug":"schwangerschaft","status":"publish","type":"page","link":"https:\/\/capsinol.com\/de\/schwangerschaft\/","title":{"rendered":"Schwangerschaft"},"content":{"rendered":"<p>[et_pb_section fb_built=&#8221;1&#8243; _builder_version=&#8221;4.16&#8243; _module_preset=&#8221;default&#8221; global_colors_info=&#8221;{}&#8221;][et_pb_row _builder_version=&#8221;4.23.1&#8243; _module_preset=&#8221;default&#8221; custom_margin=&#8221;|auto||200px|false|false&#8221; hover_enabled=&#8221;0&#8243; global_colors_info=&#8221;{}&#8221; use_custom_gutter=&#8221;on&#8221; width=&#8221;66%&#8221; max_width=&#8221;1163px&#8221; sticky_enabled=&#8221;0&#8243;][et_pb_column type=&#8221;4_4&#8243; _builder_version=&#8221;4.16&#8243; _module_preset=&#8221;default&#8221; global_colors_info=&#8221;{}&#8221;][et_pb_text _builder_version=&#8221;4.23.1&#8243; _module_preset=&#8221;default&#8221; global_colors_info=&#8221;{}&#8221; width=&#8221;98.5%&#8221;]<\/p>\n<h1><\/h1>\n<h1>K\u00f6nnen Sie Capsinol w\u00e4hrend der Schwangerschaft anwenden?<\/h1>\n<p><img loading=\"lazy\" decoding=\"async\" class=\"alignright wp-image-5632\" src=\"https:\/\/capsinol.com\/wp-content\/uploads\/2017\/08\/neusspray-bij-zwangerschap.jpg\" alt=\"Nasenspray in der Schwangerschaft\" width=\"250\" height=\"166\"><\/p>\n<p>Wir k\u00f6nnen diese Frage leider nicht konkret beantworten. Capsinol wurde nicht medizinisch getestet und daher k\u00f6nnen wir dies nicht kommentieren.<\/p>\n<p>Wir k\u00f6nnen jedoch sagen, dass die Original Formula und die Extra Strong keine Inhaltsstoffe enthalten, die an sich f\u00fcr eine Schwangerschaft sch\u00e4dlich sind.<\/p>\n<p>Wir empfehlen die milde Formel w\u00e4hrend der Schwangerschaft nicht. Dies liegt daran, dass es Mutterkraut (Mutterkraut) als zus\u00e4tzliche Zutat enth\u00e4lt. Diese Substanz hat eine leicht blutverd\u00fcnnende Wirkung und kann m\u00f6glicherweise zu Wehen f\u00fchren. Die Menge an Mutterkraut ist so gering, dass wir nicht erwarten, dass es als kleiner Ausl\u00f6ser hilft. Sollte dieses Bed\u00fcrfnis am Ende der Schwangerschaft noch bestehen.<\/p>\n<p>Passt auf! Ein Standard-Nasenspray auf der Basis von Xylometazolin ist f\u00fcr das ungeborene Kind im ersten Trimester nicht geeignet. Kochsalzl\u00f6sung ist zwar weniger effektiv, in dieser Zeit jedoch eine gesunde Alternative.<\/p>\n<h2>Capsinol w\u00e4hrend des Stillens<\/h2>\n<p>In der Stillzeit k\u00f6nnen beide Formeln sowie Capsinol Heuschnupfen und Capsinol Nasen\u00f6l wie gewohnt verwendet werden.<\/p>\n<p><strong>Im Zweifel:<\/strong> Fragen Sie im Zweifelsfall Ihren Arzt oder Apotheker.<\/p>\n<p><em>Wir w\u00fcnschen Ihnen eine angenehme und unbeschwerte Schwangerschaft!<\/em><\/p>\n<hr>\n<p>&nbsp;<\/p>\n<p>[\/et_pb_text][\/et_pb_column][\/et_pb_row][\/et_pb_section]<\/p>\n","protected":false},"excerpt":{"rendered":"<p>K\u00f6nnen Sie Capsinol w\u00e4hrend der Schwangerschaft anwenden? Wir k\u00f6nnen diese Frage leider nicht konkret beantworten. Capsinol wurde nicht medizinisch getestet und daher k\u00f6nnen wir dies nicht kommentieren. Wir k\u00f6nnen jedoch sagen, dass die Original Formula und die Extra Strong keine Inhaltsstoffe enthalten, die an sich f\u00fcr eine Schwangerschaft sch\u00e4dlich sind. Wir empfehlen die milde Formel [&hellip;]<\/p>\n","protected":false},"author":5,"featured_media":5635,"parent":0,"menu_order":0,"comment_status":"closed","ping_status":"closed","template":"","meta":{"_acf_changed":false,"_et_pb_use_builder":"on","_et_pb_old_content":"","_et_gb_content_width":"","footnotes":""},"class_list":["post-5612","page","type-page","status-publish","has-post-thumbnail","hentry"],"acf":[],"yoast_head":"<!-- This site is optimized with the Yoast SEO plugin v27.5 - https:\/\/yoast.com\/product\/yoast-seo-wordpress\/ -->\n<title>Schwangerschaft - Capsinol Nasenspray<\/title>\n<meta name=\"description\" content=\"Informationen zur Capsinol-Schwangerschaft bei Verwendung von Capsinol-Nasensprays\" \/>\n<meta name=\"robots\" content=\"index, follow, max-snippet:-1, max-image-preview:large, max-video-preview:-1\" \/>\n<link rel=\"canonical\" href=\"https:\/\/capsinol.com\/de\/schwangerschaft\/\" \/>\n<meta property=\"og:locale\" content=\"de_DE\" \/>\n<meta property=\"og:type\" content=\"article\" \/>\n<meta property=\"og:title\" content=\"Schwangerschaft - Capsinol Nasenspray\" \/>\n<meta property=\"og:description\" content=\"Informationen zur Capsinol-Schwangerschaft bei Verwendung von Capsinol-Nasensprays\" \/>\n<meta property=\"og:url\" content=\"https:\/\/capsinol.com\/de\/schwangerschaft\/\" \/>\n<meta property=\"og:site_name\" content=\"Capsinol Nasenspray\" \/>\n<meta property=\"article:publisher\" content=\"https:\/\/www.facebook.com\/capsinol\" \/>\n<meta property=\"article:modified_time\" content=\"2024-01-26T08:49:23+00:00\" \/>\n<meta property=\"og:image\" content=\"https:\/\/capsinol.com\/wp-content\/uploads\/2017\/08\/neusspray-bij-zwangerschap.jpg\" \/>\n\t<meta property=\"og:image:width\" content=\"477\" \/>\n\t<meta property=\"og:image:height\" content=\"316\" \/>\n\t<meta property=\"og:image:type\" content=\"image\/jpeg\" \/>\n<meta name=\"twitter:card\" content=\"summary_large_image\" \/>\n<meta name=\"twitter:label1\" content=\"Est. reading time\" \/>\n\t<meta name=\"twitter:data1\" content=\"1 minute\" \/>\n<script type=\"application\/ld+json\" class=\"yoast-schema-graph\">{\"@context\":\"https:\\\/\\\/schema.org\",\"@graph\":[{\"@type\":\"WebPage\",\"@id\":\"https:\\\/\\\/capsinol.com\\\/de\\\/schwangerschaft\\\/\",\"url\":\"https:\\\/\\\/capsinol.com\\\/de\\\/schwangerschaft\\\/\",\"name\":\"Schwangerschaft - Capsinol Nasenspray\",\"isPartOf\":{\"@id\":\"https:\\\/\\\/capsinol.com\\\/de\\\/#website\"},\"primaryImageOfPage\":{\"@id\":\"https:\\\/\\\/capsinol.com\\\/de\\\/schwangerschaft\\\/#primaryimage\"},\"image\":{\"@id\":\"https:\\\/\\\/capsinol.com\\\/de\\\/schwangerschaft\\\/#primaryimage\"},\"thumbnailUrl\":\"https:\\\/\\\/capsinol.com\\\/wp-content\\\/uploads\\\/2017\\\/08\\\/neusspray-bij-zwangerschap.jpg\",\"datePublished\":\"2021-02-01T15:23:00+00:00\",\"dateModified\":\"2024-01-26T08:49:23+00:00\",\"description\":\"Informationen zur Capsinol-Schwangerschaft bei Verwendung von Capsinol-Nasensprays\",\"breadcrumb\":{\"@id\":\"https:\\\/\\\/capsinol.com\\\/de\\\/schwangerschaft\\\/#breadcrumb\"},\"inLanguage\":\"de-DE\",\"potentialAction\":[{\"@type\":\"ReadAction\",\"target\":[\"https:\\\/\\\/capsinol.com\\\/de\\\/schwangerschaft\\\/\"]}]},{\"@type\":\"ImageObject\",\"inLanguage\":\"de-DE\",\"@id\":\"https:\\\/\\\/capsinol.com\\\/de\\\/schwangerschaft\\\/#primaryimage\",\"url\":\"https:\\\/\\\/capsinol.com\\\/wp-content\\\/uploads\\\/2017\\\/08\\\/neusspray-bij-zwangerschap.jpg\",\"contentUrl\":\"https:\\\/\\\/capsinol.com\\\/wp-content\\\/uploads\\\/2017\\\/08\\\/neusspray-bij-zwangerschap.jpg\",\"width\":477,\"height\":316,\"caption\":\"K\u00f6nnen Sie Capsinol w\u00e4hrend der Schwangerschaft anwenden?\"},{\"@type\":\"BreadcrumbList\",\"@id\":\"https:\\\/\\\/capsinol.com\\\/de\\\/schwangerschaft\\\/#breadcrumb\",\"itemListElement\":[{\"@type\":\"ListItem\",\"position\":1,\"name\":\"Home\",\"item\":\"https:\\\/\\\/capsinol.com\\\/de\\\/\"},{\"@type\":\"ListItem\",\"position\":2,\"name\":\"Schwangerschaft\"}]},{\"@type\":\"WebSite\",\"@id\":\"https:\\\/\\\/capsinol.com\\\/de\\\/#website\",\"url\":\"https:\\\/\\\/capsinol.com\\\/de\\\/\",\"name\":\"Capsinol neusspray\",\"description\":\"Natuurlijke neusspray\",\"publisher\":{\"@id\":\"https:\\\/\\\/capsinol.com\\\/de\\\/#organization\"},\"potentialAction\":[{\"@type\":\"SearchAction\",\"target\":{\"@type\":\"EntryPoint\",\"urlTemplate\":\"https:\\\/\\\/capsinol.com\\\/de\\\/?s={search_term_string}\"},\"query-input\":{\"@type\":\"PropertyValueSpecification\",\"valueRequired\":true,\"valueName\":\"search_term_string\"}}],\"inLanguage\":\"de-DE\"},{\"@type\":\"Organization\",\"@id\":\"https:\\\/\\\/capsinol.com\\\/de\\\/#organization\",\"name\":\"Capsinol\",\"url\":\"https:\\\/\\\/capsinol.com\\\/de\\\/\",\"logo\":{\"@type\":\"ImageObject\",\"inLanguage\":\"de-DE\",\"@id\":\"https:\\\/\\\/capsinol.com\\\/de\\\/#\\\/schema\\\/logo\\\/image\\\/\",\"url\":\"https:\\\/\\\/i0.wp.com\\\/capsinol.com\\\/wp-content\\\/uploads\\\/2016\\\/09\\\/cropped-logo-capsinol.png?fit=512%2C512&ssl=1\",\"contentUrl\":\"https:\\\/\\\/i0.wp.com\\\/capsinol.com\\\/wp-content\\\/uploads\\\/2016\\\/09\\\/cropped-logo-capsinol.png?fit=512%2C512&ssl=1\",\"width\":512,\"height\":512,\"caption\":\"Capsinol\"},\"image\":{\"@id\":\"https:\\\/\\\/capsinol.com\\\/de\\\/#\\\/schema\\\/logo\\\/image\\\/\"},\"sameAs\":[\"https:\\\/\\\/www.facebook.com\\\/capsinol\"]}]}<\/script>\n<!-- \/ Yoast SEO plugin. -->","yoast_head_json":{"title":"Schwangerschaft - Capsinol Nasenspray","description":"Informationen zur Capsinol-Schwangerschaft bei Verwendung von Capsinol-Nasensprays","robots":{"index":"index","follow":"follow","max-snippet":"max-snippet:-1","max-image-preview":"max-image-preview:large","max-video-preview":"max-video-preview:-1"},"canonical":"https:\/\/capsinol.com\/de\/schwangerschaft\/","og_locale":"de_DE","og_type":"article","og_title":"Schwangerschaft - Capsinol Nasenspray","og_description":"Informationen zur Capsinol-Schwangerschaft bei Verwendung von Capsinol-Nasensprays","og_url":"https:\/\/capsinol.com\/de\/schwangerschaft\/","og_site_name":"Capsinol Nasenspray","article_publisher":"https:\/\/www.facebook.com\/capsinol","article_modified_time":"2024-01-26T08:49:23+00:00","og_image":[{"width":477,"height":316,"url":"https:\/\/capsinol.com\/wp-content\/uploads\/2017\/08\/neusspray-bij-zwangerschap.jpg","type":"image\/jpeg"}],"twitter_card":"summary_large_image","twitter_misc":{"Est. reading time":"1 minute"},"schema":{"@context":"https:\/\/schema.org","@graph":[{"@type":"WebPage","@id":"https:\/\/capsinol.com\/de\/schwangerschaft\/","url":"https:\/\/capsinol.com\/de\/schwangerschaft\/","name":"Schwangerschaft - Capsinol Nasenspray","isPartOf":{"@id":"https:\/\/capsinol.com\/de\/#website"},"primaryImageOfPage":{"@id":"https:\/\/capsinol.com\/de\/schwangerschaft\/#primaryimage"},"image":{"@id":"https:\/\/capsinol.com\/de\/schwangerschaft\/#primaryimage"},"thumbnailUrl":"https:\/\/capsinol.com\/wp-content\/uploads\/2017\/08\/neusspray-bij-zwangerschap.jpg","datePublished":"2021-02-01T15:23:00+00:00","dateModified":"2024-01-26T08:49:23+00:00","description":"Informationen zur Capsinol-Schwangerschaft bei Verwendung von Capsinol-Nasensprays","breadcrumb":{"@id":"https:\/\/capsinol.com\/de\/schwangerschaft\/#breadcrumb"},"inLanguage":"de-DE","potentialAction":[{"@type":"ReadAction","target":["https:\/\/capsinol.com\/de\/schwangerschaft\/"]}]},{"@type":"ImageObject","inLanguage":"de-DE","@id":"https:\/\/capsinol.com\/de\/schwangerschaft\/#primaryimage","url":"https:\/\/capsinol.com\/wp-content\/uploads\/2017\/08\/neusspray-bij-zwangerschap.jpg","contentUrl":"https:\/\/capsinol.com\/wp-content\/uploads\/2017\/08\/neusspray-bij-zwangerschap.jpg","width":477,"height":316,"caption":"K\u00f6nnen Sie Capsinol w\u00e4hrend der Schwangerschaft anwenden?"},{"@type":"BreadcrumbList","@id":"https:\/\/capsinol.com\/de\/schwangerschaft\/#breadcrumb","itemListElement":[{"@type":"ListItem","position":1,"name":"Home","item":"https:\/\/capsinol.com\/de\/"},{"@type":"ListItem","position":2,"name":"Schwangerschaft"}]},{"@type":"WebSite","@id":"https:\/\/capsinol.com\/de\/#website","url":"https:\/\/capsinol.com\/de\/","name":"Capsinol neusspray","description":"Natuurlijke neusspray","publisher":{"@id":"https:\/\/capsinol.com\/de\/#organization"},"potentialAction":[{"@type":"SearchAction","target":{"@type":"EntryPoint","urlTemplate":"https:\/\/capsinol.com\/de\/?s={search_term_string}"},"query-input":{"@type":"PropertyValueSpecification","valueRequired":true,"valueName":"search_term_string"}}],"inLanguage":"de-DE"},{"@type":"Organization","@id":"https:\/\/capsinol.com\/de\/#organization","name":"Capsinol","url":"https:\/\/capsinol.com\/de\/","logo":{"@type":"ImageObject","inLanguage":"de-DE","@id":"https:\/\/capsinol.com\/de\/#\/schema\/logo\/image\/","url":"https:\/\/i0.wp.com\/capsinol.com\/wp-content\/uploads\/2016\/09\/cropped-logo-capsinol.png?fit=512%2C512&ssl=1","contentUrl":"https:\/\/i0.wp.com\/capsinol.com\/wp-content\/uploads\/2016\/09\/cropped-logo-capsinol.png?fit=512%2C512&ssl=1","width":512,"height":512,"caption":"Capsinol"},"image":{"@id":"https:\/\/capsinol.com\/de\/#\/schema\/logo\/image\/"},"sameAs":["https:\/\/www.facebook.com\/capsinol"]}]}},"_links":{"self":[{"href":"https:\/\/capsinol.com\/de\/wp-json\/wp\/v2\/pages\/5612","targetHints":{"allow":["GET"]}}],"collection":[{"href":"https:\/\/capsinol.com\/de\/wp-json\/wp\/v2\/pages"}],"about":[{"href":"https:\/\/capsinol.com\/de\/wp-json\/wp\/v2\/types\/page"}],"author":[{"embeddable":true,"href":"https:\/\/capsinol.com\/de\/wp-json\/wp\/v2\/users\/5"}],"replies":[{"embeddable":true,"href":"https:\/\/capsinol.com\/de\/wp-json\/wp\/v2\/comments?post=5612"}],"version-history":[{"count":9,"href":"https:\/\/capsinol.com\/de\/wp-json\/wp\/v2\/pages\/5612\/revisions"}],"predecessor-version":[{"id":52190,"href":"https:\/\/capsinol.com\/de\/wp-json\/wp\/v2\/pages\/5612\/revisions\/52190"}],"wp:featuredmedia":[{"embeddable":true,"href":"https:\/\/capsinol.com\/de\/wp-json\/wp\/v2\/media\/5635"}],"wp:attachment":[{"href":"https:\/\/capsinol.com\/de\/wp-json\/wp\/v2\/media?parent=5612"}],"curies":[{"name":"wp","href":"https:\/\/api.w.org\/{rel}","templated":true}]}}