{"id":5707,"date":"2021-02-01T16:01:18","date_gmt":"2021-02-01T15:01:18","guid":{"rendered":"https:\/\/capsinol.com\/?page_id=5707\/"},"modified":"2022-11-25T11:49:45","modified_gmt":"2022-11-25T10:49:45","slug":"sinusentzuendung","status":"publish","type":"page","link":"https:\/\/capsinol.com\/de\/sinusentzuendung\/","title":{"rendered":"Sinusentz\u00fcndung"},"content":{"rendered":"<p>[et_pb_section fb_built=&#8221;1&#8243; _builder_version=&#8221;4.16&#8243; global_colors_info=&#8221;{}&#8221;][et_pb_row _builder_version=&#8221;4.16&#8243; background_size=&#8221;initial&#8221; background_position=&#8221;top_left&#8221; background_repeat=&#8221;repeat&#8221; global_colors_info=&#8221;{}&#8221;][et_pb_column type=&#8221;4_4&#8243; _builder_version=&#8221;4.16&#8243; custom_padding=&#8221;|||&#8221; global_colors_info=&#8221;{}&#8221; custom_padding__hover=&#8221;|||&#8221;][et_pb_text _builder_version=&#8221;4.16&#8243; background_size=&#8221;initial&#8221; background_position=&#8221;top_left&#8221; background_repeat=&#8221;repeat&#8221; global_colors_info=&#8221;{}&#8221;]<\/p>\n<p><img loading=\"lazy\" decoding=\"async\" class=\"size-full wp-image-641 alignright\" src=\"https:\/\/capsinol.com\/wp-content\/uploads\/2016\/09\/FB_vrouw-hoofdpijn.jpg\" alt=\"Sinusentz\u00fcndung Capsinol\" width=\"350\" height=\"291\"><\/p>\n<h2>Was ist eine Sinusinfektion?<\/h2>\n<p>Insgesamt hat ein Mensch acht Nebenh\u00f6hlen, von denen die Stirnh\u00f6hlen zwei sind. Wenn sich alle acht Nebenh\u00f6hlen entz\u00fcnden, spricht man von einer Nebenh\u00f6hleninfektion. Dies wird auch als Sinusitis bezeichnet. Wenn nur die Stirnh\u00f6hlen infiziert sind, spricht man von Sinusitis Frontalis.<\/p>\n<h2>Wie wird eine Sinusinfektion verursacht?<\/h2>\n<p>Sinusitis wird haupts\u00e4chlich durch eine Erk\u00e4ltung verursacht. Bei einer Erk\u00e4ltung wird viel Schleim freigesetzt, was zu einer verstopften Nase f\u00fchren kann. Zu viel Schleim kann aber auch in die Nebenh\u00f6hlen gelangen. Es enth\u00e4lt viele verschiedene Bakterien. Zu viele Bakterien k\u00f6nnen Entz\u00fcndungen verursachen. Der Schmerz, der bei einer Sinusinfektion auftritt, wird durch den Druck verursacht, den der Schleim auf die Hohlr\u00e4ume aus\u00fcbt. Dar\u00fcber hinaus kann eine schwere Version von Heuschnupfen auch eine Entz\u00fcndung der Nasennebenh\u00f6hlen verursachen.<\/p>\n<h2>Merkmale der Sinusentz\u00fcndung<\/h2>\n<p>Da eine Nasennebenh\u00f6hlenentz\u00fcndung durch eine Erk\u00e4ltung verursacht wird, treten auch zuerst alle Symptome einer Erk\u00e4ltung auf. Sie k\u00f6nnen sich vorstellen:<\/p>\n<ul>\n<li>Eine verstopfte oder laufende Nase<\/li>\n<li>Halsschmerzen<\/li>\n<li>Kopfschmerzen<\/li>\n<li>Nie\u00dfen<\/li>\n<li>Tr\u00e4nende Augen<\/li>\n<\/ul>\n<p>Denken Sie daran, dass eine Sinusinfektion ansteckend ist. Die Bakterien im Schleim k\u00f6nnen durch Niesen oder Husten an andere weitergegeben werden. Dies k\u00f6nnte zu einer Erk\u00e4ltung f\u00fchren. Gl\u00fccklicherweise ist die Wahrscheinlichkeit, dass es sich tats\u00e4chlich um eine Sinusinfektion handelt, geringer.<\/p>\n<h2>L\u00f6sung f\u00fcr eine (chronische) Sinusinfektion<\/h2>\n<p>Wenn Sie an einer Sinusinfektion leiden, herrscht Druck in den Nasen- und Stirnh\u00f6hlen. Dies verursacht starke Kopfschmerzen, Kieferschmerzen und Sie f\u00fchlen sich wahrscheinlich auch krank. Sie k\u00f6nnen Paracetamol gegen diesen Schmerz einnehmen. Es ist auch sehr wichtig, den Druck in den Hohlr\u00e4umen zu verringern. Um dies zu reduzieren, muss der anhaftende Schleim abgelassen werden. D\u00e4mpfen kann helfen.<\/p>\n<p>Capsinol kann eine L\u00f6sung f\u00fcr chronische Nebenh\u00f6hlenbeschwerden bieten. Die Paprika in Capsinol Nasenspray sorgt daf\u00fcr, dass die Nasenschleimh\u00e4ute gereinigt werden. Es produziert Feuchtigkeit, die den Schleim l\u00f6st. Dar\u00fcber hinaus sorgt der Pfeffer daf\u00fcr, dass die Nase wieder eine normale Menge Schleim produziert, wodurch Nase und Hohlr\u00e4ume freigesetzt werden.<\/p>\n<h2>Passt auf!<\/h2>\n<p>Capsinol Nasenspray ist ein w\u00fcrziges Nasenspray. Es kann etwas gew\u00f6hnungsbed\u00fcrftig sein, wenn Sie das Nasenspray zum ersten Mal verwenden. Capsinol wirkt nicht wie ein normales Nasenspray. Es kann einige Tage bis zwei Wochen dauern, bis Sie den Unterschied wirklich bemerken. Verwenden Sie in der Zwischenzeit regelm\u00e4\u00dfig das Nasenspray, damit der Pfeffer wirklich die Chance bekommt, gute Arbeit zu leisten.<\/p>\n<p>Capsinol hat bereits vielen Menschen geholfen oder sie stark von ihren chronischen Infektionen der Nasennebenh\u00f6hlen befreit. Wir wollen aber auch ehrlich sein; Nicht jede Nase reagiert auf den Pfeffer. Wenn Sie nach zwei Wochen keinen Unterschied bemerken, ist Capsinol wahrscheinlich nicht die L\u00f6sung f\u00fcr Sie. Wenn Sie Capsinol probieren wollen, geben Sie ihm wirklich eine Chance. Befolgen Sie die Benutzeranweisungen sorgf\u00e4ltig, um das beste Ergebnis zu erzielen.<\/p>\n<p>[\/et_pb_text][\/et_pb_column][\/et_pb_row][\/et_pb_section]<\/p>\n","protected":false},"excerpt":{"rendered":"<p>Was ist eine Sinusinfektion? Insgesamt hat ein Mensch acht Nebenh\u00f6hlen, von denen die Stirnh\u00f6hlen zwei sind. Wenn sich alle acht Nebenh\u00f6hlen entz\u00fcnden, spricht man von einer Nebenh\u00f6hleninfektion. Dies wird auch als Sinusitis bezeichnet. Wenn nur die Stirnh\u00f6hlen infiziert sind, spricht man von Sinusitis Frontalis. Wie wird eine Sinusinfektion verursacht? Sinusitis wird haupts\u00e4chlich durch eine Erk\u00e4ltung [&hellip;]<\/p>\n","protected":false},"author":5,"featured_media":0,"parent":0,"menu_order":0,"comment_status":"closed","ping_status":"closed","template":"","meta":{"_acf_changed":false,"_et_pb_use_builder":"on","_et_pb_old_content":"","_et_gb_content_width":"","footnotes":""},"class_list":["post-5707","page","type-page","status-publish","hentry"],"acf":[],"yoast_head":"<!-- This site is optimized with the Yoast SEO plugin v27.4 - https:\/\/yoast.com\/product\/yoast-seo-wordpress\/ -->\n<title>Sinusentz\u00fcndung; Mit Capsinol Nasenspray aufl\u00f6sen<\/title>\n<meta name=\"description\" content=\"Capsinol Nasenspray kann eine L\u00f6sung f\u00fcr chronische Nebenh\u00f6hlenbeschwerden bieten. Die Paprika bewirkt, dass die Nasenschleimh\u00e4ute &quot;aufr\u00e4umen&quot;.\" \/>\n<meta name=\"robots\" content=\"index, follow, max-snippet:-1, max-image-preview:large, max-video-preview:-1\" \/>\n<link rel=\"canonical\" href=\"https:\/\/capsinol.com\/de\/sinusentzuendung\/\" \/>\n<meta property=\"og:locale\" content=\"de_DE\" \/>\n<meta property=\"og:type\" content=\"article\" \/>\n<meta property=\"og:title\" content=\"Sinusentz\u00fcndung; Mit Capsinol Nasenspray aufl\u00f6sen\" \/>\n<meta property=\"og:description\" content=\"Capsinol Nasenspray kann eine L\u00f6sung f\u00fcr chronische Nebenh\u00f6hlenbeschwerden bieten. Die Paprika bewirkt, dass die Nasenschleimh\u00e4ute &quot;aufr\u00e4umen&quot;.\" \/>\n<meta property=\"og:url\" content=\"https:\/\/capsinol.com\/de\/sinusentzuendung\/\" \/>\n<meta property=\"og:site_name\" content=\"Capsinol Nasenspray\" \/>\n<meta property=\"article:publisher\" content=\"https:\/\/www.facebook.com\/capsinol\" \/>\n<meta property=\"article:modified_time\" content=\"2022-11-25T10:49:45+00:00\" \/>\n<meta property=\"og:image\" content=\"https:\/\/capsinol.com\/wp-content\/uploads\/2016\/09\/FB_vrouw-hoofdpijn.jpg\" \/>\n<meta name=\"twitter:card\" content=\"summary_large_image\" \/>\n<meta name=\"twitter:label1\" content=\"Est. reading time\" \/>\n\t<meta name=\"twitter:data1\" content=\"3 minutes\" \/>\n<script type=\"application\/ld+json\" class=\"yoast-schema-graph\">{\"@context\":\"https:\\\/\\\/schema.org\",\"@graph\":[{\"@type\":\"WebPage\",\"@id\":\"https:\\\/\\\/capsinol.com\\\/de\\\/sinusentzuendung\\\/\",\"url\":\"https:\\\/\\\/capsinol.com\\\/de\\\/sinusentzuendung\\\/\",\"name\":\"Sinusentz\u00fcndung; Mit Capsinol Nasenspray aufl\u00f6sen\",\"isPartOf\":{\"@id\":\"https:\\\/\\\/capsinol.com\\\/de\\\/#website\"},\"primaryImageOfPage\":{\"@id\":\"https:\\\/\\\/capsinol.com\\\/de\\\/sinusentzuendung\\\/#primaryimage\"},\"image\":{\"@id\":\"https:\\\/\\\/capsinol.com\\\/de\\\/sinusentzuendung\\\/#primaryimage\"},\"thumbnailUrl\":\"https:\\\/\\\/capsinol.com\\\/wp-content\\\/uploads\\\/2016\\\/09\\\/FB_vrouw-hoofdpijn.jpg\",\"datePublished\":\"2021-02-01T15:01:18+00:00\",\"dateModified\":\"2022-11-25T10:49:45+00:00\",\"description\":\"Capsinol Nasenspray kann eine L\u00f6sung f\u00fcr chronische Nebenh\u00f6hlenbeschwerden bieten. Die Paprika bewirkt, dass die Nasenschleimh\u00e4ute \\\"aufr\u00e4umen\\\".\",\"breadcrumb\":{\"@id\":\"https:\\\/\\\/capsinol.com\\\/de\\\/sinusentzuendung\\\/#breadcrumb\"},\"inLanguage\":\"de-DE\",\"potentialAction\":[{\"@type\":\"ReadAction\",\"target\":[\"https:\\\/\\\/capsinol.com\\\/de\\\/sinusentzuendung\\\/\"]}]},{\"@type\":\"ImageObject\",\"inLanguage\":\"de-DE\",\"@id\":\"https:\\\/\\\/capsinol.com\\\/de\\\/sinusentzuendung\\\/#primaryimage\",\"url\":\"https:\\\/\\\/capsinol.com\\\/wp-content\\\/uploads\\\/2016\\\/09\\\/FB_vrouw-hoofdpijn.jpg\",\"contentUrl\":\"https:\\\/\\\/capsinol.com\\\/wp-content\\\/uploads\\\/2016\\\/09\\\/FB_vrouw-hoofdpijn.jpg\"},{\"@type\":\"BreadcrumbList\",\"@id\":\"https:\\\/\\\/capsinol.com\\\/de\\\/sinusentzuendung\\\/#breadcrumb\",\"itemListElement\":[{\"@type\":\"ListItem\",\"position\":1,\"name\":\"Home\",\"item\":\"https:\\\/\\\/capsinol.com\\\/de\\\/\"},{\"@type\":\"ListItem\",\"position\":2,\"name\":\"Sinusentz\u00fcndung\"}]},{\"@type\":\"WebSite\",\"@id\":\"https:\\\/\\\/capsinol.com\\\/de\\\/#website\",\"url\":\"https:\\\/\\\/capsinol.com\\\/de\\\/\",\"name\":\"Capsinol neusspray\",\"description\":\"Natuurlijke neusspray\",\"publisher\":{\"@id\":\"https:\\\/\\\/capsinol.com\\\/de\\\/#organization\"},\"potentialAction\":[{\"@type\":\"SearchAction\",\"target\":{\"@type\":\"EntryPoint\",\"urlTemplate\":\"https:\\\/\\\/capsinol.com\\\/de\\\/?s={search_term_string}\"},\"query-input\":{\"@type\":\"PropertyValueSpecification\",\"valueRequired\":true,\"valueName\":\"search_term_string\"}}],\"inLanguage\":\"de-DE\"},{\"@type\":\"Organization\",\"@id\":\"https:\\\/\\\/capsinol.com\\\/de\\\/#organization\",\"name\":\"Capsinol\",\"url\":\"https:\\\/\\\/capsinol.com\\\/de\\\/\",\"logo\":{\"@type\":\"ImageObject\",\"inLanguage\":\"de-DE\",\"@id\":\"https:\\\/\\\/capsinol.com\\\/de\\\/#\\\/schema\\\/logo\\\/image\\\/\",\"url\":\"https:\\\/\\\/i0.wp.com\\\/capsinol.com\\\/wp-content\\\/uploads\\\/2016\\\/09\\\/cropped-logo-capsinol.png?fit=512%2C512&ssl=1\",\"contentUrl\":\"https:\\\/\\\/i0.wp.com\\\/capsinol.com\\\/wp-content\\\/uploads\\\/2016\\\/09\\\/cropped-logo-capsinol.png?fit=512%2C512&ssl=1\",\"width\":512,\"height\":512,\"caption\":\"Capsinol\"},\"image\":{\"@id\":\"https:\\\/\\\/capsinol.com\\\/de\\\/#\\\/schema\\\/logo\\\/image\\\/\"},\"sameAs\":[\"https:\\\/\\\/www.facebook.com\\\/capsinol\"]}]}<\/script>\n<!-- \/ Yoast SEO plugin. -->","yoast_head_json":{"title":"Sinusentz\u00fcndung; Mit Capsinol Nasenspray aufl\u00f6sen","description":"Capsinol Nasenspray kann eine L\u00f6sung f\u00fcr chronische Nebenh\u00f6hlenbeschwerden bieten. Die Paprika bewirkt, dass die Nasenschleimh\u00e4ute \"aufr\u00e4umen\".","robots":{"index":"index","follow":"follow","max-snippet":"max-snippet:-1","max-image-preview":"max-image-preview:large","max-video-preview":"max-video-preview:-1"},"canonical":"https:\/\/capsinol.com\/de\/sinusentzuendung\/","og_locale":"de_DE","og_type":"article","og_title":"Sinusentz\u00fcndung; Mit Capsinol Nasenspray aufl\u00f6sen","og_description":"Capsinol Nasenspray kann eine L\u00f6sung f\u00fcr chronische Nebenh\u00f6hlenbeschwerden bieten. Die Paprika bewirkt, dass die Nasenschleimh\u00e4ute \"aufr\u00e4umen\".","og_url":"https:\/\/capsinol.com\/de\/sinusentzuendung\/","og_site_name":"Capsinol Nasenspray","article_publisher":"https:\/\/www.facebook.com\/capsinol","article_modified_time":"2022-11-25T10:49:45+00:00","og_image":[{"url":"https:\/\/capsinol.com\/wp-content\/uploads\/2016\/09\/FB_vrouw-hoofdpijn.jpg","type":"","width":"","height":""}],"twitter_card":"summary_large_image","twitter_misc":{"Est. reading time":"3 minutes"},"schema":{"@context":"https:\/\/schema.org","@graph":[{"@type":"WebPage","@id":"https:\/\/capsinol.com\/de\/sinusentzuendung\/","url":"https:\/\/capsinol.com\/de\/sinusentzuendung\/","name":"Sinusentz\u00fcndung; Mit Capsinol Nasenspray aufl\u00f6sen","isPartOf":{"@id":"https:\/\/capsinol.com\/de\/#website"},"primaryImageOfPage":{"@id":"https:\/\/capsinol.com\/de\/sinusentzuendung\/#primaryimage"},"image":{"@id":"https:\/\/capsinol.com\/de\/sinusentzuendung\/#primaryimage"},"thumbnailUrl":"https:\/\/capsinol.com\/wp-content\/uploads\/2016\/09\/FB_vrouw-hoofdpijn.jpg","datePublished":"2021-02-01T15:01:18+00:00","dateModified":"2022-11-25T10:49:45+00:00","description":"Capsinol Nasenspray kann eine L\u00f6sung f\u00fcr chronische Nebenh\u00f6hlenbeschwerden bieten. Die Paprika bewirkt, dass die Nasenschleimh\u00e4ute \"aufr\u00e4umen\".","breadcrumb":{"@id":"https:\/\/capsinol.com\/de\/sinusentzuendung\/#breadcrumb"},"inLanguage":"de-DE","potentialAction":[{"@type":"ReadAction","target":["https:\/\/capsinol.com\/de\/sinusentzuendung\/"]}]},{"@type":"ImageObject","inLanguage":"de-DE","@id":"https:\/\/capsinol.com\/de\/sinusentzuendung\/#primaryimage","url":"https:\/\/capsinol.com\/wp-content\/uploads\/2016\/09\/FB_vrouw-hoofdpijn.jpg","contentUrl":"https:\/\/capsinol.com\/wp-content\/uploads\/2016\/09\/FB_vrouw-hoofdpijn.jpg"},{"@type":"BreadcrumbList","@id":"https:\/\/capsinol.com\/de\/sinusentzuendung\/#breadcrumb","itemListElement":[{"@type":"ListItem","position":1,"name":"Home","item":"https:\/\/capsinol.com\/de\/"},{"@type":"ListItem","position":2,"name":"Sinusentz\u00fcndung"}]},{"@type":"WebSite","@id":"https:\/\/capsinol.com\/de\/#website","url":"https:\/\/capsinol.com\/de\/","name":"Capsinol neusspray","description":"Natuurlijke neusspray","publisher":{"@id":"https:\/\/capsinol.com\/de\/#organization"},"potentialAction":[{"@type":"SearchAction","target":{"@type":"EntryPoint","urlTemplate":"https:\/\/capsinol.com\/de\/?s={search_term_string}"},"query-input":{"@type":"PropertyValueSpecification","valueRequired":true,"valueName":"search_term_string"}}],"inLanguage":"de-DE"},{"@type":"Organization","@id":"https:\/\/capsinol.com\/de\/#organization","name":"Capsinol","url":"https:\/\/capsinol.com\/de\/","logo":{"@type":"ImageObject","inLanguage":"de-DE","@id":"https:\/\/capsinol.com\/de\/#\/schema\/logo\/image\/","url":"https:\/\/i0.wp.com\/capsinol.com\/wp-content\/uploads\/2016\/09\/cropped-logo-capsinol.png?fit=512%2C512&ssl=1","contentUrl":"https:\/\/i0.wp.com\/capsinol.com\/wp-content\/uploads\/2016\/09\/cropped-logo-capsinol.png?fit=512%2C512&ssl=1","width":512,"height":512,"caption":"Capsinol"},"image":{"@id":"https:\/\/capsinol.com\/de\/#\/schema\/logo\/image\/"},"sameAs":["https:\/\/www.facebook.com\/capsinol"]}]}},"_links":{"self":[{"href":"https:\/\/capsinol.com\/de\/wp-json\/wp\/v2\/pages\/5707","targetHints":{"allow":["GET"]}}],"collection":[{"href":"https:\/\/capsinol.com\/de\/wp-json\/wp\/v2\/pages"}],"about":[{"href":"https:\/\/capsinol.com\/de\/wp-json\/wp\/v2\/types\/page"}],"author":[{"embeddable":true,"href":"https:\/\/capsinol.com\/de\/wp-json\/wp\/v2\/users\/5"}],"replies":[{"embeddable":true,"href":"https:\/\/capsinol.com\/de\/wp-json\/wp\/v2\/comments?post=5707"}],"version-history":[{"count":22,"href":"https:\/\/capsinol.com\/de\/wp-json\/wp\/v2\/pages\/5707\/revisions"}],"predecessor-version":[{"id":40067,"href":"https:\/\/capsinol.com\/de\/wp-json\/wp\/v2\/pages\/5707\/revisions\/40067"}],"wp:attachment":[{"href":"https:\/\/capsinol.com\/de\/wp-json\/wp\/v2\/media?parent=5707"}],"curies":[{"name":"wp","href":"https:\/\/api.w.org\/{rel}","templated":true}]}}