{"id":582,"date":"2016-08-11T12:06:07","date_gmt":"2016-08-11T10:06:07","guid":{"rendered":"http:\/\/capsinol.com\/de\/privacy-verklaring\/"},"modified":"2022-11-25T11:49:48","modified_gmt":"2022-11-25T10:49:48","slug":"datenschutzerklaerung","status":"publish","type":"page","link":"https:\/\/capsinol.com\/de\/datenschutzerklaerung\/","title":{"rendered":"Datenschutzerkl\u00e4rung"},"content":{"rendered":"<p>[et_pb_section fb_built=&#8221;1&#8243; theme_builder_area=&#8221;post_content&#8221; _builder_version=&#8221;4.14.4&#8243; _module_preset=&#8221;default&#8221;][et_pb_row _builder_version=&#8221;4.14.4&#8243; _module_preset=&#8221;default&#8221; theme_builder_area=&#8221;post_content&#8221;][et_pb_column _builder_version=&#8221;4.14.4&#8243; _module_preset=&#8221;default&#8221; type=&#8221;4_4&#8243; theme_builder_area=&#8221;post_content&#8221;][et_pb_text _builder_version=&#8221;4.14.4&#8243; _module_preset=&#8221;default&#8221; theme_builder_area=&#8221;post_content&#8221; hover_enabled=&#8221;0&#8243; sticky_enabled=&#8221;0&#8243;]<\/p>\n<p><strong>Pers\u00f6nliche Informationen<\/strong><\/p>\n<p>Capsinol respektiert die Privatsph\u00e4re aller Benutzer seiner Website und stellt sicher, dass die von Ihnen bereitgestellten personenbezogenen Daten vertraulich behandelt werden. Wir verwenden Ihre Daten, um Bestellungen so schnell und einfach wie m\u00f6glich abzuwickeln. Capsinol wird Ihre personenbezogenen Daten nicht an Dritte verkaufen und nur f\u00fcr den eigenen Gebrauch aufbewahren.<\/p>\n<p><em>Capsinol verwendet die gesammelten Daten, um seinen Kunden die folgenden Dienstleistungen anzubieten:<\/em><br \/>\u2013 Wenn Sie eine Bestellung aufgeben, ben\u00f6tigen wir Ihren Namen, Ihre E-Mail-Adresse, Lieferadresse und Zahlungsdaten, um Ihre Bestellung zu bearbeiten und Sie \u00fcber den Verlauf auf dem Laufenden zu halten.<br \/>\u2013 Um den Einkauf bei Capsinol so einfach wie m\u00f6glich zu gestalten, speichern wir mit Ihrer Einwilligung Ihre personenbezogenen Daten und die Daten zu Ihrer Bestellung.<br \/>\u2013 Wenn Sie bei Capsinol eine Bestellung aufgeben, speichern wir Ihre Daten auf Wunsch auf einem sicheren Server. Sie k\u00f6nnen einen Benutzernamen und ein Passwort eingeben. Dadurch sind Ihre Daten sofort bekannt und Sie m\u00fcssen diese nicht bei jeder neuen Bestellung erneut eingeben.<br \/>\u2013 E-Mail-Adresse kann verwendet werden, um Sie \u00fcber verwandte Themen zu informieren. Den E-Mail-Newsletter k\u00f6nnen Sie selbstverst\u00e4ndlich jederzeit wieder abbestellen.<\/p>\n<p><strong><br \/>Bewertungen<\/strong><br \/>\u2013 Wenn Sie sich entscheiden, eine Bewertung zu schreiben, k\u00f6nnen Sie w\u00e4hlen, ob Sie Ihren Namen oder andere pers\u00f6nliche Informationen hinzuf\u00fcgen m\u00f6chten. Wir sind neugierig auf die Meinungen unserer Besucher und Kunden. Wir behalten uns das Recht vor, unangemessene Kommentare teilweise oder nicht zu ver\u00f6ffentlichen.<br \/>\u2013 Wenn Sie auf eine Aktion oder ein Gewinnspiel antworten, fragen wir Ihren Namen, Ihre Adresse und Ihre E-Mail-Adresse ab. Wir verwenden diese Daten, um die Aktion durchzuf\u00fchren, den\/die Preistr\u00e4ger bekannt zu geben und die Resonanz auf unsere Marketingkampagnen zu messen.<\/p>\n<p><strong><br \/>Kekse<\/strong><br \/>Cookies sind kleine Informationseinheiten, die von Ihrem Browser auf Ihrem Computer gespeichert werden. Capsinol verwendet Cookies, um Sie bei Ihrem n\u00e4chsten Besuch wiederzuerkennen. Cookies erm\u00f6glichen es uns, Informationen \u00fcber die Nutzung unserer Dienste zu sammeln und diese zu verbessern und an die W\u00fcnsche unserer Besucher anzupassen. Unsere Cookies geben Informationen zur pers\u00f6nlichen Identifizierung. Sie k\u00f6nnen Ihren Browser so einstellen, dass Sie beim Einkaufen bei Capsinol keine Cookies erhalten.<\/p>\n<p>[\/et_pb_text][\/et_pb_column][\/et_pb_row][\/et_pb_section]<\/p>\n","protected":false},"excerpt":{"rendered":"<p>Pers\u00f6nliche Informationen Capsinol respektiert die Privatsph\u00e4re aller Benutzer seiner Website und stellt sicher, dass die von Ihnen bereitgestellten personenbezogenen Daten vertraulich behandelt werden. Wir verwenden Ihre Daten, um Bestellungen so schnell und einfach wie m\u00f6glich abzuwickeln. Capsinol wird Ihre personenbezogenen Daten nicht an Dritte verkaufen und nur f\u00fcr den eigenen Gebrauch aufbewahren. Capsinol verwendet die [&hellip;]<\/p>\n","protected":false},"author":2510,"featured_media":0,"parent":0,"menu_order":0,"comment_status":"closed","ping_status":"closed","template":"","meta":{"_acf_changed":false,"_et_pb_use_builder":"on","_et_pb_old_content":"","_et_gb_content_width":"","footnotes":""},"class_list":["post-582","page","type-page","status-publish","hentry"],"acf":[],"yoast_head":"<!-- This site is optimized with the Yoast SEO plugin v27.5 - https:\/\/yoast.com\/product\/yoast-seo-wordpress\/ -->\n<title>Datenschutzerkl\u00e4rung - Capsinol Nasenspray<\/title>\n<meta name=\"description\" content=\"Capsinol respektiert die Privatsph\u00e4re aller Benutzer seiner Website und stellt sicher, dass die von Ihnen bereitgestellten personenbezogenen Daten vertraulich behandelt werden. Wir verwenden Ihre Daten, um Bestellungen so schnell und einfach wie m\u00f6glich abzuwickeln. Im \u00dcbrigen verwenden wir diese Informationen nur mit Ihrer Zustimmung. Capsinol wird Ihre personenbezogenen Daten nicht an Dritte verkaufen und nur zur Abwicklung Ihrer Bestellung verwenden.\" \/>\n<meta name=\"robots\" content=\"noindex, nofollow\" \/>\n<meta property=\"og:locale\" content=\"de_DE\" \/>\n<meta property=\"og:type\" content=\"article\" \/>\n<meta property=\"og:title\" content=\"Datenschutzerkl\u00e4rung - Capsinol Nasenspray\" \/>\n<meta property=\"og:description\" content=\"Capsinol respektiert die Privatsph\u00e4re aller Benutzer seiner Website und stellt sicher, dass die von Ihnen bereitgestellten personenbezogenen Daten vertraulich behandelt werden. Wir verwenden Ihre Daten, um Bestellungen so schnell und einfach wie m\u00f6glich abzuwickeln. Im \u00dcbrigen verwenden wir diese Informationen nur mit Ihrer Zustimmung. Capsinol wird Ihre personenbezogenen Daten nicht an Dritte verkaufen und nur zur Abwicklung Ihrer Bestellung verwenden.\" \/>\n<meta property=\"og:url\" content=\"https:\/\/capsinol.com\/de\/datenschutzerklaerung\/\" \/>\n<meta property=\"og:site_name\" content=\"Capsinol Nasenspray\" \/>\n<meta property=\"article:publisher\" content=\"https:\/\/www.facebook.com\/capsinol\" \/>\n<meta property=\"article:modified_time\" content=\"2022-11-25T10:49:48+00:00\" \/>\n<meta property=\"og:image\" content=\"https:\/\/capsinol.com\/wp-content\/uploads\/2016\/07\/1703-leaderboard-website-lente.jpg\" \/>\n\t<meta property=\"og:image:width\" content=\"1024\" \/>\n\t<meta property=\"og:image:height\" content=\"372\" \/>\n\t<meta property=\"og:image:type\" content=\"image\/jpeg\" \/>\n<meta name=\"twitter:card\" content=\"summary_large_image\" \/>\n<meta name=\"twitter:label1\" content=\"Est. reading time\" \/>\n\t<meta name=\"twitter:data1\" content=\"2 minutes\" \/>\n<script type=\"application\/ld+json\" class=\"yoast-schema-graph\">{\"@context\":\"https:\\\/\\\/schema.org\",\"@graph\":[{\"@type\":\"WebPage\",\"@id\":\"https:\\\/\\\/capsinol.com\\\/de\\\/datenschutzerklaerung\\\/\",\"url\":\"https:\\\/\\\/capsinol.com\\\/de\\\/datenschutzerklaerung\\\/\",\"name\":\"Datenschutzerkl\u00e4rung - Capsinol Nasenspray\",\"isPartOf\":{\"@id\":\"https:\\\/\\\/capsinol.com\\\/de\\\/#website\"},\"datePublished\":\"2016-08-11T10:06:07+00:00\",\"dateModified\":\"2022-11-25T10:49:48+00:00\",\"description\":\"Capsinol respektiert die Privatsph\u00e4re aller Benutzer seiner Website und stellt sicher, dass die von Ihnen bereitgestellten personenbezogenen Daten vertraulich behandelt werden. Wir verwenden Ihre Daten, um Bestellungen so schnell und einfach wie m\u00f6glich abzuwickeln. Im \u00dcbrigen verwenden wir diese Informationen nur mit Ihrer Zustimmung. Capsinol wird Ihre personenbezogenen Daten nicht an Dritte verkaufen und nur zur Abwicklung Ihrer Bestellung verwenden.\",\"breadcrumb\":{\"@id\":\"https:\\\/\\\/capsinol.com\\\/de\\\/datenschutzerklaerung\\\/#breadcrumb\"},\"inLanguage\":\"de-DE\",\"potentialAction\":[{\"@type\":\"ReadAction\",\"target\":[\"https:\\\/\\\/capsinol.com\\\/de\\\/datenschutzerklaerung\\\/\"]}]},{\"@type\":\"BreadcrumbList\",\"@id\":\"https:\\\/\\\/capsinol.com\\\/de\\\/datenschutzerklaerung\\\/#breadcrumb\",\"itemListElement\":[{\"@type\":\"ListItem\",\"position\":1,\"name\":\"Home\",\"item\":\"https:\\\/\\\/capsinol.com\\\/de\\\/\"},{\"@type\":\"ListItem\",\"position\":2,\"name\":\"Datenschutzerkl\u00e4rung\"}]},{\"@type\":\"WebSite\",\"@id\":\"https:\\\/\\\/capsinol.com\\\/de\\\/#website\",\"url\":\"https:\\\/\\\/capsinol.com\\\/de\\\/\",\"name\":\"Capsinol neusspray\",\"description\":\"Natuurlijke neusspray\",\"publisher\":{\"@id\":\"https:\\\/\\\/capsinol.com\\\/de\\\/#organization\"},\"potentialAction\":[{\"@type\":\"SearchAction\",\"target\":{\"@type\":\"EntryPoint\",\"urlTemplate\":\"https:\\\/\\\/capsinol.com\\\/de\\\/?s={search_term_string}\"},\"query-input\":{\"@type\":\"PropertyValueSpecification\",\"valueRequired\":true,\"valueName\":\"search_term_string\"}}],\"inLanguage\":\"de-DE\"},{\"@type\":\"Organization\",\"@id\":\"https:\\\/\\\/capsinol.com\\\/de\\\/#organization\",\"name\":\"Capsinol\",\"url\":\"https:\\\/\\\/capsinol.com\\\/de\\\/\",\"logo\":{\"@type\":\"ImageObject\",\"inLanguage\":\"de-DE\",\"@id\":\"https:\\\/\\\/capsinol.com\\\/de\\\/#\\\/schema\\\/logo\\\/image\\\/\",\"url\":\"https:\\\/\\\/i0.wp.com\\\/capsinol.com\\\/wp-content\\\/uploads\\\/2016\\\/09\\\/cropped-logo-capsinol.png?fit=512%2C512&ssl=1\",\"contentUrl\":\"https:\\\/\\\/i0.wp.com\\\/capsinol.com\\\/wp-content\\\/uploads\\\/2016\\\/09\\\/cropped-logo-capsinol.png?fit=512%2C512&ssl=1\",\"width\":512,\"height\":512,\"caption\":\"Capsinol\"},\"image\":{\"@id\":\"https:\\\/\\\/capsinol.com\\\/de\\\/#\\\/schema\\\/logo\\\/image\\\/\"},\"sameAs\":[\"https:\\\/\\\/www.facebook.com\\\/capsinol\"]}]}<\/script>\n<!-- \/ Yoast SEO plugin. -->","yoast_head_json":{"title":"Datenschutzerkl\u00e4rung - Capsinol Nasenspray","description":"Capsinol respektiert die Privatsph\u00e4re aller Benutzer seiner Website und stellt sicher, dass die von Ihnen bereitgestellten personenbezogenen Daten vertraulich behandelt werden. Wir verwenden Ihre Daten, um Bestellungen so schnell und einfach wie m\u00f6glich abzuwickeln. Im \u00dcbrigen verwenden wir diese Informationen nur mit Ihrer Zustimmung. Capsinol wird Ihre personenbezogenen Daten nicht an Dritte verkaufen und nur zur Abwicklung Ihrer Bestellung verwenden.","robots":{"index":"noindex","follow":"nofollow"},"og_locale":"de_DE","og_type":"article","og_title":"Datenschutzerkl\u00e4rung - Capsinol Nasenspray","og_description":"Capsinol respektiert die Privatsph\u00e4re aller Benutzer seiner Website und stellt sicher, dass die von Ihnen bereitgestellten personenbezogenen Daten vertraulich behandelt werden. Wir verwenden Ihre Daten, um Bestellungen so schnell und einfach wie m\u00f6glich abzuwickeln. Im \u00dcbrigen verwenden wir diese Informationen nur mit Ihrer Zustimmung. Capsinol wird Ihre personenbezogenen Daten nicht an Dritte verkaufen und nur zur Abwicklung Ihrer Bestellung verwenden.","og_url":"https:\/\/capsinol.com\/de\/datenschutzerklaerung\/","og_site_name":"Capsinol Nasenspray","article_publisher":"https:\/\/www.facebook.com\/capsinol","article_modified_time":"2022-11-25T10:49:48+00:00","og_image":[{"width":1024,"height":372,"url":"https:\/\/capsinol.com\/wp-content\/uploads\/2016\/07\/1703-leaderboard-website-lente.jpg","type":"image\/jpeg"}],"twitter_card":"summary_large_image","twitter_misc":{"Est. reading time":"2 minutes"},"schema":{"@context":"https:\/\/schema.org","@graph":[{"@type":"WebPage","@id":"https:\/\/capsinol.com\/de\/datenschutzerklaerung\/","url":"https:\/\/capsinol.com\/de\/datenschutzerklaerung\/","name":"Datenschutzerkl\u00e4rung - Capsinol Nasenspray","isPartOf":{"@id":"https:\/\/capsinol.com\/de\/#website"},"datePublished":"2016-08-11T10:06:07+00:00","dateModified":"2022-11-25T10:49:48+00:00","description":"Capsinol respektiert die Privatsph\u00e4re aller Benutzer seiner Website und stellt sicher, dass die von Ihnen bereitgestellten personenbezogenen Daten vertraulich behandelt werden. Wir verwenden Ihre Daten, um Bestellungen so schnell und einfach wie m\u00f6glich abzuwickeln. Im \u00dcbrigen verwenden wir diese Informationen nur mit Ihrer Zustimmung. Capsinol wird Ihre personenbezogenen Daten nicht an Dritte verkaufen und nur zur Abwicklung Ihrer Bestellung verwenden.","breadcrumb":{"@id":"https:\/\/capsinol.com\/de\/datenschutzerklaerung\/#breadcrumb"},"inLanguage":"de-DE","potentialAction":[{"@type":"ReadAction","target":["https:\/\/capsinol.com\/de\/datenschutzerklaerung\/"]}]},{"@type":"BreadcrumbList","@id":"https:\/\/capsinol.com\/de\/datenschutzerklaerung\/#breadcrumb","itemListElement":[{"@type":"ListItem","position":1,"name":"Home","item":"https:\/\/capsinol.com\/de\/"},{"@type":"ListItem","position":2,"name":"Datenschutzerkl\u00e4rung"}]},{"@type":"WebSite","@id":"https:\/\/capsinol.com\/de\/#website","url":"https:\/\/capsinol.com\/de\/","name":"Capsinol neusspray","description":"Natuurlijke neusspray","publisher":{"@id":"https:\/\/capsinol.com\/de\/#organization"},"potentialAction":[{"@type":"SearchAction","target":{"@type":"EntryPoint","urlTemplate":"https:\/\/capsinol.com\/de\/?s={search_term_string}"},"query-input":{"@type":"PropertyValueSpecification","valueRequired":true,"valueName":"search_term_string"}}],"inLanguage":"de-DE"},{"@type":"Organization","@id":"https:\/\/capsinol.com\/de\/#organization","name":"Capsinol","url":"https:\/\/capsinol.com\/de\/","logo":{"@type":"ImageObject","inLanguage":"de-DE","@id":"https:\/\/capsinol.com\/de\/#\/schema\/logo\/image\/","url":"https:\/\/i0.wp.com\/capsinol.com\/wp-content\/uploads\/2016\/09\/cropped-logo-capsinol.png?fit=512%2C512&ssl=1","contentUrl":"https:\/\/i0.wp.com\/capsinol.com\/wp-content\/uploads\/2016\/09\/cropped-logo-capsinol.png?fit=512%2C512&ssl=1","width":512,"height":512,"caption":"Capsinol"},"image":{"@id":"https:\/\/capsinol.com\/de\/#\/schema\/logo\/image\/"},"sameAs":["https:\/\/www.facebook.com\/capsinol"]}]}},"_links":{"self":[{"href":"https:\/\/capsinol.com\/de\/wp-json\/wp\/v2\/pages\/582","targetHints":{"allow":["GET"]}}],"collection":[{"href":"https:\/\/capsinol.com\/de\/wp-json\/wp\/v2\/pages"}],"about":[{"href":"https:\/\/capsinol.com\/de\/wp-json\/wp\/v2\/types\/page"}],"author":[{"embeddable":true,"href":"https:\/\/capsinol.com\/de\/wp-json\/wp\/v2\/users\/2510"}],"replies":[{"embeddable":true,"href":"https:\/\/capsinol.com\/de\/wp-json\/wp\/v2\/comments?post=582"}],"version-history":[{"count":21,"href":"https:\/\/capsinol.com\/de\/wp-json\/wp\/v2\/pages\/582\/revisions"}],"predecessor-version":[{"id":40089,"href":"https:\/\/capsinol.com\/de\/wp-json\/wp\/v2\/pages\/582\/revisions\/40089"}],"wp:attachment":[{"href":"https:\/\/capsinol.com\/de\/wp-json\/wp\/v2\/media?parent=582"}],"curies":[{"name":"wp","href":"https:\/\/api.w.org\/{rel}","templated":true}]}}