{"id":904,"date":"2016-07-07T17:25:17","date_gmt":"2016-07-07T15:25:17","guid":{"rendered":"http:\/\/capsinol.com\/de\/?post_type=product&#038;p=904"},"modified":"2025-05-13T13:40:49","modified_gmt":"2025-05-13T11:40:49","slug":"mild-formel","status":"publish","type":"product","link":"https:\/\/capsinol.com\/de\/produkt\/mild-formel\/","title":{"rendered":"Capsinol milde Formel"},"content":{"rendered":"<p>[et_pb_section fb_built=&#8221;1&#8243; _builder_version=&#8221;4.16&#8243; custom_padding=&#8221;0px||||false|false&#8221; global_colors_info=&#8221;{}&#8221;][et_pb_row _builder_version=&#8221;4.16&#8243; background_size=&#8221;initial&#8221; background_position=&#8221;top_left&#8221; background_repeat=&#8221;repeat&#8221; width=&#8221;100%&#8221; custom_padding=&#8221;0px||0px||false|false&#8221; global_colors_info=&#8221;{}&#8221;][et_pb_column type=&#8221;4_4&#8243; _builder_version=&#8221;4.16&#8243; custom_padding=&#8221;|||&#8221; global_colors_info=&#8221;{}&#8221; custom_padding__hover=&#8221;|||&#8221;][et_pb_wc_breadcrumb _builder_version=&#8221;4.16&#8243; global_colors_info=&#8221;{}&#8221;][\/et_pb_wc_breadcrumb][et_pb_wc_cart_notice _builder_version=&#8221;4.16&#8243; global_colors_info=&#8221;{}&#8221;][\/et_pb_wc_cart_notice][\/et_pb_column][\/et_pb_row][et_pb_row column_structure=&#8221;1_2,1_2&#8243; _builder_version=&#8221;4.16&#8243; background_size=&#8221;initial&#8221; background_position=&#8221;top_left&#8221; background_repeat=&#8221;repeat&#8221; width=&#8221;100%&#8221; custom_padding=&#8221;0px||||false|false&#8221; global_colors_info=&#8221;{}&#8221;][et_pb_column type=&#8221;1_2&#8243; _builder_version=&#8221;4.16&#8243; custom_padding=&#8221;|||&#8221; global_colors_info=&#8221;{}&#8221; custom_padding__hover=&#8221;|||&#8221;][et_pb_wc_images _builder_version=&#8221;4.16&#8243; global_colors_info=&#8221;{}&#8221;][\/et_pb_wc_images][\/et_pb_column][et_pb_column type=&#8221;1_2&#8243; _builder_version=&#8221;4.16&#8243; custom_padding=&#8221;|||&#8221; global_colors_info=&#8221;{}&#8221; custom_padding__hover=&#8221;|||&#8221;][et_pb_wc_title _builder_version=&#8221;4.16&#8243; global_colors_info=&#8221;{}&#8221;][\/et_pb_wc_title][et_pb_wc_rating _builder_version=&#8221;4.16&#8243; global_colors_info=&#8221;{}&#8221;][\/et_pb_wc_rating][et_pb_wc_price _builder_version=&#8221;4.16&#8243; global_colors_info=&#8221;{}&#8221;][\/et_pb_wc_price][et_pb_wc_description _builder_version=&#8221;4.16&#8243; global_colors_info=&#8221;{}&#8221;][\/et_pb_wc_description][et_pb_wc_add_to_cart _builder_version=&#8221;4.16&#8243; global_colors_info=&#8221;{}&#8221;][\/et_pb_wc_add_to_cart][et_pb_wc_meta _builder_version=&#8221;4.16&#8243; global_colors_info=&#8221;{}&#8221;][\/et_pb_wc_meta][\/et_pb_column][\/et_pb_row][et_pb_row _builder_version=&#8221;4.16&#8243; background_size=&#8221;initial&#8221; background_position=&#8221;top_left&#8221; background_repeat=&#8221;repeat&#8221; width=&#8221;100%&#8221; global_colors_info=&#8221;{}&#8221;][et_pb_column type=&#8221;4_4&#8243; _builder_version=&#8221;4.16&#8243; custom_padding=&#8221;|||&#8221; global_colors_info=&#8221;{}&#8221; custom_padding__hover=&#8221;|||&#8221;][et_pb_wc_tabs include_tabs_last_edited=&#8221;off|desktop&#8221; _builder_version=&#8221;4.21.0&#8243; global_colors_info=&#8221;{}&#8221; include_tabs__hover_enabled=&#8221;off|desktop&#8221;]\t\t\t\t\t[\/et_pb_wc_tabs][et_pb_wc_upsells _builder_version=&#8221;4.16&#8243; global_colors_info=&#8221;{}&#8221;][\/et_pb_wc_upsells][et_pb_wc_related_products _builder_version=&#8221;4.16&#8243; global_colors_info=&#8221;{}&#8221;][\/et_pb_wc_related_products][\/et_pb_column][\/et_pb_row][\/et_pb_section]<\/p>\n","protected":false},"excerpt":{"rendered":"<p>Capsinol Mild Formula ist ein nat\u00fcrliches Nasenspray auf Basis von rotem Pfeffer.<\/p>\n<p>Das w\u00fcrzige Gef\u00fchl der Paprika h\u00e4lt einige Sekunden an und l\u00e4sst (gew\u00f6hnungsbedingt) bei regelm\u00e4\u00dfiger Anwendung nach. Die Wirkung des Capsaicins l\u00e4sst nicht nach, es ist sogar konstruktiv.<\/p>\n<p>Wir empfehlen daher, das Nasenspray \u00fcber einen l\u00e4ngeren Zeitraum, mindestens 2 Wochen, dreimal t\u00e4glich f\u00fcr gute Ergebnisse zu verwenden.<\/p>\n<p>Diese milde Formel wird vom unerfahrenen Capsinol-Anwender oft als angenehmer empfunden, da die Intensit\u00e4t des Pfeffers weniger stark ist als bei der Originalformel.<\/p>\n<p>Die milde Formel enth\u00e4lt auch Mutterkraut. Diese Formel ist w\u00e4hrend der Schwangerschaft und Stillzeit aufgrund der Zugabe von Mutterkraut nicht geeignet.<\/p>\n","protected":false},"featured_media":53726,"comment_status":"open","ping_status":"closed","template":"","meta":{"_acf_changed":false,"_et_pb_use_builder":"on","_et_pb_old_content":"<strong>Zutaten<\/strong>\nNatriumchlorid (1,1%), Xylitol (1,1%), Eukalyptus globulus Blatt Tinktur, Capsicum annuum Tinktur (enth\u00e4lt Capsaicin), Mutterkraut, Kaliumsorbat (Konservierungsmittel).\n\n<strong>Versenden:<\/strong>\n<ul>\n \t<li>Innerhalb der Niederlande \u20ac4,50 - kostenlos bei einer Bestellung von 3 Flaschen oder mehr.<\/li>\n \t<li>Innerhalb Europas: \u20ac 6,50 pro Bestellung<\/li>\n \t<li>Au\u00dferhalb Europas oder in EU-L\u00e4nder mit weniger zuverl\u00e4ssigem Postdienst: \u20ac 14,50 pro Bestellung (wird eingeschrieben versendet).<\/li>\n<\/ul>\n<em>Ber\u00fccksichtigen Sie bei Bestellungen au\u00dferhalb der Niederlande (innerhalb der EU) eine Lieferzeit von 3-8 Werktagen.<\/em>","_et_gb_content_width":""},"product_brand":[],"product_cat":[19],"product_tag":[85,153,154],"class_list":{"0":"post-904","1":"product","2":"type-product","3":"status-publish","4":"has-post-thumbnail","6":"product_cat-nasenspray","7":"product_tag-capsinol-neusspray-de","8":"product_tag-heuschnupfen-de","9":"product_tag-milde-formel","11":"first","12":"instock","13":"taxable","14":"shipping-taxable","15":"purchasable","16":"product-type-simple"},"acf":[],"yoast_head":"<!-- This site is optimized with the Yoast SEO plugin v27.4 - https:\/\/yoast.com\/product\/yoast-seo-wordpress\/ -->\n<title>Milde Formel - Capsinol Nasenspray<\/title>\n<meta name=\"description\" content=\"Capsinol Mild Formula ist ein wirksames nat\u00fcrliches Nasenspray, das f\u00fcr Anf\u00e4nger geeignet ist. Auch bei Heuschnupfen (wegen Mutterkraut) geeignet.\" \/>\n<meta name=\"robots\" content=\"index, follow, max-snippet:-1, max-image-preview:large, max-video-preview:-1\" \/>\n<link rel=\"canonical\" href=\"https:\/\/capsinol.com\/de\/produkt\/mild-formel\/\" \/>\n<meta property=\"og:locale\" content=\"de_DE\" \/>\n<meta property=\"og:type\" content=\"article\" \/>\n<meta property=\"og:title\" content=\"Milde Formel - Capsinol Nasenspray\" \/>\n<meta property=\"og:description\" content=\"Capsinol Mild Formula ist ein wirksames nat\u00fcrliches Nasenspray, das f\u00fcr Anf\u00e4nger geeignet ist. Auch bei Heuschnupfen (wegen Mutterkraut) geeignet.\" \/>\n<meta property=\"og:url\" content=\"https:\/\/capsinol.com\/de\/produkt\/mild-formel\/\" \/>\n<meta property=\"og:site_name\" content=\"Capsinol Nasenspray\" \/>\n<meta property=\"article:publisher\" content=\"https:\/\/www.facebook.com\/capsinol\" \/>\n<meta property=\"article:modified_time\" content=\"2025-05-13T11:40:49+00:00\" \/>\n<meta property=\"og:image\" content=\"https:\/\/capsinol.com\/wp-content\/uploads\/2016\/07\/Capsinol_Mild_NL.png\" \/>\n\t<meta property=\"og:image:width\" content=\"1030\" \/>\n\t<meta property=\"og:image:height\" content=\"1030\" \/>\n\t<meta property=\"og:image:type\" content=\"image\/png\" \/>\n<meta name=\"twitter:card\" content=\"summary_large_image\" \/>\n<meta name=\"twitter:label1\" content=\"Est. reading time\" \/>\n\t<meta name=\"twitter:data1\" content=\"1 minute\" \/>\n<script type=\"application\/ld+json\" class=\"yoast-schema-graph\">{\"@context\":\"https:\\\/\\\/schema.org\",\"@graph\":[{\"@type\":\"WebPage\",\"@id\":\"https:\\\/\\\/capsinol.com\\\/de\\\/produkt\\\/mild-formel\\\/\",\"url\":\"https:\\\/\\\/capsinol.com\\\/de\\\/produkt\\\/mild-formel\\\/\",\"name\":\"Milde Formel - Capsinol Nasenspray\",\"isPartOf\":{\"@id\":\"https:\\\/\\\/capsinol.com\\\/de\\\/#website\"},\"primaryImageOfPage\":{\"@id\":\"https:\\\/\\\/capsinol.com\\\/de\\\/produkt\\\/mild-formel\\\/#primaryimage\"},\"image\":{\"@id\":\"https:\\\/\\\/capsinol.com\\\/de\\\/produkt\\\/mild-formel\\\/#primaryimage\"},\"thumbnailUrl\":\"https:\\\/\\\/capsinol.com\\\/wp-content\\\/uploads\\\/2016\\\/07\\\/Capsinol_Mild_NL.png\",\"datePublished\":\"2016-07-07T15:25:17+00:00\",\"dateModified\":\"2025-05-13T11:40:49+00:00\",\"description\":\"Capsinol Mild Formula ist ein wirksames nat\u00fcrliches Nasenspray, das f\u00fcr Anf\u00e4nger geeignet ist. Auch bei Heuschnupfen (wegen Mutterkraut) geeignet.\",\"breadcrumb\":{\"@id\":\"https:\\\/\\\/capsinol.com\\\/de\\\/produkt\\\/mild-formel\\\/#breadcrumb\"},\"inLanguage\":\"de-DE\",\"potentialAction\":[{\"@type\":\"ReadAction\",\"target\":[\"https:\\\/\\\/capsinol.com\\\/de\\\/produkt\\\/mild-formel\\\/\"]}]},{\"@type\":\"ImageObject\",\"inLanguage\":\"de-DE\",\"@id\":\"https:\\\/\\\/capsinol.com\\\/de\\\/produkt\\\/mild-formel\\\/#primaryimage\",\"url\":\"https:\\\/\\\/capsinol.com\\\/wp-content\\\/uploads\\\/2016\\\/07\\\/Capsinol_Mild_NL.png\",\"contentUrl\":\"https:\\\/\\\/capsinol.com\\\/wp-content\\\/uploads\\\/2016\\\/07\\\/Capsinol_Mild_NL.png\",\"width\":1030,\"height\":1030,\"caption\":\"ProductPagina WooCommerce\"},{\"@type\":\"BreadcrumbList\",\"@id\":\"https:\\\/\\\/capsinol.com\\\/de\\\/produkt\\\/mild-formel\\\/#breadcrumb\",\"itemListElement\":[{\"@type\":\"ListItem\",\"position\":1,\"name\":\"Home\",\"item\":\"https:\\\/\\\/capsinol.com\\\/de\\\/\"},{\"@type\":\"ListItem\",\"position\":2,\"name\":\"Angebot\",\"item\":\"https:\\\/\\\/capsinol.com\\\/de\\\/angebot\\\/\"},{\"@type\":\"ListItem\",\"position\":3,\"name\":\"Capsinol milde Formel\"}]},{\"@type\":\"WebSite\",\"@id\":\"https:\\\/\\\/capsinol.com\\\/de\\\/#website\",\"url\":\"https:\\\/\\\/capsinol.com\\\/de\\\/\",\"name\":\"Capsinol neusspray\",\"description\":\"Natuurlijke neusspray\",\"publisher\":{\"@id\":\"https:\\\/\\\/capsinol.com\\\/de\\\/#organization\"},\"potentialAction\":[{\"@type\":\"SearchAction\",\"target\":{\"@type\":\"EntryPoint\",\"urlTemplate\":\"https:\\\/\\\/capsinol.com\\\/de\\\/?s={search_term_string}\"},\"query-input\":{\"@type\":\"PropertyValueSpecification\",\"valueRequired\":true,\"valueName\":\"search_term_string\"}}],\"inLanguage\":\"de-DE\"},{\"@type\":\"Organization\",\"@id\":\"https:\\\/\\\/capsinol.com\\\/de\\\/#organization\",\"name\":\"Capsinol\",\"url\":\"https:\\\/\\\/capsinol.com\\\/de\\\/\",\"logo\":{\"@type\":\"ImageObject\",\"inLanguage\":\"de-DE\",\"@id\":\"https:\\\/\\\/capsinol.com\\\/de\\\/#\\\/schema\\\/logo\\\/image\\\/\",\"url\":\"https:\\\/\\\/i0.wp.com\\\/capsinol.com\\\/wp-content\\\/uploads\\\/2016\\\/09\\\/cropped-logo-capsinol.png?fit=512%2C512&ssl=1\",\"contentUrl\":\"https:\\\/\\\/i0.wp.com\\\/capsinol.com\\\/wp-content\\\/uploads\\\/2016\\\/09\\\/cropped-logo-capsinol.png?fit=512%2C512&ssl=1\",\"width\":512,\"height\":512,\"caption\":\"Capsinol\"},\"image\":{\"@id\":\"https:\\\/\\\/capsinol.com\\\/de\\\/#\\\/schema\\\/logo\\\/image\\\/\"},\"sameAs\":[\"https:\\\/\\\/www.facebook.com\\\/capsinol\"]}]}<\/script>\n<!-- \/ Yoast SEO plugin. -->","yoast_head_json":{"title":"Milde Formel - Capsinol Nasenspray","description":"Capsinol Mild Formula ist ein wirksames nat\u00fcrliches Nasenspray, das f\u00fcr Anf\u00e4nger geeignet ist. Auch bei Heuschnupfen (wegen Mutterkraut) geeignet.","robots":{"index":"index","follow":"follow","max-snippet":"max-snippet:-1","max-image-preview":"max-image-preview:large","max-video-preview":"max-video-preview:-1"},"canonical":"https:\/\/capsinol.com\/de\/produkt\/mild-formel\/","og_locale":"de_DE","og_type":"article","og_title":"Milde Formel - Capsinol Nasenspray","og_description":"Capsinol Mild Formula ist ein wirksames nat\u00fcrliches Nasenspray, das f\u00fcr Anf\u00e4nger geeignet ist. Auch bei Heuschnupfen (wegen Mutterkraut) geeignet.","og_url":"https:\/\/capsinol.com\/de\/produkt\/mild-formel\/","og_site_name":"Capsinol Nasenspray","article_publisher":"https:\/\/www.facebook.com\/capsinol","article_modified_time":"2025-05-13T11:40:49+00:00","og_image":[{"width":1030,"height":1030,"url":"https:\/\/capsinol.com\/wp-content\/uploads\/2016\/07\/Capsinol_Mild_NL.png","type":"image\/png"}],"twitter_card":"summary_large_image","twitter_misc":{"Est. reading time":"1 minute"},"schema":{"@context":"https:\/\/schema.org","@graph":[{"@type":"WebPage","@id":"https:\/\/capsinol.com\/de\/produkt\/mild-formel\/","url":"https:\/\/capsinol.com\/de\/produkt\/mild-formel\/","name":"Milde Formel - Capsinol Nasenspray","isPartOf":{"@id":"https:\/\/capsinol.com\/de\/#website"},"primaryImageOfPage":{"@id":"https:\/\/capsinol.com\/de\/produkt\/mild-formel\/#primaryimage"},"image":{"@id":"https:\/\/capsinol.com\/de\/produkt\/mild-formel\/#primaryimage"},"thumbnailUrl":"https:\/\/capsinol.com\/wp-content\/uploads\/2016\/07\/Capsinol_Mild_NL.png","datePublished":"2016-07-07T15:25:17+00:00","dateModified":"2025-05-13T11:40:49+00:00","description":"Capsinol Mild Formula ist ein wirksames nat\u00fcrliches Nasenspray, das f\u00fcr Anf\u00e4nger geeignet ist. Auch bei Heuschnupfen (wegen Mutterkraut) geeignet.","breadcrumb":{"@id":"https:\/\/capsinol.com\/de\/produkt\/mild-formel\/#breadcrumb"},"inLanguage":"de-DE","potentialAction":[{"@type":"ReadAction","target":["https:\/\/capsinol.com\/de\/produkt\/mild-formel\/"]}]},{"@type":"ImageObject","inLanguage":"de-DE","@id":"https:\/\/capsinol.com\/de\/produkt\/mild-formel\/#primaryimage","url":"https:\/\/capsinol.com\/wp-content\/uploads\/2016\/07\/Capsinol_Mild_NL.png","contentUrl":"https:\/\/capsinol.com\/wp-content\/uploads\/2016\/07\/Capsinol_Mild_NL.png","width":1030,"height":1030,"caption":"ProductPagina WooCommerce"},{"@type":"BreadcrumbList","@id":"https:\/\/capsinol.com\/de\/produkt\/mild-formel\/#breadcrumb","itemListElement":[{"@type":"ListItem","position":1,"name":"Home","item":"https:\/\/capsinol.com\/de\/"},{"@type":"ListItem","position":2,"name":"Angebot","item":"https:\/\/capsinol.com\/de\/angebot\/"},{"@type":"ListItem","position":3,"name":"Capsinol milde Formel"}]},{"@type":"WebSite","@id":"https:\/\/capsinol.com\/de\/#website","url":"https:\/\/capsinol.com\/de\/","name":"Capsinol neusspray","description":"Natuurlijke neusspray","publisher":{"@id":"https:\/\/capsinol.com\/de\/#organization"},"potentialAction":[{"@type":"SearchAction","target":{"@type":"EntryPoint","urlTemplate":"https:\/\/capsinol.com\/de\/?s={search_term_string}"},"query-input":{"@type":"PropertyValueSpecification","valueRequired":true,"valueName":"search_term_string"}}],"inLanguage":"de-DE"},{"@type":"Organization","@id":"https:\/\/capsinol.com\/de\/#organization","name":"Capsinol","url":"https:\/\/capsinol.com\/de\/","logo":{"@type":"ImageObject","inLanguage":"de-DE","@id":"https:\/\/capsinol.com\/de\/#\/schema\/logo\/image\/","url":"https:\/\/i0.wp.com\/capsinol.com\/wp-content\/uploads\/2016\/09\/cropped-logo-capsinol.png?fit=512%2C512&ssl=1","contentUrl":"https:\/\/i0.wp.com\/capsinol.com\/wp-content\/uploads\/2016\/09\/cropped-logo-capsinol.png?fit=512%2C512&ssl=1","width":512,"height":512,"caption":"Capsinol"},"image":{"@id":"https:\/\/capsinol.com\/de\/#\/schema\/logo\/image\/"},"sameAs":["https:\/\/www.facebook.com\/capsinol"]}]}},"_links":{"self":[{"href":"https:\/\/capsinol.com\/de\/wp-json\/wp\/v2\/product\/904","targetHints":{"allow":["GET"]}}],"collection":[{"href":"https:\/\/capsinol.com\/de\/wp-json\/wp\/v2\/product"}],"about":[{"href":"https:\/\/capsinol.com\/de\/wp-json\/wp\/v2\/types\/product"}],"replies":[{"embeddable":true,"href":"https:\/\/capsinol.com\/de\/wp-json\/wp\/v2\/comments?post=904"}],"wp:featuredmedia":[{"embeddable":true,"href":"https:\/\/capsinol.com\/de\/wp-json\/wp\/v2\/media\/53726"}],"wp:attachment":[{"href":"https:\/\/capsinol.com\/de\/wp-json\/wp\/v2\/media?parent=904"}],"wp:term":[{"taxonomy":"product_brand","embeddable":true,"href":"https:\/\/capsinol.com\/de\/wp-json\/wp\/v2\/product_brand?post=904"},{"taxonomy":"product_cat","embeddable":true,"href":"https:\/\/capsinol.com\/de\/wp-json\/wp\/v2\/product_cat?post=904"},{"taxonomy":"product_tag","embeddable":true,"href":"https:\/\/capsinol.com\/de\/wp-json\/wp\/v2\/product_tag?post=904"}],"curies":[{"name":"wp","href":"https:\/\/api.w.org\/{rel}","templated":true}]}}